{"id":1398,"date":"2020-01-30T11:07:00","date_gmt":"2020-01-30T09:07:00","guid":{"rendered":"https:\/\/kauppa.isokirja.fi\/?post_type=product&#038;p=1398"},"modified":"2024-02-05T19:34:08","modified_gmt":"2024-02-05T17:34:08","slug":"neste-ralli-2020-luhtiaitta-mokki","status":"publish","type":"product","link":"https:\/\/kauppa.isokirja.fi\/en\/tuote\/neste-ralli-2020-luhtiaitta-mokki\/","title":{"rendered":"Neste Ralli 2020 \/ Luhtiaitta-m\u00f6kki"},"content":{"rendered":"<p>Neste Ralli 6. &#8211; 9.8. (to-su).<\/p>\n<p>Koivula-m\u00f6kki 3hl\u00f6<br \/>\nM\u00f6kiss\u00e4 oma WC<br \/>\nEi sis\u00e4ll\u00e4 liinavaatteita &#8211; liinavaatteet erikseen ostettuna 12\u20ac setti (lakana+tyynyliina+pyyheliina).<\/p>\n<ul>\n<li>Minimivaraus on 3 vuorokautta to-su.<\/li>\n<li>Mahdollisia lis\u00e4p\u00e4ivi\u00e4 tai lis\u00e4patjoja voi tiedustella erikseen.<\/li>\n<\/ul>\n<p>Peruutukset:<\/p>\n<p>Peruutus tulee tehd\u00e4 14 vuorokauden kuluessa tilauksen vastaanottamisesta kuitenkin viimeist\u00e4\u00e4n 14 p\u00e4iv\u00e4\u00e4 ennen tapahtuman alkamista, mink\u00e4 j\u00e4lkeen tuotteilla ei ole palautus- tai peruutusoikeutta.<\/p>\n<ul>\n<li style=\"list-style-type: none;\">\n<ul>\n<li>Maksu palautetaan asiakkaan ilmoittamalle tilille.<\/li>\n<\/ul>\n<\/li>\n<\/ul>\n","protected":false},"excerpt":{"rendered":"<p>M\u00f6kki hyvien liikenneyhteyksien p\u00e4\u00e4ss\u00e4 erikoiskokeista. Keuruulta p\u00e4\u00e4set k\u00e4tev\u00e4sti l\u00e4hell\u00e4 oleville erikoiskokeille Jyv\u00e4skyl\u00e4n, J\u00e4ms\u00e4n ja P\u00e4ij\u00e4l\u00e4n suuntaan.<\/p>\n<p>Luhtiaitta-m\u00f6kki 3hl\u00f6<\/p>\n<p>6. &#8211; 9.8. (to-su)<\/p>\n<p>M\u00f6kiss\u00e4 WC<\/p>\n<p>Ei sis\u00e4ll\u00e4 liinavaatteita.<\/p>\n<p>Mahdollisia vapaita lis\u00e4p\u00e4ivi\u00e4 majoituksen alkuviikoksi voi tiedustella erikseen.<\/p>\n<p>Lemmikkimaksu 15\u20ac\/lemmikki\/m\u00f6kkivaraus.<\/p>\n","protected":false},"featured_media":1394,"template":"","meta":{"site-sidebar-layout":"default","site-content-layout":"default","ast-site-content-layout":"default","site-content-style":"default","site-sidebar-style":"default","ast-global-header-display":"","ast-banner-title-visibility":"","ast-main-header-display":"","ast-hfb-above-header-display":"","ast-hfb-below-header-display":"","ast-hfb-mobile-header-display":"","site-post-title":"","ast-breadcrumbs-content":"","ast-featured-img":"","footer-sml-layout":"","ast-disable-related-posts":"","theme-transparent-header-meta":"default","adv-header-id-meta":"","stick-header-meta":"","header-above-stick-meta":"","header-main-stick-meta":"","header-below-stick-meta":"","astra-migrate-meta-layouts":"default","ast-page-background-enabled":"default","ast-page-background-meta":{"desktop":{"background-color":"","background-image":"","background-repeat":"repeat","background-position":"center center","background-size":"auto","background-attachment":"scroll","background-type":"","background-media":"","overlay-type":"","overlay-color":"","overlay-opacity":"","overlay-gradient":""},"tablet":{"background-color":"","background-image":"","background-repeat":"repeat","background-position":"center center","background-size":"auto","background-attachment":"scroll","background-type":"","background-media":"","overlay-type":"","overlay-color":"","overlay-opacity":"","overlay-gradient":""},"mobile":{"background-color":"","background-image":"","background-repeat":"repeat","background-position":"center center","background-size":"auto","background-attachment":"scroll","background-type":"","background-media":"","overlay-type":"","overlay-color":"","overlay-opacity":"","overlay-gradient":""}},"ast-content-background-meta":{"desktop":{"background-color":"var(--ast-global-color-5)","background-image":"","background-repeat":"repeat","background-position":"center center","background-size":"auto","background-attachment":"scroll","background-type":"","background-media":"","overlay-type":"","overlay-color":"","overlay-opacity":"","overlay-gradient":""},"tablet":{"background-color":"var(--ast-global-color-5)","background-image":"","background-repeat":"repeat","background-position":"center center","background-size":"auto","background-attachment":"scroll","background-type":"","background-media":"","overlay-type":"","overlay-color":"","overlay-opacity":"","overlay-gradient":""},"mobile":{"background-color":"var(--ast-global-color-5)","background-image":"","background-repeat":"repeat","background-position":"center center","background-size":"auto","background-attachment":"scroll","background-type":"","background-media":"","overlay-type":"","overlay-color":"","overlay-opacity":"","overlay-gradient":""}}},"product_brand":[],"product_cat":[60],"product_tag":[77,73,84,85,83,90,82,91,79,58,86,74,80,71,70,88,87],"class_list":{"0":"post-1398","1":"product","2":"type-product","3":"status-publish","4":"has-post-thumbnail","6":"product_cat-neste-ralli-2020-majoitus","7":"product_tag-77","8":"product_tag-cottage","9":"product_tag-finland","10":"product_tag-huone","11":"product_tag-jamsa","12":"product_tag-jarvi","13":"product_tag-keuruu","14":"product_tag-lake","15":"product_tag-loma","16":"product_tag-majoitus","17":"product_tag-myynti","18":"product_tag-mokki","19":"product_tag-mokkiloma","20":"product_tag-ralli","21":"product_tag-rally","22":"product_tag-rent","23":"product_tag-vuokraus","24":"desktop-align-left","25":"tablet-align-left","26":"mobile-align-left","27":"ast-product-gallery-layout-vertical","28":"ast-product-gallery-with-no-image","29":"ast-product-tabs-layout-horizontal","30":"ast-qv-on-image","32":"first","33":"outofstock","34":"taxable","35":"shipping-taxable","36":"purchasable","37":"product-type-simple"},"_links":{"self":[{"href":"https:\/\/kauppa.isokirja.fi\/en\/wp-json\/wp\/v2\/product\/1398","targetHints":{"allow":["GET"]}}],"collection":[{"href":"https:\/\/kauppa.isokirja.fi\/en\/wp-json\/wp\/v2\/product"}],"about":[{"href":"https:\/\/kauppa.isokirja.fi\/en\/wp-json\/wp\/v2\/types\/product"}],"wp:featuredmedia":[{"embeddable":true,"href":"https:\/\/kauppa.isokirja.fi\/en\/wp-json\/wp\/v2\/media\/1394"}],"wp:attachment":[{"href":"https:\/\/kauppa.isokirja.fi\/en\/wp-json\/wp\/v2\/media?parent=1398"}],"wp:term":[{"taxonomy":"product_brand","embeddable":true,"href":"https:\/\/kauppa.isokirja.fi\/en\/wp-json\/wp\/v2\/product_brand?post=1398"},{"taxonomy":"product_cat","embeddable":true,"href":"https:\/\/kauppa.isokirja.fi\/en\/wp-json\/wp\/v2\/product_cat?post=1398"},{"taxonomy":"product_tag","embeddable":true,"href":"https:\/\/kauppa.isokirja.fi\/en\/wp-json\/wp\/v2\/product_tag?post=1398"}],"curies":[{"name":"wp","href":"https:\/\/api.w.org\/{rel}","templated":true}]}}