{"id":1415,"date":"2020-02-10T11:26:28","date_gmt":"2020-02-10T09:26:28","guid":{"rendered":"https:\/\/kauppa.isokirja.fi\/?post_type=product&#038;p=1415"},"modified":"2021-07-22T10:17:00","modified_gmt":"2021-07-22T07:17:00","slug":"retro-70s-80s-1-2-8-2020-ohjelma-ja-ateriapaketti","status":"publish","type":"product","link":"https:\/\/kauppa.isokirja.fi\/en\/tuote\/retro-70s-80s-1-2-8-2020-ohjelma-ja-ateriapaketti\/","title":{"rendered":"Retro 70s-80s 7.-8.8.2021 Ohjelma ja ateriapaketti"},"content":{"rendered":"<h2>Retro<\/h2>\n<h6>1970 tai 80-luvulla nuoruuttaan el\u00e4neiden helluntainuorten kokoontuminen 7.-8.8.2021<\/h6>\n<h6><\/h6>\n<h6>Hinta 99\u20ac \/ henkil\u00f6, 1.-31.7.2021<\/h6>\n<p>Hinta 129e\/ henkil\u00f6, paikan p\u00e4\u00e4st\u00e4 ostettuna<\/p>\n<p>&nbsp;<\/p>\n<p>Retro -ranneke sis\u00e4lt\u00e4\u00e4 ohjelman ja ateriapaketin la-su. Ei voi ostaa yksitt\u00e4ist\u00e4 tilaisuutta tai konserttia.<\/p>\n<p>Ranneke l\u00e4hetet\u00e4\u00e4n sinulle viikolla 29. Jos tied\u00e4t, ett\u00e4 posti ei tavoita sinua, ilmoita meille, niin saat rannekkeesi tullessasi Isoon Kirjaan.<\/p>\n<p>Retron ohjelman ja tarvittavan infon l\u00f6yd\u00e4t nettisivuiltamme: https:\/\/www.ikopisto.fi\/retro<\/p>\n<p>Mik\u00e4li Covid-19 m\u00e4\u00e4r\u00e4ykset est\u00e4v\u00e4t Retron toteutumisen, palautamme rahasi.<\/p>\n<p>Osoite: Iso Kirja -opisto, Heikkil\u00e4ntie 177, 42700 Keuruu<\/p>\n<p>Lis\u00e4tietoja: seminaarisihteeri@isokirja.fi<\/p>\n<div><\/div>\n<div><\/div>\n","protected":false},"excerpt":{"rendered":"<h2>Retro 7.-8.8.2021<\/h2>\n<h6><\/h6>\n<h6>Retro -ranneke<\/h6>\n<h6>Hinta 99\u20ac \/ henkil\u00f6, 1.-31.7.2021<\/h6>\n<p>Hinta 129e\/ henkil\u00f6, paikan p\u00e4\u00e4st\u00e4 ostettuna<\/p>\n<p><strong>Sis\u00e4lt\u00e4\u00e4 ohjelman ja ateriapaketin la-su<br \/>\n<\/strong><\/p>\n<p>Maksun suoritettuasi tilausvahvistus l\u00e4hetet\u00e4\u00e4n antamaasi s\u00e4hk\u00f6postiin (tarkista my\u00f6s roskaposti). Tilausvahvistuksen yhteydess\u00e4 saat kanavavalintalinkin, jonka kautta p\u00e4\u00e4set valitsemaan haluamasi kanavan. Kanaviin rajoitettu osallistujam\u00e4\u00e4r\u00e4. Tutustu kanaviin t\u00e4st\u00e4: <a href=\"http:\/\/www.ikopisto.fi\/retrokanavat\">www.ikopisto.fi\/retrokanavat<\/a><\/p>\n<h5><strong>HUOM! Ilmoita mahdolliset ruoka-aineallergiat maksuvaiheessa kommenttikentt\u00e4\u00e4n!<\/strong><\/h5>\n","protected":false},"featured_media":1391,"template":"","meta":{"site-sidebar-layout":"default","site-content-layout":"default","ast-site-content-layout":"default","site-content-style":"default","site-sidebar-style":"default","ast-global-header-display":"","ast-banner-title-visibility":"","ast-main-header-display":"","ast-hfb-above-header-display":"","ast-hfb-below-header-display":"","ast-hfb-mobile-header-display":"","site-post-title":"","ast-breadcrumbs-content":"","ast-featured-img":"","footer-sml-layout":"","ast-disable-related-posts":"","theme-transparent-header-meta":"default","adv-header-id-meta":"","stick-header-meta":"","header-above-stick-meta":"","header-main-stick-meta":"","header-below-stick-meta":"","astra-migrate-meta-layouts":"default","ast-page-background-enabled":"default","ast-page-background-meta":{"desktop":{"background-color":"","background-image":"","background-repeat":"repeat","background-position":"center center","background-size":"auto","background-attachment":"scroll","background-type":"","background-media":"","overlay-type":"","overlay-color":"","overlay-opacity":"","overlay-gradient":""},"tablet":{"background-color":"","background-image":"","background-repeat":"repeat","background-position":"center center","background-size":"auto","background-attachment":"scroll","background-type":"","background-media":"","overlay-type":"","overlay-color":"","overlay-opacity":"","overlay-gradient":""},"mobile":{"background-color":"","background-image":"","background-repeat":"repeat","background-position":"center center","background-size":"auto","background-attachment":"scroll","background-type":"","background-media":"","overlay-type":"","overlay-color":"","overlay-opacity":"","overlay-gradient":""}},"ast-content-background-meta":{"desktop":{"background-color":"var(--ast-global-color-5)","background-image":"","background-repeat":"repeat","background-position":"center center","background-size":"auto","background-attachment":"scroll","background-type":"","background-media":"","overlay-type":"","overlay-color":"","overlay-opacity":"","overlay-gradient":""},"tablet":{"background-color":"var(--ast-global-color-5)","background-image":"","background-repeat":"repeat","background-position":"center center","background-size":"auto","background-attachment":"scroll","background-type":"","background-media":"","overlay-type":"","overlay-color":"","overlay-opacity":"","overlay-gradient":""},"mobile":{"background-color":"var(--ast-global-color-5)","background-image":"","background-repeat":"repeat","background-position":"center center","background-size":"auto","background-attachment":"scroll","background-type":"","background-media":"","overlay-type":"","overlay-color":"","overlay-opacity":"","overlay-gradient":""}}},"product_brand":[],"product_cat":[68],"product_tag":[75],"class_list":{"0":"post-1415","1":"product","2":"type-product","3":"status-publish","4":"has-post-thumbnail","6":"product_cat-retro-70s-80s-festari","7":"product_tag-retro","8":"product_shipping_class-nouto","9":"desktop-align-left","10":"tablet-align-left","11":"mobile-align-left","12":"ast-product-gallery-layout-vertical","13":"ast-product-gallery-with-no-image","14":"ast-product-tabs-layout-horizontal","15":"ast-qv-on-image","17":"first","18":"outofstock","19":"purchasable","20":"product-type-simple"},"_links":{"self":[{"href":"https:\/\/kauppa.isokirja.fi\/en\/wp-json\/wp\/v2\/product\/1415","targetHints":{"allow":["GET"]}}],"collection":[{"href":"https:\/\/kauppa.isokirja.fi\/en\/wp-json\/wp\/v2\/product"}],"about":[{"href":"https:\/\/kauppa.isokirja.fi\/en\/wp-json\/wp\/v2\/types\/product"}],"wp:featuredmedia":[{"embeddable":true,"href":"https:\/\/kauppa.isokirja.fi\/en\/wp-json\/wp\/v2\/media\/1391"}],"wp:attachment":[{"href":"https:\/\/kauppa.isokirja.fi\/en\/wp-json\/wp\/v2\/media?parent=1415"}],"wp:term":[{"taxonomy":"product_brand","embeddable":true,"href":"https:\/\/kauppa.isokirja.fi\/en\/wp-json\/wp\/v2\/product_brand?post=1415"},{"taxonomy":"product_cat","embeddable":true,"href":"https:\/\/kauppa.isokirja.fi\/en\/wp-json\/wp\/v2\/product_cat?post=1415"},{"taxonomy":"product_tag","embeddable":true,"href":"https:\/\/kauppa.isokirja.fi\/en\/wp-json\/wp\/v2\/product_tag?post=1415"}],"curies":[{"name":"wp","href":"https:\/\/api.w.org\/{rel}","templated":true}]}}