{"id":1644,"date":"2020-05-15T15:26:57","date_gmt":"2020-05-15T12:26:57","guid":{"rendered":"https:\/\/kauppa.isokirja.fi\/?post_type=product&#038;p=1644"},"modified":"2022-09-20T11:35:22","modified_gmt":"2022-09-20T08:35:22","slug":"ison-kirjan-toiminnan-tukeminen-50e","status":"publish","type":"product","link":"https:\/\/kauppa.isokirja.fi\/en\/tuote\/ison-kirjan-toiminnan-tukeminen-50e\/","title":{"rendered":"Ison Kirjan toiminnan tukeminen 50\u20ac"},"content":{"rendered":"<p><img fetchpriority=\"high\" decoding=\"async\" class=\"alignnone size-medium wp-image-1643\" src=\"https:\/\/kauppa.isokirja.fi\/wp-content\/uploads\/2020\/05\/YC-action-300x200.jpg\" alt=\"\" width=\"300\" height=\"200\" srcset=\"https:\/\/kauppa.isokirja.fi\/wp-content\/uploads\/2020\/05\/YC-action-300x200.jpg 300w, https:\/\/kauppa.isokirja.fi\/wp-content\/uploads\/2020\/05\/YC-action-1024x681.jpg 1024w, https:\/\/kauppa.isokirja.fi\/wp-content\/uploads\/2020\/05\/YC-action-768x511.jpg 768w, https:\/\/kauppa.isokirja.fi\/wp-content\/uploads\/2020\/05\/YC-action-1536x1022.jpg 1536w, https:\/\/kauppa.isokirja.fi\/wp-content\/uploads\/2020\/05\/YC-action-2048x1363.jpg 2048w, https:\/\/kauppa.isokirja.fi\/wp-content\/uploads\/2020\/05\/YC-action-450x299.jpg 450w, https:\/\/kauppa.isokirja.fi\/wp-content\/uploads\/2020\/05\/YC-action-600x399.jpg 600w\" sizes=\"(max-width: 300px) 100vw, 300px\" \/><\/p>\n","protected":false},"excerpt":{"rendered":"<p><strong>Rahanker\u00e4ysluvan saaja:<\/strong> Iso Kirja ry<br \/>\n<strong>Luvan numero:<\/strong> RA\/2019\/569<br \/>\n<strong>Rahanker\u00e4ysluvan my\u00f6nt\u00e4j\u00e4:<\/strong> Poliisihallitus 2.7.2019.<br \/>\n<strong>Toimeenpanoaika ja -alue:<\/strong> Lupa on voimassa 01.01.2020\u201331.12.2024 koko Suomen alueella Ahvenanmaata lukuun ottamatta.<\/p>\n","protected":false},"featured_media":1643,"template":"","meta":{"site-sidebar-layout":"default","site-content-layout":"default","ast-site-content-layout":"default","site-content-style":"default","site-sidebar-style":"default","ast-global-header-display":"","ast-banner-title-visibility":"","ast-main-header-display":"","ast-hfb-above-header-display":"","ast-hfb-below-header-display":"","ast-hfb-mobile-header-display":"","site-post-title":"","ast-breadcrumbs-content":"","ast-featured-img":"","footer-sml-layout":"","ast-disable-related-posts":"","theme-transparent-header-meta":"default","adv-header-id-meta":"","stick-header-meta":"","header-above-stick-meta":"","header-main-stick-meta":"","header-below-stick-meta":"","astra-migrate-meta-layouts":"default","ast-page-background-enabled":"default","ast-page-background-meta":{"desktop":{"background-color":"","background-image":"","background-repeat":"repeat","background-position":"center center","background-size":"auto","background-attachment":"scroll","background-type":"","background-media":"","overlay-type":"","overlay-color":"","overlay-opacity":"","overlay-gradient":""},"tablet":{"background-color":"","background-image":"","background-repeat":"repeat","background-position":"center center","background-size":"auto","background-attachment":"scroll","background-type":"","background-media":"","overlay-type":"","overlay-color":"","overlay-opacity":"","overlay-gradient":""},"mobile":{"background-color":"","background-image":"","background-repeat":"repeat","background-position":"center center","background-size":"auto","background-attachment":"scroll","background-type":"","background-media":"","overlay-type":"","overlay-color":"","overlay-opacity":"","overlay-gradient":""}},"ast-content-background-meta":{"desktop":{"background-color":"var(--ast-global-color-5)","background-image":"","background-repeat":"repeat","background-position":"center center","background-size":"auto","background-attachment":"scroll","background-type":"","background-media":"","overlay-type":"","overlay-color":"","overlay-opacity":"","overlay-gradient":""},"tablet":{"background-color":"var(--ast-global-color-5)","background-image":"","background-repeat":"repeat","background-position":"center center","background-size":"auto","background-attachment":"scroll","background-type":"","background-media":"","overlay-type":"","overlay-color":"","overlay-opacity":"","overlay-gradient":""},"mobile":{"background-color":"var(--ast-global-color-5)","background-image":"","background-repeat":"repeat","background-position":"center center","background-size":"auto","background-attachment":"scroll","background-type":"","background-media":"","overlay-type":"","overlay-color":"","overlay-opacity":"","overlay-gradient":""}}},"product_brand":[],"product_cat":[95],"product_tag":[],"class_list":{"0":"post-1644","1":"product","2":"type-product","3":"status-publish","4":"has-post-thumbnail","6":"product_cat-lahjoitus","7":"desktop-align-left","8":"tablet-align-left","9":"mobile-align-left","10":"ast-product-gallery-layout-vertical","11":"ast-product-gallery-with-no-image","12":"ast-product-tabs-layout-horizontal","13":"ast-qv-on-image","15":"first","16":"outofstock","17":"purchasable","18":"product-type-simple"},"_links":{"self":[{"href":"https:\/\/kauppa.isokirja.fi\/en\/wp-json\/wp\/v2\/product\/1644","targetHints":{"allow":["GET"]}}],"collection":[{"href":"https:\/\/kauppa.isokirja.fi\/en\/wp-json\/wp\/v2\/product"}],"about":[{"href":"https:\/\/kauppa.isokirja.fi\/en\/wp-json\/wp\/v2\/types\/product"}],"wp:featuredmedia":[{"embeddable":true,"href":"https:\/\/kauppa.isokirja.fi\/en\/wp-json\/wp\/v2\/media\/1643"}],"wp:attachment":[{"href":"https:\/\/kauppa.isokirja.fi\/en\/wp-json\/wp\/v2\/media?parent=1644"}],"wp:term":[{"taxonomy":"product_brand","embeddable":true,"href":"https:\/\/kauppa.isokirja.fi\/en\/wp-json\/wp\/v2\/product_brand?post=1644"},{"taxonomy":"product_cat","embeddable":true,"href":"https:\/\/kauppa.isokirja.fi\/en\/wp-json\/wp\/v2\/product_cat?post=1644"},{"taxonomy":"product_tag","embeddable":true,"href":"https:\/\/kauppa.isokirja.fi\/en\/wp-json\/wp\/v2\/product_tag?post=1644"}],"curies":[{"name":"wp","href":"https:\/\/api.w.org\/{rel}","templated":true}]}}