{"id":1653,"date":"2020-06-05T12:52:36","date_gmt":"2020-06-05T09:52:36","guid":{"rendered":"https:\/\/kauppa.isokirja.fi\/?post_type=product&#038;p=1653"},"modified":"2022-08-10T11:22:15","modified_gmt":"2022-08-10T08:22:15","slug":"lahetysletut","status":"publish","type":"product","link":"https:\/\/kauppa.isokirja.fi\/en\/tuote\/lahetysletut\/","title":{"rendered":"L\u00e4hetysletut &#8211; virtuaalituote"},"content":{"rendered":"<div class=\"image-title-wrapper\">\n<div class=\"image-title sqs-dynamic-text\" data-width-percentage=\"11.3\">\n<p class=\"\"><span style=\"font-size: 16px;\">Mik\u00e4 olisikaan perinteisempi tapa juhlistaa Juhannusta kuin nauttia lettua hillolla ja j\u00e4tskipallolla? Suuntaat siis L\u00e4hetyslettuteltalle!<\/span><\/p>\n<\/div>\n<\/div>\n<div class=\"image-subtitle-wrapper\">\n<div class=\"image-subtitle sqs-dynamic-text\" data-width-percentage=\"11.3\">\n<p class=\"\">Jonon pituus ei yll\u00e4t\u00e4, koska tied\u00e4t, ett\u00e4 l\u00e4hetysletut ovat verrattomia! Jonossa tapaat yll\u00e4tt\u00e4en vanhan tuttusi vuosien takaa ja ehditte sopivasti vaihtaa kuulumiset. P\u00e4\u00e4dyt tarjoamaan h\u00e4nellekin letun vanhojen hyvien aikojen kunniaksi!<\/p>\n<\/div>\n<\/div>\n<p>Huom. VIRTUAALINEN TUOTE VARAINKERUUTA VARTEN<\/p>\n<p>&nbsp;<\/p>\n<p>Rahanker\u00e4ysluvan saaja: Iso Kirja ry<br \/>\nLuvan numero: RA\/2019\/569<br \/>\nRahanker\u00e4ysluvan my\u00f6nt\u00e4j\u00e4: Poliisihallitus 2.7.2019.<br \/>\nToimeenpanoaika ja -alue: Lupa on voimassa 01.01.2020\u201331.12.2024 koko Suomen alueella Ahvenanmaata lukuun ottamatta.<\/p>\n","protected":false},"excerpt":{"rendered":"<div class=\"image-title-wrapper\">\n<div class=\"image-title sqs-dynamic-text\" data-width-percentage=\"11.3\">\n<p class=\"\"><span style=\"font-size: 16px;\">Mik\u00e4 olisikaan perinteisempi tapa juhlistaa Juhannusta kuin nauttia lettua hillolla ja j\u00e4tskipallolla? Suuntaat siis L\u00e4hetyslettuteltalle!<\/span><\/p>\n<\/div>\n<\/div>\n<div class=\"image-subtitle-wrapper\">\n<div class=\"image-subtitle sqs-dynamic-text\" data-width-percentage=\"11.3\">\n<p class=\"\">Jonon pituus ei yll\u00e4t\u00e4, koska tied\u00e4t, ett\u00e4 l\u00e4hetysletut ovat verrattomia! Jonossa tapaat yll\u00e4tt\u00e4en vanhan tuttusi vuosien takaa ja ehditte sopivasti vaihtaa kuulumiset. P\u00e4\u00e4dyt tarjoamaan h\u00e4nellekin letun vanhojen hyvien aikojen kunniaksi!<\/p>\n<\/div>\n<\/div>\n<p>Huom. VIRTUAALINEN TUOTE VARAINKERUUTA VARTEN<\/p>\n","protected":false},"featured_media":3356,"template":"","meta":{"site-sidebar-layout":"default","site-content-layout":"default","ast-site-content-layout":"default","site-content-style":"default","site-sidebar-style":"default","ast-global-header-display":"","ast-banner-title-visibility":"","ast-main-header-display":"","ast-hfb-above-header-display":"","ast-hfb-below-header-display":"","ast-hfb-mobile-header-display":"","site-post-title":"","ast-breadcrumbs-content":"","ast-featured-img":"","footer-sml-layout":"","ast-disable-related-posts":"","theme-transparent-header-meta":"default","adv-header-id-meta":"","stick-header-meta":"","header-above-stick-meta":"","header-main-stick-meta":"","header-below-stick-meta":"","astra-migrate-meta-layouts":"default","ast-page-background-enabled":"default","ast-page-background-meta":{"desktop":{"background-color":"","background-image":"","background-repeat":"repeat","background-position":"center center","background-size":"auto","background-attachment":"scroll","background-type":"","background-media":"","overlay-type":"","overlay-color":"","overlay-opacity":"","overlay-gradient":""},"tablet":{"background-color":"","background-image":"","background-repeat":"repeat","background-position":"center center","background-size":"auto","background-attachment":"scroll","background-type":"","background-media":"","overlay-type":"","overlay-color":"","overlay-opacity":"","overlay-gradient":""},"mobile":{"background-color":"","background-image":"","background-repeat":"repeat","background-position":"center center","background-size":"auto","background-attachment":"scroll","background-type":"","background-media":"","overlay-type":"","overlay-color":"","overlay-opacity":"","overlay-gradient":""}},"ast-content-background-meta":{"desktop":{"background-color":"var(--ast-global-color-5)","background-image":"","background-repeat":"repeat","background-position":"center center","background-size":"auto","background-attachment":"scroll","background-type":"","background-media":"","overlay-type":"","overlay-color":"","overlay-opacity":"","overlay-gradient":""},"tablet":{"background-color":"var(--ast-global-color-5)","background-image":"","background-repeat":"repeat","background-position":"center center","background-size":"auto","background-attachment":"scroll","background-type":"","background-media":"","overlay-type":"","overlay-color":"","overlay-opacity":"","overlay-gradient":""},"mobile":{"background-color":"var(--ast-global-color-5)","background-image":"","background-repeat":"repeat","background-position":"center center","background-size":"auto","background-attachment":"scroll","background-type":"","background-media":"","overlay-type":"","overlay-color":"","overlay-opacity":"","overlay-gradient":""}}},"product_brand":[],"product_cat":[96],"product_tag":[149,97,150],"class_list":{"0":"post-1653","1":"product","2":"type-product","3":"status-publish","4":"has-post-thumbnail","6":"product_cat-virtuaaliset-tuotteet","7":"product_tag-juhannuskonferenssi","8":"product_tag-lahetysletut","9":"product_tag-virtuaalituote","10":"desktop-align-left","11":"tablet-align-left","12":"mobile-align-left","13":"ast-product-gallery-layout-vertical","14":"ast-product-gallery-with-no-image","15":"ast-product-tabs-layout-horizontal","16":"ast-qv-on-image","18":"first","19":"outofstock","20":"virtual","21":"purchasable","22":"product-type-simple"},"_links":{"self":[{"href":"https:\/\/kauppa.isokirja.fi\/en\/wp-json\/wp\/v2\/product\/1653","targetHints":{"allow":["GET"]}}],"collection":[{"href":"https:\/\/kauppa.isokirja.fi\/en\/wp-json\/wp\/v2\/product"}],"about":[{"href":"https:\/\/kauppa.isokirja.fi\/en\/wp-json\/wp\/v2\/types\/product"}],"wp:featuredmedia":[{"embeddable":true,"href":"https:\/\/kauppa.isokirja.fi\/en\/wp-json\/wp\/v2\/media\/3356"}],"wp:attachment":[{"href":"https:\/\/kauppa.isokirja.fi\/en\/wp-json\/wp\/v2\/media?parent=1653"}],"wp:term":[{"taxonomy":"product_brand","embeddable":true,"href":"https:\/\/kauppa.isokirja.fi\/en\/wp-json\/wp\/v2\/product_brand?post=1653"},{"taxonomy":"product_cat","embeddable":true,"href":"https:\/\/kauppa.isokirja.fi\/en\/wp-json\/wp\/v2\/product_cat?post=1653"},{"taxonomy":"product_tag","embeddable":true,"href":"https:\/\/kauppa.isokirja.fi\/en\/wp-json\/wp\/v2\/product_tag?post=1653"}],"curies":[{"name":"wp","href":"https:\/\/api.w.org\/{rel}","templated":true}]}}