{"id":1654,"date":"2020-06-05T12:51:49","date_gmt":"2020-06-05T09:51:49","guid":{"rendered":"https:\/\/kauppa.isokirja.fi\/?post_type=product&#038;p=1654"},"modified":"2023-05-25T03:05:45","modified_gmt":"2023-05-25T00:05:45","slug":"basaarin-makkara","status":"publish","type":"product","link":"https:\/\/kauppa.isokirja.fi\/en\/tuote\/basaarin-makkara\/","title":{"rendered":"Basaarin makkara &#8211; virtuaalituote"},"content":{"rendered":"<p class=\"min-font-set\">Iltajuhlan puheen aikana vatsasi alkaa kurnia niin kovasti, ett\u00e4 edess\u00e4 istuva pariskunta k\u00e4\u00e4ntyy naureskellen katsomaan, ett\u00e4 mik\u00e4 moottori sel\u00e4n takana oikein k\u00e4ynnistyy. Puolisokin yritt\u00e4\u00e4 pid\u00e4tt\u00e4\u00e4 nauruaan painamalla p\u00e4\u00e4ns\u00e4 syliss\u00e4 olevaan takkiinsa. Lapset katsovat h\u00e4mmentynein\u00e4 omien v\u00e4ritysteht\u00e4viens\u00e4 lomasta, mit\u00e4 is\u00e4 ja \u00e4iti oikein touhuavat.<\/p>\n<p class=\"\">Iltajuhlan j\u00e4lkeen kiirehditte suoraan basaarille hakemaan koko perheelle makkarat, jotta pahin n\u00e4lk\u00e4 sel\u00e4tet\u00e4\u00e4n. Ilta on l\u00e4mmin, vaikka aurinko alkaakin jo laskea.<\/p>\n<p>&nbsp;<\/p>\n<p>Huom. VIRTUAALINEN TUOTE VARAINKERUUTA VARTEN<\/p>\n<p>&nbsp;<\/p>\n<p>Rahanker\u00e4ysluvan saaja: Iso Kirja ry<br \/>\nLuvan numero: RA\/2019\/569<br \/>\nRahanker\u00e4ysluvan my\u00f6nt\u00e4j\u00e4: Poliisihallitus 2.7.2019.<br \/>\nToimeenpanoaika ja -alue: Lupa on voimassa 01.01.2020\u201331.12.2024 koko Suomen alueella Ahvenanmaata lukuun ottamatta.<\/p>\n","protected":false},"excerpt":{"rendered":"<p class=\"min-font-set\">Iltajuhlan puheen aikana vatsasi alkaa kurnia niin kovasti, ett\u00e4 edess\u00e4 istuva pariskunta k\u00e4\u00e4ntyy naureskellen katsomaan, ett\u00e4 mik\u00e4 moottori sel\u00e4n takana oikein k\u00e4ynnistyy. Puolisokin yritt\u00e4\u00e4 pid\u00e4tt\u00e4\u00e4 nauruaan painamalla p\u00e4\u00e4ns\u00e4 syliss\u00e4 olevaan takkiinsa. Lapset katsovat h\u00e4mmentynein\u00e4 omien v\u00e4ritysteht\u00e4viens\u00e4 lomasta, mit\u00e4 is\u00e4 ja \u00e4iti oikein touhuavat.<\/p>\n<p class=\"\">Iltajuhlan j\u00e4lkeen kiirehditte suoraan basaarille hakemaan koko perheelle makkarat, jotta pahin n\u00e4lk\u00e4 sel\u00e4tet\u00e4\u00e4n. Ilta on l\u00e4mmin, vaikka aurinko alkaakin jo laskea.<\/p>\n<p>&nbsp;<\/p>\n<p>Huom. VIRTUAALINEN TUOTE VARAINKERUUTA VARTEN<\/p>\n","protected":false},"featured_media":3358,"template":"","meta":{"site-sidebar-layout":"default","site-content-layout":"default","ast-site-content-layout":"default","site-content-style":"default","site-sidebar-style":"default","ast-global-header-display":"","ast-banner-title-visibility":"","ast-main-header-display":"","ast-hfb-above-header-display":"","ast-hfb-below-header-display":"","ast-hfb-mobile-header-display":"","site-post-title":"","ast-breadcrumbs-content":"","ast-featured-img":"","footer-sml-layout":"","ast-disable-related-posts":"","theme-transparent-header-meta":"default","adv-header-id-meta":"","stick-header-meta":"","header-above-stick-meta":"","header-main-stick-meta":"","header-below-stick-meta":"","astra-migrate-meta-layouts":"default","ast-page-background-enabled":"default","ast-page-background-meta":{"desktop":{"background-color":"","background-image":"","background-repeat":"repeat","background-position":"center center","background-size":"auto","background-attachment":"scroll","background-type":"","background-media":"","overlay-type":"","overlay-color":"","overlay-opacity":"","overlay-gradient":""},"tablet":{"background-color":"","background-image":"","background-repeat":"repeat","background-position":"center center","background-size":"auto","background-attachment":"scroll","background-type":"","background-media":"","overlay-type":"","overlay-color":"","overlay-opacity":"","overlay-gradient":""},"mobile":{"background-color":"","background-image":"","background-repeat":"repeat","background-position":"center center","background-size":"auto","background-attachment":"scroll","background-type":"","background-media":"","overlay-type":"","overlay-color":"","overlay-opacity":"","overlay-gradient":""}},"ast-content-background-meta":{"desktop":{"background-color":"var(--ast-global-color-5)","background-image":"","background-repeat":"repeat","background-position":"center center","background-size":"auto","background-attachment":"scroll","background-type":"","background-media":"","overlay-type":"","overlay-color":"","overlay-opacity":"","overlay-gradient":""},"tablet":{"background-color":"var(--ast-global-color-5)","background-image":"","background-repeat":"repeat","background-position":"center center","background-size":"auto","background-attachment":"scroll","background-type":"","background-media":"","overlay-type":"","overlay-color":"","overlay-opacity":"","overlay-gradient":""},"mobile":{"background-color":"var(--ast-global-color-5)","background-image":"","background-repeat":"repeat","background-position":"center center","background-size":"auto","background-attachment":"scroll","background-type":"","background-media":"","overlay-type":"","overlay-color":"","overlay-opacity":"","overlay-gradient":""}}},"product_brand":[],"product_cat":[96],"product_tag":[99,149,100,150],"class_list":{"0":"post-1654","1":"product","2":"type-product","3":"status-publish","4":"has-post-thumbnail","6":"product_cat-virtuaaliset-tuotteet","7":"product_tag-basaari","8":"product_tag-juhannuskonferenssi","9":"product_tag-makkara","10":"product_tag-virtuaalituote","11":"desktop-align-left","12":"tablet-align-left","13":"mobile-align-left","14":"ast-product-gallery-layout-vertical","15":"ast-product-gallery-with-no-image","16":"ast-product-tabs-layout-horizontal","17":"ast-qv-on-image","19":"first","20":"outofstock","21":"virtual","22":"purchasable","23":"product-type-simple"},"_links":{"self":[{"href":"https:\/\/kauppa.isokirja.fi\/en\/wp-json\/wp\/v2\/product\/1654","targetHints":{"allow":["GET"]}}],"collection":[{"href":"https:\/\/kauppa.isokirja.fi\/en\/wp-json\/wp\/v2\/product"}],"about":[{"href":"https:\/\/kauppa.isokirja.fi\/en\/wp-json\/wp\/v2\/types\/product"}],"wp:featuredmedia":[{"embeddable":true,"href":"https:\/\/kauppa.isokirja.fi\/en\/wp-json\/wp\/v2\/media\/3358"}],"wp:attachment":[{"href":"https:\/\/kauppa.isokirja.fi\/en\/wp-json\/wp\/v2\/media?parent=1654"}],"wp:term":[{"taxonomy":"product_brand","embeddable":true,"href":"https:\/\/kauppa.isokirja.fi\/en\/wp-json\/wp\/v2\/product_brand?post=1654"},{"taxonomy":"product_cat","embeddable":true,"href":"https:\/\/kauppa.isokirja.fi\/en\/wp-json\/wp\/v2\/product_cat?post=1654"},{"taxonomy":"product_tag","embeddable":true,"href":"https:\/\/kauppa.isokirja.fi\/en\/wp-json\/wp\/v2\/product_tag?post=1654"}],"curies":[{"name":"wp","href":"https:\/\/api.w.org\/{rel}","templated":true}]}}