{"id":1656,"date":"2020-06-05T13:16:40","date_gmt":"2020-06-05T10:16:40","guid":{"rendered":"https:\/\/kauppa.isokirja.fi\/?post_type=product&#038;p=1656"},"modified":"2024-07-05T15:27:39","modified_gmt":"2024-07-05T12:27:39","slug":"aamupuuro","status":"publish","type":"product","link":"https:\/\/kauppa.isokirja.fi\/en\/tuote\/aamupuuro\/","title":{"rendered":"Puuroteltan aamupuuro &#8211; virtuaalituote"},"content":{"rendered":"<div id=\"yui_3_17_2_1_1651044975465_1606618\" class=\"sqs-dd-invalid-handle yui3-widget sqs-html image-title-wrapper\">\n<div id=\"yui_3_17_2_1_1651044975465_1606620\" class=\"sqs-html-content image-title sqs-dynamic-text\" data-width-percentage=\"10.6\">\n<p class=\"min-font-set\"><span style=\"font-size: 16px;\">Olette t\u00e4n\u00e4 vuonna nelj\u00e4tt\u00e4 kertaa per\u00e4kk\u00e4in j\u00e4rjestyksenvalvojia konffassa ja t\u00e4n\u00e4 vuonna yksi y\u00f6vuorokin osui kohdalle. Y\u00f6vuoron p\u00e4\u00e4tteeksi p\u00e4\u00e4t\u00e4tte puuroteltan avauduttua menn\u00e4 sy\u00f6m\u00e4\u00e4n aamupuurot, ettei n\u00e4lk\u00e4isen\u00e4 tarvitse menn\u00e4 nukkumaan. Tarjoudut my\u00f6s maksamaan ty\u00f6parisi puuron.<\/span><\/p>\n<\/div>\n<\/div>\n<div id=\"yui_3_17_2_1_1651044975465_1606652\" class=\"sqs-dd-invalid-handle yui3-widget sqs-html image-subtitle-wrapper\">\n<div id=\"yui_3_17_2_1_1651044975465_1606654\" class=\"sqs-html-content image-subtitle sqs-dynamic-text\" data-width-percentage=\"10.6\">\n<p class=\"\">Vaikka jouluun on viel\u00e4 puoli vuotta aikaa, ostatte kuitenkin riisipuuroa. Intoudutte sy\u00f6misen lomassa keskustelemaan ty\u00f6parin kanssa jouluperinteist\u00e4.<\/p>\n<\/div>\n<\/div>\n<p>Huom. VIRTUAALINEN TUOTE VARAINKERUUTA VARTEN<\/p>\n<p>&nbsp;<\/p>\n<p>Rahanker\u00e4ysluvan saaja: Iso Kirja ry<br \/>\nLuvan numero: RA\/2019\/569<br \/>\nRahanker\u00e4ysluvan my\u00f6nt\u00e4j\u00e4: Poliisihallitus 2.7.2019.<br \/>\nToimeenpanoaika ja -alue: Lupa on voimassa 01.01.2020\u201331.12.2024 koko Suomen alueella Ahvenanmaata lukuun ottamatta.<\/p>\n","protected":false},"excerpt":{"rendered":"<div id=\"yui_3_17_2_1_1651044975465_1606618\" class=\"sqs-dd-invalid-handle yui3-widget sqs-html image-title-wrapper\">\n<div id=\"yui_3_17_2_1_1651044975465_1606620\" class=\"sqs-html-content image-title sqs-dynamic-text\" data-width-percentage=\"10.6\">\n<p class=\"min-font-set\"><span style=\"font-size: 16px;\">Olette t\u00e4n\u00e4 vuonna nelj\u00e4tt\u00e4 kertaa per\u00e4kk\u00e4in j\u00e4rjestyksenvalvojia konffassa ja t\u00e4n\u00e4 vuonna yksi y\u00f6vuorokin osui kohdalle. Y\u00f6vuoron p\u00e4\u00e4tteeksi p\u00e4\u00e4t\u00e4tte puuroteltan avauduttua menn\u00e4 sy\u00f6m\u00e4\u00e4n aamupuurot, ettei n\u00e4lk\u00e4isen\u00e4 tarvitse menn\u00e4 nukkumaan. Tarjoudut my\u00f6s maksamaan ty\u00f6parisi puuron.<\/span><\/p>\n<\/div>\n<\/div>\n<div id=\"yui_3_17_2_1_1651044975465_1606652\" class=\"sqs-dd-invalid-handle yui3-widget sqs-html image-subtitle-wrapper\">\n<div id=\"yui_3_17_2_1_1651044975465_1606654\" class=\"sqs-html-content image-subtitle sqs-dynamic-text\" data-width-percentage=\"10.6\">\n<p class=\"\">Vaikka jouluun on viel\u00e4 puoli vuotta aikaa, ostatte kuitenkin riisipuuroa. Intoudutte sy\u00f6misen lomassa keskustelemaan ty\u00f6parin kanssa jouluperinteist\u00e4.<\/p>\n<\/div>\n<\/div>\n<p>Huom. VIRTUAALINEN TUOTE VARAINKERUUTA VARTEN<\/p>\n","protected":false},"featured_media":3344,"template":"","meta":{"site-sidebar-layout":"default","site-content-layout":"default","ast-site-content-layout":"default","site-content-style":"default","site-sidebar-style":"default","ast-global-header-display":"","ast-banner-title-visibility":"","ast-main-header-display":"","ast-hfb-above-header-display":"","ast-hfb-below-header-display":"","ast-hfb-mobile-header-display":"","site-post-title":"","ast-breadcrumbs-content":"","ast-featured-img":"","footer-sml-layout":"","ast-disable-related-posts":"","theme-transparent-header-meta":"default","adv-header-id-meta":"","stick-header-meta":"","header-above-stick-meta":"","header-main-stick-meta":"","header-below-stick-meta":"","astra-migrate-meta-layouts":"default","ast-page-background-enabled":"default","ast-page-background-meta":{"desktop":{"background-color":"","background-image":"","background-repeat":"repeat","background-position":"center center","background-size":"auto","background-attachment":"scroll","background-type":"","background-media":"","overlay-type":"","overlay-color":"","overlay-opacity":"","overlay-gradient":""},"tablet":{"background-color":"","background-image":"","background-repeat":"repeat","background-position":"center center","background-size":"auto","background-attachment":"scroll","background-type":"","background-media":"","overlay-type":"","overlay-color":"","overlay-opacity":"","overlay-gradient":""},"mobile":{"background-color":"","background-image":"","background-repeat":"repeat","background-position":"center center","background-size":"auto","background-attachment":"scroll","background-type":"","background-media":"","overlay-type":"","overlay-color":"","overlay-opacity":"","overlay-gradient":""}},"ast-content-background-meta":{"desktop":{"background-color":"var(--ast-global-color-5)","background-image":"","background-repeat":"repeat","background-position":"center center","background-size":"auto","background-attachment":"scroll","background-type":"","background-media":"","overlay-type":"","overlay-color":"","overlay-opacity":"","overlay-gradient":""},"tablet":{"background-color":"var(--ast-global-color-5)","background-image":"","background-repeat":"repeat","background-position":"center center","background-size":"auto","background-attachment":"scroll","background-type":"","background-media":"","overlay-type":"","overlay-color":"","overlay-opacity":"","overlay-gradient":""},"mobile":{"background-color":"var(--ast-global-color-5)","background-image":"","background-repeat":"repeat","background-position":"center center","background-size":"auto","background-attachment":"scroll","background-type":"","background-media":"","overlay-type":"","overlay-color":"","overlay-opacity":"","overlay-gradient":""}}},"product_brand":[],"product_cat":[96],"product_tag":[149,104,103,150],"class_list":{"0":"post-1656","1":"product","2":"type-product","3":"status-publish","4":"has-post-thumbnail","6":"product_cat-virtuaaliset-tuotteet","7":"product_tag-juhannuskonferenssi","8":"product_tag-puuro","9":"product_tag-puuroteltta","10":"product_tag-virtuaalituote","11":"desktop-align-left","12":"tablet-align-left","13":"mobile-align-left","14":"ast-product-gallery-layout-vertical","15":"ast-product-gallery-with-no-image","16":"ast-product-tabs-layout-horizontal","17":"ast-qv-on-image","19":"first","20":"outofstock","21":"downloadable","22":"virtual","23":"purchasable","24":"product-type-simple"},"_links":{"self":[{"href":"https:\/\/kauppa.isokirja.fi\/en\/wp-json\/wp\/v2\/product\/1656","targetHints":{"allow":["GET"]}}],"collection":[{"href":"https:\/\/kauppa.isokirja.fi\/en\/wp-json\/wp\/v2\/product"}],"about":[{"href":"https:\/\/kauppa.isokirja.fi\/en\/wp-json\/wp\/v2\/types\/product"}],"wp:featuredmedia":[{"embeddable":true,"href":"https:\/\/kauppa.isokirja.fi\/en\/wp-json\/wp\/v2\/media\/3344"}],"wp:attachment":[{"href":"https:\/\/kauppa.isokirja.fi\/en\/wp-json\/wp\/v2\/media?parent=1656"}],"wp:term":[{"taxonomy":"product_brand","embeddable":true,"href":"https:\/\/kauppa.isokirja.fi\/en\/wp-json\/wp\/v2\/product_brand?post=1656"},{"taxonomy":"product_cat","embeddable":true,"href":"https:\/\/kauppa.isokirja.fi\/en\/wp-json\/wp\/v2\/product_cat?post=1656"},{"taxonomy":"product_tag","embeddable":true,"href":"https:\/\/kauppa.isokirja.fi\/en\/wp-json\/wp\/v2\/product_tag?post=1656"}],"curies":[{"name":"wp","href":"https:\/\/api.w.org\/{rel}","templated":true}]}}