{"id":1661,"date":"2020-06-05T12:59:08","date_gmt":"2020-06-05T09:59:08","guid":{"rendered":"https:\/\/kauppa.isokirja.fi\/?post_type=product&#038;p=1661"},"modified":"2023-05-25T06:46:51","modified_gmt":"2023-05-25T03:46:51","slug":"sateenvarjo","status":"publish","type":"product","link":"https:\/\/kauppa.isokirja.fi\/en\/tuote\/sateenvarjo\/","title":{"rendered":"Sateenvarjo &#8211; virtuaalituote"},"content":{"rendered":"<p class=\"min-font-set\">Mit\u00e4 olisi konferenssi ilman ep\u00e4vakaata s\u00e4\u00e4t\u00e4. Nyt saderintama pyyh\u00e4lt\u00e4\u00e4 alueen ohi. \u00a0Kaivat laukusta oman sateenvarjon, mutta kuinka ollakaan muutama sakara sojottaa aivan v\u00e4\u00e4r\u00e4\u00e4n suuntaan, eik\u00e4 varjo avaudu oikein.<\/p>\n<p class=\"\">P\u00e4\u00e4t\u00e4t ostaa uuden sateenvarjon Ison Kirjan torilta. Palattuasi uuden sateenvarjon kanssa, huomaat kahdella muullakin olleen sama ongelma.<\/p>\n<p>&nbsp;<\/p>\n<p>Huom. VIRTUAALINEN TUOTE VARAINKERUUTA VARTEN<\/p>\n<p>&nbsp;<\/p>\n<p>Rahanker\u00e4ysluvan saaja: Iso Kirja ry<br \/>\nLuvan numero: RA\/2019\/569<br \/>\nRahanker\u00e4ysluvan my\u00f6nt\u00e4j\u00e4: Poliisihallitus 2.7.2019.<br \/>\nToimeenpanoaika ja -alue: Lupa on voimassa 01.01.2020\u201331.12.2024 koko Suomen alueella Ahvenanmaata lukuun ottamatta.<\/p>\n","protected":false},"excerpt":{"rendered":"<p class=\"min-font-set\">Mit\u00e4 olisi konferenssi ilman ep\u00e4vakaata s\u00e4\u00e4t\u00e4. Nyt saderintama pyyh\u00e4lt\u00e4\u00e4 alueen ohi. \u00a0Kaivat laukusta oman sateenvarjon, mutta kuinka ollakaan muutama sakara sojottaa aivan v\u00e4\u00e4r\u00e4\u00e4n suuntaan, eik\u00e4 varjo avaudu oikein.<\/p>\n<p class=\"\">P\u00e4\u00e4t\u00e4t ostaa uuden sateenvarjon Ison Kirjan torilta. Palattuasi uuden sateenvarjon kanssa, huomaat kahdella muullakin olleen sama ongelma.<\/p>\n<p>&nbsp;<\/p>\n<p>Huom. VIRTUAALINEN TUOTE VARAINKERUUTA VARTEN<\/p>\n","protected":false},"featured_media":3350,"template":"","meta":{"site-sidebar-layout":"default","site-content-layout":"default","ast-site-content-layout":"default","site-content-style":"default","site-sidebar-style":"default","ast-global-header-display":"","ast-banner-title-visibility":"","ast-main-header-display":"","ast-hfb-above-header-display":"","ast-hfb-below-header-display":"","ast-hfb-mobile-header-display":"","site-post-title":"","ast-breadcrumbs-content":"","ast-featured-img":"","footer-sml-layout":"","ast-disable-related-posts":"","theme-transparent-header-meta":"default","adv-header-id-meta":"","stick-header-meta":"","header-above-stick-meta":"","header-main-stick-meta":"","header-below-stick-meta":"","astra-migrate-meta-layouts":"default","ast-page-background-enabled":"default","ast-page-background-meta":{"desktop":{"background-color":"","background-image":"","background-repeat":"repeat","background-position":"center center","background-size":"auto","background-attachment":"scroll","background-type":"","background-media":"","overlay-type":"","overlay-color":"","overlay-opacity":"","overlay-gradient":""},"tablet":{"background-color":"","background-image":"","background-repeat":"repeat","background-position":"center center","background-size":"auto","background-attachment":"scroll","background-type":"","background-media":"","overlay-type":"","overlay-color":"","overlay-opacity":"","overlay-gradient":""},"mobile":{"background-color":"","background-image":"","background-repeat":"repeat","background-position":"center center","background-size":"auto","background-attachment":"scroll","background-type":"","background-media":"","overlay-type":"","overlay-color":"","overlay-opacity":"","overlay-gradient":""}},"ast-content-background-meta":{"desktop":{"background-color":"var(--ast-global-color-5)","background-image":"","background-repeat":"repeat","background-position":"center center","background-size":"auto","background-attachment":"scroll","background-type":"","background-media":"","overlay-type":"","overlay-color":"","overlay-opacity":"","overlay-gradient":""},"tablet":{"background-color":"var(--ast-global-color-5)","background-image":"","background-repeat":"repeat","background-position":"center center","background-size":"auto","background-attachment":"scroll","background-type":"","background-media":"","overlay-type":"","overlay-color":"","overlay-opacity":"","overlay-gradient":""},"mobile":{"background-color":"var(--ast-global-color-5)","background-image":"","background-repeat":"repeat","background-position":"center center","background-size":"auto","background-attachment":"scroll","background-type":"","background-media":"","overlay-type":"","overlay-color":"","overlay-opacity":"","overlay-gradient":""}}},"product_brand":[],"product_cat":[96],"product_tag":[149,109,150],"class_list":{"0":"post-1661","1":"product","2":"type-product","3":"status-publish","4":"has-post-thumbnail","6":"product_cat-virtuaaliset-tuotteet","7":"product_tag-juhannuskonferenssi","8":"product_tag-sateenvarjo","9":"product_tag-virtuaalituote","10":"desktop-align-left","11":"tablet-align-left","12":"mobile-align-left","13":"ast-product-gallery-layout-vertical","14":"ast-product-gallery-with-no-image","15":"ast-product-tabs-layout-horizontal","16":"ast-qv-on-image","18":"first","19":"outofstock","20":"virtual","21":"purchasable","22":"product-type-simple"},"_links":{"self":[{"href":"https:\/\/kauppa.isokirja.fi\/en\/wp-json\/wp\/v2\/product\/1661","targetHints":{"allow":["GET"]}}],"collection":[{"href":"https:\/\/kauppa.isokirja.fi\/en\/wp-json\/wp\/v2\/product"}],"about":[{"href":"https:\/\/kauppa.isokirja.fi\/en\/wp-json\/wp\/v2\/types\/product"}],"wp:featuredmedia":[{"embeddable":true,"href":"https:\/\/kauppa.isokirja.fi\/en\/wp-json\/wp\/v2\/media\/3350"}],"wp:attachment":[{"href":"https:\/\/kauppa.isokirja.fi\/en\/wp-json\/wp\/v2\/media?parent=1661"}],"wp:term":[{"taxonomy":"product_brand","embeddable":true,"href":"https:\/\/kauppa.isokirja.fi\/en\/wp-json\/wp\/v2\/product_brand?post=1661"},{"taxonomy":"product_cat","embeddable":true,"href":"https:\/\/kauppa.isokirja.fi\/en\/wp-json\/wp\/v2\/product_cat?post=1661"},{"taxonomy":"product_tag","embeddable":true,"href":"https:\/\/kauppa.isokirja.fi\/en\/wp-json\/wp\/v2\/product_tag?post=1661"}],"curies":[{"name":"wp","href":"https:\/\/api.w.org\/{rel}","templated":true}]}}