{"id":1664,"date":"2020-06-05T13:00:04","date_gmt":"2020-06-05T10:00:04","guid":{"rendered":"https:\/\/kauppa.isokirja.fi\/?post_type=product&#038;p=1664"},"modified":"2022-08-10T11:20:11","modified_gmt":"2022-08-10T08:20:11","slug":"virtuaalinen-asuntoautopaikka","status":"publish","type":"product","link":"https:\/\/kauppa.isokirja.fi\/en\/tuote\/virtuaalinen-asuntoautopaikka\/","title":{"rendered":"Virtuaalinen asuntovaunupaikka &#8211; virtuaalituote"},"content":{"rendered":"<p class=\"min-font-set\">Viikkoa aikaisemmin puunattu asuntovaunu odottaa l\u00e4ht\u00f6\u00e4 kotipihassa. Suunnitelmissanne on juhannuksen j\u00e4lkeen viel\u00e4 suunnata sukuloimaan ja kiert\u00e4m\u00e4\u00e4n Suomea vaunun kanssa.<\/p>\n<p class=\"\">Ilmassa on aitoa suomalaista kes\u00e4lomatunnelmaa!<\/p>\n<p>&nbsp;<\/p>\n<p>Huom. VIRTUAALINEN TUOTE VARAINKERUUTA VARTEN<br \/>\nT\u00e4m\u00e4n tuotteen ostaminen ei oikeuta leiriytymiseen Juhannuskonferenssissa.<\/p>\n<p>&nbsp;<\/p>\n<p>Rahanker\u00e4ysluvan saaja: Iso Kirja ry<br \/>\nLuvan numero: RA\/2019\/569<br \/>\nRahanker\u00e4ysluvan my\u00f6nt\u00e4j\u00e4: Poliisihallitus 2.7.2019.<br \/>\nToimeenpanoaika ja -alue: Lupa on voimassa 01.01.2020\u201331.12.2024 koko Suomen alueella Ahvenanmaata lukuun ottamatta.<\/p>\n","protected":false},"excerpt":{"rendered":"<p class=\"min-font-set\">Viikkoa aikaisemmin puunattu asuntovaunu odottaa l\u00e4ht\u00f6\u00e4 kotipihassa. Suunnitelmissanne on juhannuksen j\u00e4lkeen viel\u00e4 suunnata sukuloimaan ja kiert\u00e4m\u00e4\u00e4n Suomea vaunun kanssa.<\/p>\n<p class=\"\">Ilmassa on aitoa suomalaista kes\u00e4lomatunnelmaa!<\/p>\n<p>&nbsp;<\/p>\n<p>Huom. VIRTUAALINEN TUOTE VARAINKERUUTA VARTEN<br \/>\nT\u00e4m\u00e4n tuotteen ostaminen ei oikeuta leiriytymiseen Juhannuskonferenssissa.<\/p>\n","protected":false},"featured_media":3348,"template":"","meta":{"site-sidebar-layout":"default","site-content-layout":"default","ast-site-content-layout":"default","site-content-style":"default","site-sidebar-style":"default","ast-global-header-display":"","ast-banner-title-visibility":"","ast-main-header-display":"","ast-hfb-above-header-display":"","ast-hfb-below-header-display":"","ast-hfb-mobile-header-display":"","site-post-title":"","ast-breadcrumbs-content":"","ast-featured-img":"","footer-sml-layout":"","ast-disable-related-posts":"","theme-transparent-header-meta":"default","adv-header-id-meta":"","stick-header-meta":"","header-above-stick-meta":"","header-main-stick-meta":"","header-below-stick-meta":"","astra-migrate-meta-layouts":"default","ast-page-background-enabled":"default","ast-page-background-meta":{"desktop":{"background-color":"","background-image":"","background-repeat":"repeat","background-position":"center center","background-size":"auto","background-attachment":"scroll","background-type":"","background-media":"","overlay-type":"","overlay-color":"","overlay-opacity":"","overlay-gradient":""},"tablet":{"background-color":"","background-image":"","background-repeat":"repeat","background-position":"center center","background-size":"auto","background-attachment":"scroll","background-type":"","background-media":"","overlay-type":"","overlay-color":"","overlay-opacity":"","overlay-gradient":""},"mobile":{"background-color":"","background-image":"","background-repeat":"repeat","background-position":"center center","background-size":"auto","background-attachment":"scroll","background-type":"","background-media":"","overlay-type":"","overlay-color":"","overlay-opacity":"","overlay-gradient":""}},"ast-content-background-meta":{"desktop":{"background-color":"var(--ast-global-color-5)","background-image":"","background-repeat":"repeat","background-position":"center center","background-size":"auto","background-attachment":"scroll","background-type":"","background-media":"","overlay-type":"","overlay-color":"","overlay-opacity":"","overlay-gradient":""},"tablet":{"background-color":"var(--ast-global-color-5)","background-image":"","background-repeat":"repeat","background-position":"center center","background-size":"auto","background-attachment":"scroll","background-type":"","background-media":"","overlay-type":"","overlay-color":"","overlay-opacity":"","overlay-gradient":""},"mobile":{"background-color":"var(--ast-global-color-5)","background-image":"","background-repeat":"repeat","background-position":"center center","background-size":"auto","background-attachment":"scroll","background-type":"","background-media":"","overlay-type":"","overlay-color":"","overlay-opacity":"","overlay-gradient":""}}},"product_brand":[],"product_cat":[96],"product_tag":[149,112,150],"class_list":{"0":"post-1664","1":"product","2":"type-product","3":"status-publish","4":"has-post-thumbnail","6":"product_cat-virtuaaliset-tuotteet","7":"product_tag-juhannuskonferenssi","8":"product_tag-virtuaalinen-asuntoautopaikka","9":"product_tag-virtuaalituote","10":"desktop-align-left","11":"tablet-align-left","12":"mobile-align-left","13":"ast-product-gallery-layout-vertical","14":"ast-product-gallery-with-no-image","15":"ast-product-tabs-layout-horizontal","16":"ast-qv-on-image","18":"first","19":"outofstock","20":"downloadable","21":"virtual","22":"purchasable","23":"product-type-simple"},"_links":{"self":[{"href":"https:\/\/kauppa.isokirja.fi\/en\/wp-json\/wp\/v2\/product\/1664","targetHints":{"allow":["GET"]}}],"collection":[{"href":"https:\/\/kauppa.isokirja.fi\/en\/wp-json\/wp\/v2\/product"}],"about":[{"href":"https:\/\/kauppa.isokirja.fi\/en\/wp-json\/wp\/v2\/types\/product"}],"wp:featuredmedia":[{"embeddable":true,"href":"https:\/\/kauppa.isokirja.fi\/en\/wp-json\/wp\/v2\/media\/3348"}],"wp:attachment":[{"href":"https:\/\/kauppa.isokirja.fi\/en\/wp-json\/wp\/v2\/media?parent=1664"}],"wp:term":[{"taxonomy":"product_brand","embeddable":true,"href":"https:\/\/kauppa.isokirja.fi\/en\/wp-json\/wp\/v2\/product_brand?post=1664"},{"taxonomy":"product_cat","embeddable":true,"href":"https:\/\/kauppa.isokirja.fi\/en\/wp-json\/wp\/v2\/product_cat?post=1664"},{"taxonomy":"product_tag","embeddable":true,"href":"https:\/\/kauppa.isokirja.fi\/en\/wp-json\/wp\/v2\/product_tag?post=1664"}],"curies":[{"name":"wp","href":"https:\/\/api.w.org\/{rel}","templated":true}]}}