{"id":1998,"date":"2020-08-10T17:53:22","date_gmt":"2020-08-10T14:53:22","guid":{"rendered":"https:\/\/kauppa.isokirja.fi\/?post_type=product&#038;p=1998"},"modified":"2026-03-24T12:23:25","modified_gmt":"2026-03-24T10:23:25","slug":"talvi-sahko-winter-electricity-kaksi-vrk-two-days","status":"publish","type":"product","link":"https:\/\/kauppa.isokirja.fi\/en\/tuote\/talvi-sahko-winter-electricity-kaksi-vrk-two-days\/","title":{"rendered":"Talvi s\u00e4hk\u00f6 \/ Winter electricity &#8211; kaksi vrk \/ two days"},"content":{"rendered":"<h4><strong>S\u00c4HK\u00d6 1.11.-30.4. <em>Electricity from November 1 to April 30<\/em><\/strong><\/h4>\n<h2 style=\"text-align: left;\">KAKSI VUOROKAUTTA &#8211; <em>two days <\/em>16.10 \u20ac<br \/>\n<span style=\"color: #ff0000;\"><strong>TUOTE EI K\u00c4YT\u00d6SS\u00c4 KES\u00c4AIKANA<\/strong><\/span><\/h2>\n<p><span style=\"color: #ff0000;\">\u00a0<\/span><\/p>\n<h2><\/h2>\n<h4><span style=\"color: #ff0000;\">\u00a0<\/span><\/h4>\n<h4><\/h4>\n<p>&nbsp;<\/p>\n<p>&nbsp;<\/p>\n<p>&nbsp;<\/p>\n<p>&nbsp;<\/p>\n","protected":false},"excerpt":{"rendered":"<p>S\u00c4HK\u00d6 1.11.-30.4. Electricity from November 1 to April 30 KAKSI VUOROKAUTTA &#8211; two days 16.10 \u20ac TUOTE EI K\u00c4YT\u00d6SS\u00c4 KES\u00c4AIKANA \u00a0 \u00a0 &nbsp; &nbsp; &nbsp; &nbsp;<\/p>\n","protected":false},"featured_media":3165,"template":"","meta":{"site-sidebar-layout":"default","site-content-layout":"default","ast-site-content-layout":"default","site-content-style":"default","site-sidebar-style":"default","ast-global-header-display":"","ast-banner-title-visibility":"","ast-main-header-display":"","ast-hfb-above-header-display":"","ast-hfb-below-header-display":"","ast-hfb-mobile-header-display":"","site-post-title":"","ast-breadcrumbs-content":"","ast-featured-img":"","footer-sml-layout":"","ast-disable-related-posts":"","theme-transparent-header-meta":"default","adv-header-id-meta":"","stick-header-meta":"","header-above-stick-meta":"","header-main-stick-meta":"","header-below-stick-meta":"","astra-migrate-meta-layouts":"set","ast-page-background-enabled":"default","ast-page-background-meta":{"desktop":{"background-color":"","background-image":"","background-repeat":"repeat","background-position":"center center","background-size":"auto","background-attachment":"scroll","background-type":"","background-media":"","overlay-type":"","overlay-color":"","overlay-opacity":"","overlay-gradient":""},"tablet":{"background-color":"","background-image":"","background-repeat":"repeat","background-position":"center center","background-size":"auto","background-attachment":"scroll","background-type":"","background-media":"","overlay-type":"","overlay-color":"","overlay-opacity":"","overlay-gradient":""},"mobile":{"background-color":"","background-image":"","background-repeat":"repeat","background-position":"center center","background-size":"auto","background-attachment":"scroll","background-type":"","background-media":"","overlay-type":"","overlay-color":"","overlay-opacity":"","overlay-gradient":""}},"ast-content-background-meta":{"desktop":{"background-color":"var(--ast-global-color-5)","background-image":"","background-repeat":"repeat","background-position":"center center","background-size":"auto","background-attachment":"scroll","background-type":"","background-media":"","overlay-type":"","overlay-color":"","overlay-opacity":"","overlay-gradient":""},"tablet":{"background-color":"var(--ast-global-color-5)","background-image":"","background-repeat":"repeat","background-position":"center center","background-size":"auto","background-attachment":"scroll","background-type":"","background-media":"","overlay-type":"","overlay-color":"","overlay-opacity":"","overlay-gradient":""},"mobile":{"background-color":"var(--ast-global-color-5)","background-image":"","background-repeat":"repeat","background-position":"center center","background-size":"auto","background-attachment":"scroll","background-type":"","background-media":"","overlay-type":"","overlay-color":"","overlay-opacity":"","overlay-gradient":""}}},"product_brand":[],"product_cat":[120],"product_tag":[],"class_list":{"0":"post-1998","1":"product","2":"type-product","3":"status-publish","4":"has-post-thumbnail","6":"product_cat-ik-camping","7":"desktop-align-left","8":"tablet-align-left","9":"mobile-align-left","10":"ast-product-gallery-layout-vertical","11":"ast-product-gallery-with-no-image","12":"ast-product-tabs-layout-horizontal","13":"ast-qv-on-image","15":"first","16":"outofstock","17":"virtual","18":"taxable","19":"purchasable","20":"product-type-simple"},"_links":{"self":[{"href":"https:\/\/kauppa.isokirja.fi\/en\/wp-json\/wp\/v2\/product\/1998","targetHints":{"allow":["GET"]}}],"collection":[{"href":"https:\/\/kauppa.isokirja.fi\/en\/wp-json\/wp\/v2\/product"}],"about":[{"href":"https:\/\/kauppa.isokirja.fi\/en\/wp-json\/wp\/v2\/types\/product"}],"wp:featuredmedia":[{"embeddable":true,"href":"https:\/\/kauppa.isokirja.fi\/en\/wp-json\/wp\/v2\/media\/3165"}],"wp:attachment":[{"href":"https:\/\/kauppa.isokirja.fi\/en\/wp-json\/wp\/v2\/media?parent=1998"}],"wp:term":[{"taxonomy":"product_brand","embeddable":true,"href":"https:\/\/kauppa.isokirja.fi\/en\/wp-json\/wp\/v2\/product_brand?post=1998"},{"taxonomy":"product_cat","embeddable":true,"href":"https:\/\/kauppa.isokirja.fi\/en\/wp-json\/wp\/v2\/product_cat?post=1998"},{"taxonomy":"product_tag","embeddable":true,"href":"https:\/\/kauppa.isokirja.fi\/en\/wp-json\/wp\/v2\/product_tag?post=1998"}],"curies":[{"name":"wp","href":"https:\/\/api.w.org\/{rel}","templated":true}]}}