{"id":2001,"date":"2020-08-19T08:19:20","date_gmt":"2020-08-19T05:19:20","guid":{"rendered":"https:\/\/kauppa.isokirja.fi\/?post_type=product&#038;p=2001"},"modified":"2024-06-23T16:04:49","modified_gmt":"2024-06-23T13:04:49","slug":"pizzateltan-pizza-kahdella-taytteella","status":"publish","type":"product","link":"https:\/\/kauppa.isokirja.fi\/en\/tuote\/pizzateltan-pizza-kahdella-taytteella\/","title":{"rendered":"Pitsateltan pitsat &#8211; virtuaalituote"},"content":{"rendered":"<div id=\"yui_3_17_2_1_1651044975465_1605928\" class=\"sqs-dd-invalid-handle yui3-widget sqs-html image-title-wrapper\">\n<div id=\"yui_3_17_2_1_1651044975465_1605930\" class=\"sqs-html-content image-title sqs-dynamic-text\" data-width-percentage=\"10.6\">\n<p class=\"min-font-set\"><span style=\"font-size: 16px;\">L\u00e4mmin kes\u00e4tuuli puhaltaa sopivasti pitsateltan suunnasta ja nen\u00e4\u00e4n tunkeutuu vastapaistetun pitsan tuoksu. P\u00e4\u00e4t\u00e4tte yst\u00e4vien kesken ennen illan tilaisuutta menn\u00e4 ostamaan pitsat.<\/span><\/p>\n<\/div>\n<\/div>\n<div id=\"yui_3_17_2_1_1651044975465_1605962\" class=\"sqs-dd-invalid-handle yui3-widget sqs-html image-subtitle-wrapper\">\n<div id=\"yui_3_17_2_1_1651044975465_1605964\" class=\"sqs-html-content image-subtitle sqs-dynamic-text\" data-width-percentage=\"10.6\">\n<p class=\"\">Jonottaminen sujuu rattoisasti jutellessa ja kassalla teit\u00e4 tervehtii iloinen talkoolainen. Saatte mukaanne uudistetut ja herkulliset pitsat. P\u00e4\u00e4lle v\u00e4h\u00e4n oreganoa ja nam!<\/p>\n<\/div>\n<\/div>\n<p>Huom. VIRTUAALINEN TUOTE VARAINKERUUTA VARTEN<\/p>\n<p>&nbsp;<\/p>\n<p>Rahanker\u00e4ysluvan saaja: Iso Kirja ry<br \/>\nLuvan numero: RA\/2019\/569<br \/>\nRahanker\u00e4ysluvan my\u00f6nt\u00e4j\u00e4: Poliisihallitus 2.7.2019.<br \/>\nToimeenpanoaika ja -alue: Lupa on voimassa 01.01.2020\u201331.12.2024 koko Suomen alueella Ahvenanmaata lukuun ottamatta.<\/p>\n","protected":false},"excerpt":{"rendered":"<div id=\"yui_3_17_2_1_1651044975465_1605928\" class=\"sqs-dd-invalid-handle yui3-widget sqs-html image-title-wrapper\">\n<div id=\"yui_3_17_2_1_1651044975465_1605930\" class=\"sqs-html-content image-title sqs-dynamic-text\" data-width-percentage=\"10.6\">\n<p class=\"min-font-set\"><span style=\"font-size: 16px;\">L\u00e4mmin kes\u00e4tuuli puhaltaa sopivasti pitsateltan suunnasta ja nen\u00e4\u00e4n tunkeutuu vastapaistetun pitsan tuoksu. P\u00e4\u00e4t\u00e4tte yst\u00e4vien kesken ennen illan tilaisuutta menn\u00e4 ostamaan pitsat.<\/span><\/p>\n<\/div>\n<\/div>\n<div id=\"yui_3_17_2_1_1651044975465_1605962\" class=\"sqs-dd-invalid-handle yui3-widget sqs-html image-subtitle-wrapper\">\n<div id=\"yui_3_17_2_1_1651044975465_1605964\" class=\"sqs-html-content image-subtitle sqs-dynamic-text\" data-width-percentage=\"10.6\">\n<p class=\"\">Jonottaminen sujuu rattoisasti jutellessa ja kassalla teit\u00e4 tervehtii iloinen talkoolainen. Saatte mukaanne uudistetut ja herkulliset pitsat. P\u00e4\u00e4lle v\u00e4h\u00e4n oreganoa ja nam!<\/p>\n<\/div>\n<\/div>\n<p>Huom. VIRTUAALINEN TUOTE VARAINKERUUTA VARTEN<\/p>\n","protected":false},"featured_media":3342,"template":"","meta":{"site-sidebar-layout":"default","site-content-layout":"default","ast-site-content-layout":"default","site-content-style":"default","site-sidebar-style":"default","ast-global-header-display":"","ast-banner-title-visibility":"","ast-main-header-display":"","ast-hfb-above-header-display":"","ast-hfb-below-header-display":"","ast-hfb-mobile-header-display":"","site-post-title":"","ast-breadcrumbs-content":"","ast-featured-img":"","footer-sml-layout":"","ast-disable-related-posts":"","theme-transparent-header-meta":"default","adv-header-id-meta":"","stick-header-meta":"","header-above-stick-meta":"","header-main-stick-meta":"","header-below-stick-meta":"","astra-migrate-meta-layouts":"default","ast-page-background-enabled":"default","ast-page-background-meta":{"desktop":{"background-color":"","background-image":"","background-repeat":"repeat","background-position":"center center","background-size":"auto","background-attachment":"scroll","background-type":"","background-media":"","overlay-type":"","overlay-color":"","overlay-opacity":"","overlay-gradient":""},"tablet":{"background-color":"","background-image":"","background-repeat":"repeat","background-position":"center center","background-size":"auto","background-attachment":"scroll","background-type":"","background-media":"","overlay-type":"","overlay-color":"","overlay-opacity":"","overlay-gradient":""},"mobile":{"background-color":"","background-image":"","background-repeat":"repeat","background-position":"center center","background-size":"auto","background-attachment":"scroll","background-type":"","background-media":"","overlay-type":"","overlay-color":"","overlay-opacity":"","overlay-gradient":""}},"ast-content-background-meta":{"desktop":{"background-color":"var(--ast-global-color-5)","background-image":"","background-repeat":"repeat","background-position":"center center","background-size":"auto","background-attachment":"scroll","background-type":"","background-media":"","overlay-type":"","overlay-color":"","overlay-opacity":"","overlay-gradient":""},"tablet":{"background-color":"var(--ast-global-color-5)","background-image":"","background-repeat":"repeat","background-position":"center center","background-size":"auto","background-attachment":"scroll","background-type":"","background-media":"","overlay-type":"","overlay-color":"","overlay-opacity":"","overlay-gradient":""},"mobile":{"background-color":"var(--ast-global-color-5)","background-image":"","background-repeat":"repeat","background-position":"center center","background-size":"auto","background-attachment":"scroll","background-type":"","background-media":"","overlay-type":"","overlay-color":"","overlay-opacity":"","overlay-gradient":""}}},"product_brand":[],"product_cat":[96],"product_tag":[149,101,153,150],"class_list":{"0":"post-2001","1":"product","2":"type-product","3":"status-publish","4":"has-post-thumbnail","6":"product_cat-virtuaaliset-tuotteet","7":"product_tag-juhannuskonferenssi","8":"product_tag-pitsateltta","9":"product_tag-pizza","10":"product_tag-virtuaalituote","11":"desktop-align-left","12":"tablet-align-left","13":"mobile-align-left","14":"ast-product-gallery-layout-vertical","15":"ast-product-gallery-with-no-image","16":"ast-product-tabs-layout-horizontal","17":"ast-qv-on-image","19":"first","20":"outofstock","21":"virtual","22":"purchasable","23":"product-type-simple"},"_links":{"self":[{"href":"https:\/\/kauppa.isokirja.fi\/en\/wp-json\/wp\/v2\/product\/2001","targetHints":{"allow":["GET"]}}],"collection":[{"href":"https:\/\/kauppa.isokirja.fi\/en\/wp-json\/wp\/v2\/product"}],"about":[{"href":"https:\/\/kauppa.isokirja.fi\/en\/wp-json\/wp\/v2\/types\/product"}],"wp:featuredmedia":[{"embeddable":true,"href":"https:\/\/kauppa.isokirja.fi\/en\/wp-json\/wp\/v2\/media\/3342"}],"wp:attachment":[{"href":"https:\/\/kauppa.isokirja.fi\/en\/wp-json\/wp\/v2\/media?parent=2001"}],"wp:term":[{"taxonomy":"product_brand","embeddable":true,"href":"https:\/\/kauppa.isokirja.fi\/en\/wp-json\/wp\/v2\/product_brand?post=2001"},{"taxonomy":"product_cat","embeddable":true,"href":"https:\/\/kauppa.isokirja.fi\/en\/wp-json\/wp\/v2\/product_cat?post=2001"},{"taxonomy":"product_tag","embeddable":true,"href":"https:\/\/kauppa.isokirja.fi\/en\/wp-json\/wp\/v2\/product_tag?post=2001"}],"curies":[{"name":"wp","href":"https:\/\/api.w.org\/{rel}","templated":true}]}}