{"id":2077,"date":"2021-05-17T13:29:18","date_gmt":"2021-05-17T10:29:18","guid":{"rendered":"https:\/\/kauppa.isokirja.fi\/?post_type=product&#038;p=2077"},"modified":"2021-06-19T00:07:00","modified_gmt":"2021-06-18T21:07:00","slug":"juhannus-2021-2-3-hh-superior","status":"publish","type":"product","link":"https:\/\/kauppa.isokirja.fi\/en\/tuote\/juhannus-2021-2-3-hh-superior\/","title":{"rendered":"Juhannus 2021 \/ 2-3 hh superior"},"content":{"rendered":"<p>Majoitus Juhannus 2021<br \/>\n2-3 hh superior, B-talo<br \/>\n25. &#8211; 27.6. (pe-su) <strong>alennettu hinta voimassa 18.6. saakka.<\/strong><br \/>\nHuoneessa oma suihku ja WC, minij\u00e4\u00e4kaappi, vedenkeitin, hiustenkuivaaja. Levitett\u00e4v\u00e4 vuodesohva sopii lis\u00e4vuoteeksi yhdelle aikuiselle tai kahdelle lapselle.<br \/>\nSis\u00e4lt\u00e4\u00e4 liinavaatteet kahdelle, ilmoita lis\u00e4tiedoissa, mik\u00e4li tarvitset lis\u00e4vuoteen ja liinavaatteet.<\/p>\n<ul>\n<li>Minimivaraus on 2 vuorokautta pe-su.<\/li>\n<li>Huonemajoituksiin sis\u00e4ltyy liinavaatteet vuodem\u00e4\u00e4r\u00e4n mukaan.<\/li>\n<li>Mik\u00e4li haluat lis\u00e4vuorokausia, lis\u00e4\u00e4 t\u00e4m\u00e4n tuotteen ostoskoriin lis\u00e4\u00e4misen j\u00e4lkeen verkkokaupasta t\u00e4lle huoneelle lis\u00e4vuorokausi<br \/>\n(max. 2 kpl: ke-to, to-pe).<br \/>\n<a href=\"https:\/\/kauppa.isokirja.fi\/tuote\/juhannus-2021-lisavrk-2-3-hh-superior\/\">https:\/\/kauppa.isokirja.fi\/tuote\/juhannus-2021-lisavrk-2-3-hh-superior\/<\/a><\/li>\n<\/ul>\n<p><a href=\"http:\/\/www.ikpalvelut.fi\/varausehdot\">Katso IK-majoituksen varaus ja peruutusehdot t\u00e4st\u00e4.<\/a><\/p>\n","protected":false},"excerpt":{"rendered":"<p>2-3 hh superior, B-talo<br \/>\n25. &#8211; 27.6. (pe-su)<br \/>\nhuoneessa oma suihku ja WC<br \/>\nsis\u00e4lt\u00e4\u00e4 liinavaatteet<\/p>\n<p>Mik\u00e4li haluat lis\u00e4vuorokausia t\u00e4lle tuotteelle, lis\u00e4\u00e4 t\u00e4m\u00e4 tuote ensin ostoskoriin. Katso sen j\u00e4lkeen ostoskori ja valitse sielt\u00e4 t\u00e4lle tuotteelle tarjottu lis\u00e4vuorokausi, max. 2 kpl: ke-to, to-pe.<\/p>\n","protected":false},"featured_media":2110,"template":"","meta":{"site-sidebar-layout":"default","site-content-layout":"default","ast-site-content-layout":"default","site-content-style":"default","site-sidebar-style":"default","ast-global-header-display":"","ast-banner-title-visibility":"","ast-main-header-display":"","ast-hfb-above-header-display":"","ast-hfb-below-header-display":"","ast-hfb-mobile-header-display":"","site-post-title":"","ast-breadcrumbs-content":"","ast-featured-img":"","footer-sml-layout":"","ast-disable-related-posts":"","theme-transparent-header-meta":"default","adv-header-id-meta":"","stick-header-meta":"","header-above-stick-meta":"","header-main-stick-meta":"","header-below-stick-meta":"","astra-migrate-meta-layouts":"default","ast-page-background-enabled":"default","ast-page-background-meta":{"desktop":{"background-color":"","background-image":"","background-repeat":"repeat","background-position":"center center","background-size":"auto","background-attachment":"scroll","background-type":"","background-media":"","overlay-type":"","overlay-color":"","overlay-opacity":"","overlay-gradient":""},"tablet":{"background-color":"","background-image":"","background-repeat":"repeat","background-position":"center center","background-size":"auto","background-attachment":"scroll","background-type":"","background-media":"","overlay-type":"","overlay-color":"","overlay-opacity":"","overlay-gradient":""},"mobile":{"background-color":"","background-image":"","background-repeat":"repeat","background-position":"center center","background-size":"auto","background-attachment":"scroll","background-type":"","background-media":"","overlay-type":"","overlay-color":"","overlay-opacity":"","overlay-gradient":""}},"ast-content-background-meta":{"desktop":{"background-color":"var(--ast-global-color-5)","background-image":"","background-repeat":"repeat","background-position":"center center","background-size":"auto","background-attachment":"scroll","background-type":"","background-media":"","overlay-type":"","overlay-color":"","overlay-opacity":"","overlay-gradient":""},"tablet":{"background-color":"var(--ast-global-color-5)","background-image":"","background-repeat":"repeat","background-position":"center center","background-size":"auto","background-attachment":"scroll","background-type":"","background-media":"","overlay-type":"","overlay-color":"","overlay-opacity":"","overlay-gradient":""},"mobile":{"background-color":"var(--ast-global-color-5)","background-image":"","background-repeat":"repeat","background-position":"center center","background-size":"auto","background-attachment":"scroll","background-type":"","background-media":"","overlay-type":"","overlay-color":"","overlay-opacity":"","overlay-gradient":""}}},"product_brand":[],"product_cat":[121],"product_tag":[],"class_list":{"0":"post-2077","1":"product","2":"type-product","3":"status-publish","4":"has-post-thumbnail","6":"product_cat-juhannus-2021","7":"product_shipping_class-nouto","8":"desktop-align-left","9":"tablet-align-left","10":"mobile-align-left","11":"ast-product-gallery-layout-vertical","12":"ast-product-tabs-layout-horizontal","13":"ast-qv-on-image","15":"first","16":"outofstock","17":"taxable","18":"shipping-taxable","19":"purchasable","20":"product-type-simple"},"_links":{"self":[{"href":"https:\/\/kauppa.isokirja.fi\/en\/wp-json\/wp\/v2\/product\/2077","targetHints":{"allow":["GET"]}}],"collection":[{"href":"https:\/\/kauppa.isokirja.fi\/en\/wp-json\/wp\/v2\/product"}],"about":[{"href":"https:\/\/kauppa.isokirja.fi\/en\/wp-json\/wp\/v2\/types\/product"}],"wp:featuredmedia":[{"embeddable":true,"href":"https:\/\/kauppa.isokirja.fi\/en\/wp-json\/wp\/v2\/media\/2110"}],"wp:attachment":[{"href":"https:\/\/kauppa.isokirja.fi\/en\/wp-json\/wp\/v2\/media?parent=2077"}],"wp:term":[{"taxonomy":"product_brand","embeddable":true,"href":"https:\/\/kauppa.isokirja.fi\/en\/wp-json\/wp\/v2\/product_brand?post=2077"},{"taxonomy":"product_cat","embeddable":true,"href":"https:\/\/kauppa.isokirja.fi\/en\/wp-json\/wp\/v2\/product_cat?post=2077"},{"taxonomy":"product_tag","embeddable":true,"href":"https:\/\/kauppa.isokirja.fi\/en\/wp-json\/wp\/v2\/product_tag?post=2077"}],"curies":[{"name":"wp","href":"https:\/\/api.w.org\/{rel}","templated":true}]}}