{"id":2079,"date":"2021-05-17T13:42:54","date_gmt":"2021-05-17T10:42:54","guid":{"rendered":"https:\/\/kauppa.isokirja.fi\/?post_type=product&#038;p=2079"},"modified":"2025-06-02T10:27:28","modified_gmt":"2025-06-02T07:27:28","slug":"juhannus-2021-lisavrk-2-3-hh-superior","status":"publish","type":"product","link":"https:\/\/kauppa.isokirja.fi\/en\/tuote\/juhannus-2021-lisavrk-2-3-hh-superior\/","title":{"rendered":"lis\u00e4vrk 2-3 hh superior"},"content":{"rendered":"<p>Lis\u00e4majoitus Juhannus 2021<br \/>\nT\u00e4m\u00e4 lis\u00e4vuorokausi saatavilla vain 2-3 hh superior, B-talo<br \/>\n<strong>Lis\u00e4vuorokausi on normaalihintainen.<\/strong><br \/>\nHuoneessa oma suihku ja WC<br \/>\nSis\u00e4lt\u00e4\u00e4 liinavaatteet<\/p>\n<ul>\n<li>Huonemajoituksiin sis\u00e4ltyy liinavaatteet vuodem\u00e4\u00e4r\u00e4n mukaan.<\/li>\n<\/ul>\n<p><a href=\"http:\/\/www.ikpalvelut.fi\/varausehdot\">Katso IK-majoituksen varaus ja peruutusehdot t\u00e4st\u00e4.<\/a><\/p>\n","protected":false},"excerpt":{"rendered":"<pre><strong>Lis\u00e4vuorokausi Juhannuksen 2021 majoitukseen<\/strong><\/pre>\n<p><strong>T\u00e4m\u00e4n tuotteen voit ostaa vain lis\u00e4\u00e4m\u00e4ll\u00e4 ostoskoriin ensin majoituksen 2-3 hh superior pe-su<\/strong><\/p>\n","protected":false},"featured_media":0,"template":"","meta":{"site-sidebar-layout":"default","site-content-layout":"default","ast-site-content-layout":"default","site-content-style":"default","site-sidebar-style":"default","ast-global-header-display":"","ast-banner-title-visibility":"","ast-main-header-display":"","ast-hfb-above-header-display":"","ast-hfb-below-header-display":"","ast-hfb-mobile-header-display":"","site-post-title":"","ast-breadcrumbs-content":"","ast-featured-img":"","footer-sml-layout":"","ast-disable-related-posts":"","theme-transparent-header-meta":"default","adv-header-id-meta":"","stick-header-meta":"","header-above-stick-meta":"","header-main-stick-meta":"","header-below-stick-meta":"","astra-migrate-meta-layouts":"default","ast-page-background-enabled":"default","ast-page-background-meta":{"desktop":{"background-color":"","background-image":"","background-repeat":"repeat","background-position":"center center","background-size":"auto","background-attachment":"scroll","background-type":"","background-media":"","overlay-type":"","overlay-color":"","overlay-opacity":"","overlay-gradient":""},"tablet":{"background-color":"","background-image":"","background-repeat":"repeat","background-position":"center center","background-size":"auto","background-attachment":"scroll","background-type":"","background-media":"","overlay-type":"","overlay-color":"","overlay-opacity":"","overlay-gradient":""},"mobile":{"background-color":"","background-image":"","background-repeat":"repeat","background-position":"center center","background-size":"auto","background-attachment":"scroll","background-type":"","background-media":"","overlay-type":"","overlay-color":"","overlay-opacity":"","overlay-gradient":""}},"ast-content-background-meta":{"desktop":{"background-color":"var(--ast-global-color-5)","background-image":"","background-repeat":"repeat","background-position":"center center","background-size":"auto","background-attachment":"scroll","background-type":"","background-media":"","overlay-type":"","overlay-color":"","overlay-opacity":"","overlay-gradient":""},"tablet":{"background-color":"var(--ast-global-color-5)","background-image":"","background-repeat":"repeat","background-position":"center center","background-size":"auto","background-attachment":"scroll","background-type":"","background-media":"","overlay-type":"","overlay-color":"","overlay-opacity":"","overlay-gradient":""},"mobile":{"background-color":"var(--ast-global-color-5)","background-image":"","background-repeat":"repeat","background-position":"center center","background-size":"auto","background-attachment":"scroll","background-type":"","background-media":"","overlay-type":"","overlay-color":"","overlay-opacity":"","overlay-gradient":""}}},"product_brand":[],"product_cat":[121],"product_tag":[],"class_list":{"0":"post-2079","1":"product","2":"type-product","3":"status-publish","5":"product_cat-juhannus-2021","6":"product_shipping_class-nouto","7":"desktop-align-left","8":"tablet-align-left","9":"mobile-align-left","10":"ast-product-gallery-layout-vertical","11":"ast-product-gallery-with-no-image","12":"ast-product-tabs-layout-horizontal","13":"ast-qv-on-image","15":"first","16":"outofstock","17":"taxable","18":"shipping-taxable","19":"purchasable","20":"product-type-simple"},"_links":{"self":[{"href":"https:\/\/kauppa.isokirja.fi\/en\/wp-json\/wp\/v2\/product\/2079","targetHints":{"allow":["GET"]}}],"collection":[{"href":"https:\/\/kauppa.isokirja.fi\/en\/wp-json\/wp\/v2\/product"}],"about":[{"href":"https:\/\/kauppa.isokirja.fi\/en\/wp-json\/wp\/v2\/types\/product"}],"wp:attachment":[{"href":"https:\/\/kauppa.isokirja.fi\/en\/wp-json\/wp\/v2\/media?parent=2079"}],"wp:term":[{"taxonomy":"product_brand","embeddable":true,"href":"https:\/\/kauppa.isokirja.fi\/en\/wp-json\/wp\/v2\/product_brand?post=2079"},{"taxonomy":"product_cat","embeddable":true,"href":"https:\/\/kauppa.isokirja.fi\/en\/wp-json\/wp\/v2\/product_cat?post=2079"},{"taxonomy":"product_tag","embeddable":true,"href":"https:\/\/kauppa.isokirja.fi\/en\/wp-json\/wp\/v2\/product_tag?post=2079"}],"curies":[{"name":"wp","href":"https:\/\/api.w.org\/{rel}","templated":true}]}}