{"id":2141,"date":"2021-05-25T18:00:02","date_gmt":"2021-05-25T15:00:02","guid":{"rendered":"https:\/\/kauppa.isokirja.fi\/?post_type=product&#038;p=2141"},"modified":"2026-03-09T15:34:55","modified_gmt":"2026-03-09T13:34:55","slug":"juhannuspaketti-ke-su-ei-sahkoa","status":"publish","type":"product","link":"https:\/\/kauppa.isokirja.fi\/en\/tuote\/juhannuspaketti-ke-su-ei-sahkoa\/","title":{"rendered":"IK-Camping juhannuspaketti ke-su, ei s\u00e4hk\u00f6\u00e4"},"content":{"rendered":"<h2>IK-Camping s\u00e4hk\u00f6t\u00f6n juhannuspaketti 23.-27.6.2021 (<span style=\"color: #008000;\">4 vrk ke-su<\/span>)<\/h2>\n<h5><\/h5>\n<p><strong>Juhannuspaketti sis\u00e4lt\u00e4\u00e4:<\/strong><br \/>\n&#8211; Asuntovaunu- tai -autopaikan keskiviikosta sunnuntaihin<br \/>\n&#8211; Matkailuajoneuvo- ja henkil\u00f6maksut<br \/>\n&#8211; Leirint\u00e4alueen suihkujen, wc-tilojen sek\u00e4 keitti\u00f6iden k\u00e4yt\u00f6n<\/p>\n<p><strong>Alennettu hinta voimassa 18.6. saakka<\/strong><\/p>\n<p>Katso my\u00f6s muita juhannuksena myynniss\u00e4 olevia tuotteita:<br \/>\n&#8211; Ison Padan ateriapaketti<br \/>\n&#8211; Saunalippu Isolle Rantasaunalle sek\u00e4<br \/>\n&#8211; Yksityissaunavuoro<\/p>\n<h6><span style=\"color: #000000;\">Alueella noudatetaan alueellisia ja valtakunnallisia <span style=\"color: #3366ff;\"><span style=\"color: #000000;\"><span class=\"aCOpRe\"><em>COVID<\/em>&#8211;<em>19 <\/em><\/span>ohjeistuksia:<\/span><br \/>\n<\/span><\/span><span style=\"color: #000000;\"><a style=\"color: #000000;\" href=\"https:\/\/www.ikpalvelut.fi\/koronatiedote\"><span style=\"color: #3366ff;\">https:\/\/www.ikpalvelut.fi\/koronatiedote<\/span><\/a><\/span><\/h6>\n","protected":false},"excerpt":{"rendered":"<p><strong>Juhannuspaketti sis\u00e4lt\u00e4\u00e4:<\/strong><br \/>\n\u2013 Asuntovaunu- tai -autopaikan keskiviikosta sunnuntaihin<br \/>\n\u2013 Matkailuajoneuvo- ja henkil\u00f6maksut<br \/>\n\u2013 Leirint\u00e4alueen suihkujen, wc-tilojen sek\u00e4 keitti\u00f6iden k\u00e4yt\u00f6n<\/p>\n<p>&nbsp;<\/p>\n<p>&nbsp;<\/p>\n","protected":false},"featured_media":662,"template":"","meta":{"site-sidebar-layout":"default","site-content-layout":"default","ast-site-content-layout":"default","site-content-style":"default","site-sidebar-style":"default","ast-global-header-display":"","ast-banner-title-visibility":"","ast-main-header-display":"","ast-hfb-above-header-display":"","ast-hfb-below-header-display":"","ast-hfb-mobile-header-display":"","site-post-title":"","ast-breadcrumbs-content":"","ast-featured-img":"","footer-sml-layout":"","ast-disable-related-posts":"","theme-transparent-header-meta":"default","adv-header-id-meta":"","stick-header-meta":"","header-above-stick-meta":"","header-main-stick-meta":"","header-below-stick-meta":"","astra-migrate-meta-layouts":"set","ast-page-background-enabled":"default","ast-page-background-meta":{"desktop":{"background-color":"","background-image":"","background-repeat":"repeat","background-position":"center center","background-size":"auto","background-attachment":"scroll","background-type":"","background-media":"","overlay-type":"","overlay-color":"","overlay-opacity":"","overlay-gradient":""},"tablet":{"background-color":"","background-image":"","background-repeat":"repeat","background-position":"center center","background-size":"auto","background-attachment":"scroll","background-type":"","background-media":"","overlay-type":"","overlay-color":"","overlay-opacity":"","overlay-gradient":""},"mobile":{"background-color":"","background-image":"","background-repeat":"repeat","background-position":"center center","background-size":"auto","background-attachment":"scroll","background-type":"","background-media":"","overlay-type":"","overlay-color":"","overlay-opacity":"","overlay-gradient":""}},"ast-content-background-meta":{"desktop":{"background-color":"var(--ast-global-color-5)","background-image":"","background-repeat":"repeat","background-position":"center center","background-size":"auto","background-attachment":"scroll","background-type":"","background-media":"","overlay-type":"","overlay-color":"","overlay-opacity":"","overlay-gradient":""},"tablet":{"background-color":"var(--ast-global-color-5)","background-image":"","background-repeat":"repeat","background-position":"center center","background-size":"auto","background-attachment":"scroll","background-type":"","background-media":"","overlay-type":"","overlay-color":"","overlay-opacity":"","overlay-gradient":""},"mobile":{"background-color":"var(--ast-global-color-5)","background-image":"","background-repeat":"repeat","background-position":"center center","background-size":"auto","background-attachment":"scroll","background-type":"","background-media":"","overlay-type":"","overlay-color":"","overlay-opacity":"","overlay-gradient":""}}},"product_brand":[],"product_cat":[121],"product_tag":[],"class_list":{"0":"post-2141","1":"product","2":"type-product","3":"status-publish","4":"has-post-thumbnail","6":"product_cat-juhannus-2021","7":"product_shipping_class-nouto","8":"desktop-align-left","9":"tablet-align-left","10":"mobile-align-left","11":"ast-product-gallery-layout-vertical","12":"ast-product-tabs-layout-horizontal","13":"ast-qv-on-image","15":"first","16":"instock","17":"taxable","18":"shipping-taxable","19":"purchasable","20":"product-type-simple"},"_links":{"self":[{"href":"https:\/\/kauppa.isokirja.fi\/en\/wp-json\/wp\/v2\/product\/2141","targetHints":{"allow":["GET"]}}],"collection":[{"href":"https:\/\/kauppa.isokirja.fi\/en\/wp-json\/wp\/v2\/product"}],"about":[{"href":"https:\/\/kauppa.isokirja.fi\/en\/wp-json\/wp\/v2\/types\/product"}],"wp:featuredmedia":[{"embeddable":true,"href":"https:\/\/kauppa.isokirja.fi\/en\/wp-json\/wp\/v2\/media\/662"}],"wp:attachment":[{"href":"https:\/\/kauppa.isokirja.fi\/en\/wp-json\/wp\/v2\/media?parent=2141"}],"wp:term":[{"taxonomy":"product_brand","embeddable":true,"href":"https:\/\/kauppa.isokirja.fi\/en\/wp-json\/wp\/v2\/product_brand?post=2141"},{"taxonomy":"product_cat","embeddable":true,"href":"https:\/\/kauppa.isokirja.fi\/en\/wp-json\/wp\/v2\/product_cat?post=2141"},{"taxonomy":"product_tag","embeddable":true,"href":"https:\/\/kauppa.isokirja.fi\/en\/wp-json\/wp\/v2\/product_tag?post=2141"}],"curies":[{"name":"wp","href":"https:\/\/api.w.org\/{rel}","templated":true}]}}