{"id":2189,"date":"2021-05-23T01:43:46","date_gmt":"2021-05-22T22:43:46","guid":{"rendered":"https:\/\/kauppa.isokirja.fi\/?post_type=product&#038;p=2189"},"modified":"2021-11-18T10:20:50","modified_gmt":"2021-11-18T08:20:50","slug":"opistoseurat-paketti-camping-22-25-7-2021-3-vrk-ei-sahkoa","status":"publish","type":"product","link":"https:\/\/kauppa.isokirja.fi\/en\/tuote\/opistoseurat-paketti-camping-22-25-7-2021-3-vrk-ei-sahkoa\/","title":{"rendered":"&#8220;Opistoseurat-paketti&#8221; Camping 22. &#8211; 25.7.2021 &#8211; (3 vrk) EI S\u00c4HK\u00d6\u00c4"},"content":{"rendered":"<h2>&#8220;Opistoseurat&#8221; Camping paketti 22.-25.7.2021 (<span style=\"color: #008000;\">3 vrk to-su<\/span>)<\/h2>\n<h5>J\u00e4ms\u00e4n opistoseurat toteutetaan radiossa ja verkossa 23.\u201325.7.2021 v\u00e4lisen\u00e4 aikana. Juhlakentt\u00e4alue tarjoaa Jumalan sanan kuuntelemiseen ymp\u00e4rist\u00f6n, joka antaa\u00a0 mahdollisuuden kokea palan perinteist\u00e4 kes\u00e4ajan juhlaa.<\/h5>\n<h5><\/h5>\n<h5>WC-tilat sijaitsevat alueen vieress\u00e4.<\/h5>\n<h5>Lapsille leikkeihin soveltuva ymp\u00e4rist\u00f6.<\/h5>\n<h5><\/h5>\n<h5><span style=\"color: #000000;\">Alueella noudatetaan alueellisia ja valtakunnallisia <span style=\"color: #3366ff;\"><span style=\"color: #000000;\"><span class=\"aCOpRe\"><em>COVID<\/em>&#8211;<em>19 <\/em><\/span>ohjeistuksia:<\/span> <\/span><\/span><\/h5>\n<h5><span style=\"color: #000000;\"><a style=\"color: #000000;\" href=\"https:\/\/www.ikpalvelut.fi\/koronatiedote\"><span style=\"color: #3366ff;\">https:\/\/www.ikpalvelut.fi\/koronatiedote<\/span><\/a><\/span><\/h5>\n","protected":false},"excerpt":{"rendered":"<h6>Paikoitukseen varattu suurtapahtumien juhlakentt\u00e4alue.<\/h6>\n<h6><\/h6>\n<h6>Hinta 85\u20ac sis\u00e4lt\u00e4\u00e4:<\/h6>\n<h5>* Paikan matkailuauto \/ vaunu tai teltta.<\/h5>\n<h5>* Kahden aikuisen henkil\u00f6maksut &#8211; lapset ilmaiseksi.<\/h5>\n<h5>* S\u00e4hk\u00f6\u00e4 ei ole mahdollista saada t\u00e4h\u00e4n paikkaan.<\/h5>\n<h5>* Leirint\u00e4alueelta saatavilla olevat palvelut.<\/h5>\n<p>&nbsp;<\/p>\n","protected":false},"featured_media":2109,"template":"","meta":{"site-sidebar-layout":"default","site-content-layout":"default","ast-site-content-layout":"default","site-content-style":"default","site-sidebar-style":"default","ast-global-header-display":"","ast-banner-title-visibility":"","ast-main-header-display":"","ast-hfb-above-header-display":"","ast-hfb-below-header-display":"","ast-hfb-mobile-header-display":"","site-post-title":"","ast-breadcrumbs-content":"","ast-featured-img":"","footer-sml-layout":"","ast-disable-related-posts":"","theme-transparent-header-meta":"default","adv-header-id-meta":"","stick-header-meta":"","header-above-stick-meta":"","header-main-stick-meta":"","header-below-stick-meta":"","astra-migrate-meta-layouts":"default","ast-page-background-enabled":"default","ast-page-background-meta":{"desktop":{"background-color":"","background-image":"","background-repeat":"repeat","background-position":"center center","background-size":"auto","background-attachment":"scroll","background-type":"","background-media":"","overlay-type":"","overlay-color":"","overlay-opacity":"","overlay-gradient":""},"tablet":{"background-color":"","background-image":"","background-repeat":"repeat","background-position":"center center","background-size":"auto","background-attachment":"scroll","background-type":"","background-media":"","overlay-type":"","overlay-color":"","overlay-opacity":"","overlay-gradient":""},"mobile":{"background-color":"","background-image":"","background-repeat":"repeat","background-position":"center center","background-size":"auto","background-attachment":"scroll","background-type":"","background-media":"","overlay-type":"","overlay-color":"","overlay-opacity":"","overlay-gradient":""}},"ast-content-background-meta":{"desktop":{"background-color":"var(--ast-global-color-5)","background-image":"","background-repeat":"repeat","background-position":"center center","background-size":"auto","background-attachment":"scroll","background-type":"","background-media":"","overlay-type":"","overlay-color":"","overlay-opacity":"","overlay-gradient":""},"tablet":{"background-color":"var(--ast-global-color-5)","background-image":"","background-repeat":"repeat","background-position":"center center","background-size":"auto","background-attachment":"scroll","background-type":"","background-media":"","overlay-type":"","overlay-color":"","overlay-opacity":"","overlay-gradient":""},"mobile":{"background-color":"var(--ast-global-color-5)","background-image":"","background-repeat":"repeat","background-position":"center center","background-size":"auto","background-attachment":"scroll","background-type":"","background-media":"","overlay-type":"","overlay-color":"","overlay-opacity":"","overlay-gradient":""}}},"product_brand":[],"product_cat":[120],"product_tag":[],"class_list":{"0":"post-2189","1":"product","2":"type-product","3":"status-publish","4":"has-post-thumbnail","6":"product_cat-ik-camping","7":"product_shipping_class-kirje","8":"desktop-align-left","9":"tablet-align-left","10":"mobile-align-left","11":"ast-product-gallery-layout-vertical","12":"ast-product-tabs-layout-horizontal","13":"ast-qv-on-image","15":"first","16":"outofstock","17":"virtual","18":"taxable","19":"purchasable","20":"product-type-simple"},"_links":{"self":[{"href":"https:\/\/kauppa.isokirja.fi\/en\/wp-json\/wp\/v2\/product\/2189","targetHints":{"allow":["GET"]}}],"collection":[{"href":"https:\/\/kauppa.isokirja.fi\/en\/wp-json\/wp\/v2\/product"}],"about":[{"href":"https:\/\/kauppa.isokirja.fi\/en\/wp-json\/wp\/v2\/types\/product"}],"wp:featuredmedia":[{"embeddable":true,"href":"https:\/\/kauppa.isokirja.fi\/en\/wp-json\/wp\/v2\/media\/2109"}],"wp:attachment":[{"href":"https:\/\/kauppa.isokirja.fi\/en\/wp-json\/wp\/v2\/media?parent=2189"}],"wp:term":[{"taxonomy":"product_brand","embeddable":true,"href":"https:\/\/kauppa.isokirja.fi\/en\/wp-json\/wp\/v2\/product_brand?post=2189"},{"taxonomy":"product_cat","embeddable":true,"href":"https:\/\/kauppa.isokirja.fi\/en\/wp-json\/wp\/v2\/product_cat?post=2189"},{"taxonomy":"product_tag","embeddable":true,"href":"https:\/\/kauppa.isokirja.fi\/en\/wp-json\/wp\/v2\/product_tag?post=2189"}],"curies":[{"name":"wp","href":"https:\/\/api.w.org\/{rel}","templated":true}]}}