{"id":2214,"date":"2021-05-24T19:14:15","date_gmt":"2021-05-24T16:14:15","guid":{"rendered":"https:\/\/kauppa.isokirja.fi\/?post_type=product&#038;p=2214"},"modified":"2026-03-09T17:00:55","modified_gmt":"2026-03-09T15:00:55","slug":"juhannus-2021-ateriapaketti-lapsi","status":"publish","type":"product","link":"https:\/\/kauppa.isokirja.fi\/en\/tuote\/juhannus-2021-ateriapaketti-lapsi\/","title":{"rendered":"Juhannus 2021 \/ Ateriapaketti lapsi 4-12v"},"content":{"rendered":"<h5>Ateriapaketti Juhannus 2021<\/h5>\n<p>sis\u00e4lt\u00e4\u00e4 2*aamupala, 3*lounas, 2*p\u00e4iv\u00e4llinen Isossa Padassa<br \/>\n<strong>pe:<\/strong> lounaan ja p\u00e4iv\u00e4llisen<br \/>\n<strong>la:<\/strong> aamupalan, lounaan ja p\u00e4iv\u00e4llisen<br \/>\n<strong>su:<\/strong> aamupalan ja lounaan<\/p>\n<p>Aamupala klo <strong>8.30-9.10<\/strong><br \/>\nLounas klo <strong>11.00-11.40<\/strong><br \/>\nP\u00e4iv\u00e4llinen klo <strong>16.00-16.30<\/strong><\/p>\n<p>Annettuja ruokailuaikoja tulee noudattaa, jotta voimme mahdollistaa eri ryhmien terveysturvallisuuden.<\/p>\n<h6><span style=\"color: #000000;\">Alueella noudatetaan alueellisia ja valtakunnallisia <span style=\"color: #3366ff;\"><span style=\"color: #000000;\"><span class=\"aCOpRe\"><em>COVID<\/em>&#8211;<em>19 <\/em><\/span>ohjeistuksia:<\/span><br \/>\n<\/span><\/span><span style=\"color: #000000;\"><a style=\"color: #000000;\" href=\"https:\/\/www.ikpalvelut.fi\/koronatiedote\"><span style=\"color: #3366ff;\">https:\/\/www.ikpalvelut.fi\/koronatiedote<\/span><\/a><\/span><\/h6>\n","protected":false},"excerpt":{"rendered":"<h5>Ateriapaketti Juhannus 2021<\/h5>\n<p>2* Aamupala klo <strong>8.30-9.10<\/strong> (la, su)<br \/>\n3* Lounas klo <strong>11.00-11.40<\/strong> (pe, la, su)<br \/>\n2* P\u00e4iv\u00e4llinen klo <strong>16.00-16.30<\/strong> (pe, la)<\/p>\n","protected":false},"featured_media":2212,"template":"","meta":{"site-sidebar-layout":"default","site-content-layout":"default","ast-site-content-layout":"default","site-content-style":"default","site-sidebar-style":"default","ast-global-header-display":"","ast-banner-title-visibility":"","ast-main-header-display":"","ast-hfb-above-header-display":"","ast-hfb-below-header-display":"","ast-hfb-mobile-header-display":"","site-post-title":"","ast-breadcrumbs-content":"","ast-featured-img":"","footer-sml-layout":"","ast-disable-related-posts":"","theme-transparent-header-meta":"default","adv-header-id-meta":"","stick-header-meta":"","header-above-stick-meta":"","header-main-stick-meta":"","header-below-stick-meta":"","astra-migrate-meta-layouts":"set","ast-page-background-enabled":"default","ast-page-background-meta":{"desktop":{"background-color":"","background-image":"","background-repeat":"repeat","background-position":"center center","background-size":"auto","background-attachment":"scroll","background-type":"","background-media":"","overlay-type":"","overlay-color":"","overlay-opacity":"","overlay-gradient":""},"tablet":{"background-color":"","background-image":"","background-repeat":"repeat","background-position":"center center","background-size":"auto","background-attachment":"scroll","background-type":"","background-media":"","overlay-type":"","overlay-color":"","overlay-opacity":"","overlay-gradient":""},"mobile":{"background-color":"","background-image":"","background-repeat":"repeat","background-position":"center center","background-size":"auto","background-attachment":"scroll","background-type":"","background-media":"","overlay-type":"","overlay-color":"","overlay-opacity":"","overlay-gradient":""}},"ast-content-background-meta":{"desktop":{"background-color":"var(--ast-global-color-5)","background-image":"","background-repeat":"repeat","background-position":"center center","background-size":"auto","background-attachment":"scroll","background-type":"","background-media":"","overlay-type":"","overlay-color":"","overlay-opacity":"","overlay-gradient":""},"tablet":{"background-color":"var(--ast-global-color-5)","background-image":"","background-repeat":"repeat","background-position":"center center","background-size":"auto","background-attachment":"scroll","background-type":"","background-media":"","overlay-type":"","overlay-color":"","overlay-opacity":"","overlay-gradient":""},"mobile":{"background-color":"var(--ast-global-color-5)","background-image":"","background-repeat":"repeat","background-position":"center center","background-size":"auto","background-attachment":"scroll","background-type":"","background-media":"","overlay-type":"","overlay-color":"","overlay-opacity":"","overlay-gradient":""}}},"product_brand":[],"product_cat":[135,121],"product_tag":[],"class_list":{"0":"post-2214","1":"product","2":"type-product","3":"status-publish","4":"has-post-thumbnail","6":"product_cat-ateriapaketit","7":"product_cat-juhannus-2021","8":"product_shipping_class-nouto","9":"desktop-align-left","10":"tablet-align-left","11":"mobile-align-left","12":"ast-product-gallery-layout-vertical","13":"ast-product-gallery-with-no-image","14":"ast-product-tabs-layout-horizontal","15":"ast-qv-on-image","17":"first","18":"outofstock","19":"taxable","20":"shipping-taxable","21":"purchasable","22":"product-type-simple"},"_links":{"self":[{"href":"https:\/\/kauppa.isokirja.fi\/en\/wp-json\/wp\/v2\/product\/2214","targetHints":{"allow":["GET"]}}],"collection":[{"href":"https:\/\/kauppa.isokirja.fi\/en\/wp-json\/wp\/v2\/product"}],"about":[{"href":"https:\/\/kauppa.isokirja.fi\/en\/wp-json\/wp\/v2\/types\/product"}],"wp:featuredmedia":[{"embeddable":true,"href":"https:\/\/kauppa.isokirja.fi\/en\/wp-json\/wp\/v2\/media\/2212"}],"wp:attachment":[{"href":"https:\/\/kauppa.isokirja.fi\/en\/wp-json\/wp\/v2\/media?parent=2214"}],"wp:term":[{"taxonomy":"product_brand","embeddable":true,"href":"https:\/\/kauppa.isokirja.fi\/en\/wp-json\/wp\/v2\/product_brand?post=2214"},{"taxonomy":"product_cat","embeddable":true,"href":"https:\/\/kauppa.isokirja.fi\/en\/wp-json\/wp\/v2\/product_cat?post=2214"},{"taxonomy":"product_tag","embeddable":true,"href":"https:\/\/kauppa.isokirja.fi\/en\/wp-json\/wp\/v2\/product_tag?post=2214"}],"curies":[{"name":"wp","href":"https:\/\/api.w.org\/{rel}","templated":true}]}}