{"id":2281,"date":"2021-05-26T16:12:09","date_gmt":"2021-05-26T13:12:09","guid":{"rendered":"https:\/\/kauppa.isokirja.fi\/?post_type=product&#038;p=2281"},"modified":"2025-06-02T09:52:43","modified_gmt":"2025-06-02T06:52:43","slug":"juhannus-2021-yksityissauna-tynnyriniemi-pe-13-17","status":"publish","type":"product","link":"https:\/\/kauppa.isokirja.fi\/en\/tuote\/juhannus-2021-yksityissauna-tynnyriniemi-pe-13-17\/","title":{"rendered":"Juhannus 2021 \/ Yksityissauna Tynnyriniemi pe 13-17"},"content":{"rendered":"<h5>Yksityissauna pe klo 13-17 \/Juhannus 2021<\/h5>\n<p>Tynnyriniemen m\u00f6kkisauna pe 25.6.<\/p>\n<p>Saunan l\u00e4mmitykseen menee noin tunti, joka sis\u00e4ltyy varattuun aikaan. Avaimet voi noutaa v\u00e4h\u00e4n ennen alkavaa vuoro SiCafesta verkkokaupan kuittia n\u00e4ytt\u00e4m\u00e4ll\u00e4.<\/p>\n<p>Varmista ajoissa ett\u00e4 kuittisi on saatavilla saunaan menness\u00e4, jotta voit ongelmatilanteessa olla yhteydess\u00e4 SiCafeehen hyviss\u00e4 ajoin ennen saunavuoroa. Lunastettua sauna-aikaa tulee noudattaa, se ei ole vaihdettavissa. N\u00e4in voimme mahdollistaa eri ryhmien terveysturvallisuuden.<\/p>\n<p>&nbsp;<\/p>\n","protected":false},"excerpt":{"rendered":"<h5>Yksityissauna pe klo 13-17 \/Juhannus 2021<\/h5>\n<p>Tynnyriniemen m\u00f6kkisauna<\/p>\n<p>Saunaan menness\u00e4 verkkokaupan kuittia n\u00e4ytt\u00e4m\u00e4ll\u00e4 saa SiCafesta avaimet.<\/p>\n","protected":false},"featured_media":2278,"template":"","meta":{"site-sidebar-layout":"default","site-content-layout":"default","ast-site-content-layout":"default","site-content-style":"default","site-sidebar-style":"default","ast-global-header-display":"","ast-banner-title-visibility":"","ast-main-header-display":"","ast-hfb-above-header-display":"","ast-hfb-below-header-display":"","ast-hfb-mobile-header-display":"","site-post-title":"","ast-breadcrumbs-content":"","ast-featured-img":"","footer-sml-layout":"","ast-disable-related-posts":"","theme-transparent-header-meta":"default","adv-header-id-meta":"","stick-header-meta":"","header-above-stick-meta":"","header-main-stick-meta":"","header-below-stick-meta":"","astra-migrate-meta-layouts":"default","ast-page-background-enabled":"default","ast-page-background-meta":{"desktop":{"background-color":"","background-image":"","background-repeat":"repeat","background-position":"center center","background-size":"auto","background-attachment":"scroll","background-type":"","background-media":"","overlay-type":"","overlay-color":"","overlay-opacity":"","overlay-gradient":""},"tablet":{"background-color":"","background-image":"","background-repeat":"repeat","background-position":"center center","background-size":"auto","background-attachment":"scroll","background-type":"","background-media":"","overlay-type":"","overlay-color":"","overlay-opacity":"","overlay-gradient":""},"mobile":{"background-color":"","background-image":"","background-repeat":"repeat","background-position":"center center","background-size":"auto","background-attachment":"scroll","background-type":"","background-media":"","overlay-type":"","overlay-color":"","overlay-opacity":"","overlay-gradient":""}},"ast-content-background-meta":{"desktop":{"background-color":"var(--ast-global-color-5)","background-image":"","background-repeat":"repeat","background-position":"center center","background-size":"auto","background-attachment":"scroll","background-type":"","background-media":"","overlay-type":"","overlay-color":"","overlay-opacity":"","overlay-gradient":""},"tablet":{"background-color":"var(--ast-global-color-5)","background-image":"","background-repeat":"repeat","background-position":"center center","background-size":"auto","background-attachment":"scroll","background-type":"","background-media":"","overlay-type":"","overlay-color":"","overlay-opacity":"","overlay-gradient":""},"mobile":{"background-color":"var(--ast-global-color-5)","background-image":"","background-repeat":"repeat","background-position":"center center","background-size":"auto","background-attachment":"scroll","background-type":"","background-media":"","overlay-type":"","overlay-color":"","overlay-opacity":"","overlay-gradient":""}}},"product_brand":[],"product_cat":[128,131],"product_tag":[],"class_list":{"0":"post-2281","1":"product","2":"type-product","3":"status-publish","4":"has-post-thumbnail","6":"product_cat-juhannus-2021-saunat","7":"product_cat-yksityissaunat","8":"product_shipping_class-nouto","9":"desktop-align-left","10":"tablet-align-left","11":"mobile-align-left","12":"ast-product-gallery-layout-vertical","13":"ast-product-gallery-with-no-image","14":"ast-product-tabs-layout-horizontal","15":"ast-qv-on-image","17":"first","18":"outofstock","19":"taxable","20":"shipping-taxable","21":"purchasable","22":"product-type-simple"},"_links":{"self":[{"href":"https:\/\/kauppa.isokirja.fi\/en\/wp-json\/wp\/v2\/product\/2281","targetHints":{"allow":["GET"]}}],"collection":[{"href":"https:\/\/kauppa.isokirja.fi\/en\/wp-json\/wp\/v2\/product"}],"about":[{"href":"https:\/\/kauppa.isokirja.fi\/en\/wp-json\/wp\/v2\/types\/product"}],"wp:featuredmedia":[{"embeddable":true,"href":"https:\/\/kauppa.isokirja.fi\/en\/wp-json\/wp\/v2\/media\/2278"}],"wp:attachment":[{"href":"https:\/\/kauppa.isokirja.fi\/en\/wp-json\/wp\/v2\/media?parent=2281"}],"wp:term":[{"taxonomy":"product_brand","embeddable":true,"href":"https:\/\/kauppa.isokirja.fi\/en\/wp-json\/wp\/v2\/product_brand?post=2281"},{"taxonomy":"product_cat","embeddable":true,"href":"https:\/\/kauppa.isokirja.fi\/en\/wp-json\/wp\/v2\/product_cat?post=2281"},{"taxonomy":"product_tag","embeddable":true,"href":"https:\/\/kauppa.isokirja.fi\/en\/wp-json\/wp\/v2\/product_tag?post=2281"}],"curies":[{"name":"wp","href":"https:\/\/api.w.org\/{rel}","templated":true}]}}