{"id":2982,"date":"2021-08-02T08:00:59","date_gmt":"2021-08-02T05:00:59","guid":{"rendered":"https:\/\/kauppa.isokirja.fi\/?post_type=product&#038;p=2982"},"modified":"2023-05-25T18:13:06","modified_gmt":"2023-05-25T15:13:06","slug":"frisbeegolfkisa_isopatalounas","status":"publish","type":"product","link":"https:\/\/kauppa.isokirja.fi\/en\/tuote\/frisbeegolfkisa_isopatalounas\/","title":{"rendered":"Frisbeegolfkisa Iso Pata lounas 28.8."},"content":{"rendered":"<h5><span style=\"color: #0000ff;\">Iso Pata lounas 28.8. klo 11-12.30<br \/>\n<\/span><\/h5>\n<p>(Ruokailu tulee p\u00e4\u00e4tt\u00e4\u00e4 12.55 ennen seuraavan ryhm\u00e4n saapumista)<\/p>\n<p><strong>Ateriat suoraan ostettuna Iso Pata -lounasravintolasta:<\/strong><br \/>\nAamupala 4,60 \u20ac (la klo 8.30-9.00)<br \/>\nRuokailu 9,70 \u20ac<\/p>\n<p>(Sunnuntaina Iso Pata on suljettu)<\/p>\n","protected":false},"excerpt":{"rendered":"<h5>Iso Pata lounas 28.8. klo 11-12.30<\/h5>\n<p>(Ruokailu tulee p\u00e4\u00e4tt\u00e4\u00e4 12.55 ennen seuraavan ryhm\u00e4n saapumista)<\/p>\n<h6>Alueella noudatetaan alueellisia ja valtakunnallisia <span class=\"aCOpRe\"><em>COVID<\/em>&#8211;<em>19 <\/em><\/span>ohjeistuksia:<br \/>\n<a href=\"https:\/\/www.ikpalvelut.fi\/koronatiedote\">https:\/\/www.ikpalvelut.fi\/koronatiedote<\/a><\/h6>\n","protected":false},"featured_media":2995,"template":"","meta":{"site-sidebar-layout":"default","site-content-layout":"default","ast-site-content-layout":"default","site-content-style":"default","site-sidebar-style":"default","ast-global-header-display":"","ast-banner-title-visibility":"","ast-main-header-display":"","ast-hfb-above-header-display":"","ast-hfb-below-header-display":"","ast-hfb-mobile-header-display":"","site-post-title":"","ast-breadcrumbs-content":"","ast-featured-img":"","footer-sml-layout":"","ast-disable-related-posts":"","theme-transparent-header-meta":"default","adv-header-id-meta":"","stick-header-meta":"","header-above-stick-meta":"","header-main-stick-meta":"","header-below-stick-meta":"","astra-migrate-meta-layouts":"default","ast-page-background-enabled":"default","ast-page-background-meta":{"desktop":{"background-color":"","background-image":"","background-repeat":"repeat","background-position":"center center","background-size":"auto","background-attachment":"scroll","background-type":"","background-media":"","overlay-type":"","overlay-color":"","overlay-opacity":"","overlay-gradient":""},"tablet":{"background-color":"","background-image":"","background-repeat":"repeat","background-position":"center center","background-size":"auto","background-attachment":"scroll","background-type":"","background-media":"","overlay-type":"","overlay-color":"","overlay-opacity":"","overlay-gradient":""},"mobile":{"background-color":"","background-image":"","background-repeat":"repeat","background-position":"center center","background-size":"auto","background-attachment":"scroll","background-type":"","background-media":"","overlay-type":"","overlay-color":"","overlay-opacity":"","overlay-gradient":""}},"ast-content-background-meta":{"desktop":{"background-color":"var(--ast-global-color-5)","background-image":"","background-repeat":"repeat","background-position":"center center","background-size":"auto","background-attachment":"scroll","background-type":"","background-media":"","overlay-type":"","overlay-color":"","overlay-opacity":"","overlay-gradient":""},"tablet":{"background-color":"var(--ast-global-color-5)","background-image":"","background-repeat":"repeat","background-position":"center center","background-size":"auto","background-attachment":"scroll","background-type":"","background-media":"","overlay-type":"","overlay-color":"","overlay-opacity":"","overlay-gradient":""},"mobile":{"background-color":"var(--ast-global-color-5)","background-image":"","background-repeat":"repeat","background-position":"center center","background-size":"auto","background-attachment":"scroll","background-type":"","background-media":"","overlay-type":"","overlay-color":"","overlay-opacity":"","overlay-gradient":""}}},"product_brand":[],"product_cat":[140],"product_tag":[141,142,143,145,66,65,144],"class_list":{"0":"post-2982","1":"product","2":"type-product","3":"status-publish","4":"has-post-thumbnail","6":"product_cat-frisbeegolf","7":"product_tag-frisbeegolf","8":"product_tag-frisbeegolfkisa","9":"product_tag-frisbeegolkisat","10":"product_tag-iso-heitto","11":"product_tag-iso-kirja","12":"product_tag-iso-pata","13":"product_tag-lounas","14":"desktop-align-left","15":"tablet-align-left","16":"mobile-align-left","17":"ast-product-gallery-layout-vertical","18":"ast-product-gallery-with-no-image","19":"ast-product-tabs-layout-horizontal","20":"ast-qv-on-image","22":"first","23":"outofstock","24":"taxable","25":"shipping-taxable","26":"purchasable","27":"product-type-simple"},"_links":{"self":[{"href":"https:\/\/kauppa.isokirja.fi\/en\/wp-json\/wp\/v2\/product\/2982","targetHints":{"allow":["GET"]}}],"collection":[{"href":"https:\/\/kauppa.isokirja.fi\/en\/wp-json\/wp\/v2\/product"}],"about":[{"href":"https:\/\/kauppa.isokirja.fi\/en\/wp-json\/wp\/v2\/types\/product"}],"wp:featuredmedia":[{"embeddable":true,"href":"https:\/\/kauppa.isokirja.fi\/en\/wp-json\/wp\/v2\/media\/2995"}],"wp:attachment":[{"href":"https:\/\/kauppa.isokirja.fi\/en\/wp-json\/wp\/v2\/media?parent=2982"}],"wp:term":[{"taxonomy":"product_brand","embeddable":true,"href":"https:\/\/kauppa.isokirja.fi\/en\/wp-json\/wp\/v2\/product_brand?post=2982"},{"taxonomy":"product_cat","embeddable":true,"href":"https:\/\/kauppa.isokirja.fi\/en\/wp-json\/wp\/v2\/product_cat?post=2982"},{"taxonomy":"product_tag","embeddable":true,"href":"https:\/\/kauppa.isokirja.fi\/en\/wp-json\/wp\/v2\/product_tag?post=2982"}],"curies":[{"name":"wp","href":"https:\/\/api.w.org\/{rel}","templated":true}]}}