{"id":3439,"date":"2022-06-10T19:43:54","date_gmt":"2022-06-10T16:43:54","guid":{"rendered":"https:\/\/kauppa.isokirja.fi\/?post_type=product&#038;p=3439"},"modified":"2025-06-20T22:07:28","modified_gmt":"2025-06-20T19:07:28","slug":"patjamajoitus-ke-to-naiset","status":"publish","type":"product","link":"https:\/\/kauppa.isokirja.fi\/en\/tuote\/patjamajoitus-ke-to-naiset\/","title":{"rendered":"Patjamajoitus ke-to naiset"},"content":{"rendered":"<p><strong>Yhteismajoitus Juhannuskonferenssiin<\/strong><br \/>\npatjapaikka naisten luokkatilasta<br \/>\n18.-19.6. (ke-to)<br \/>\nWC ja suihku k\u00e4yt\u00e4v\u00e4ll\u00e4<br \/>\nSis\u00e4lt\u00e4\u00e4\u00a0 patjan. Oma peitto, tyyny ja liinavaatteet tai makuupussi mukaan.<\/p>\n<ul>\n<li>Varaus on yhdelle y\u00f6lle, lis\u00e4p\u00e4ivi\u00e4 voit varata lis\u00e4\u00e4m\u00e4ll\u00e4 ostoskoriin tuotteen kullekin haluamallesi y\u00f6lle.<\/li>\n<li>Majoitustiloihin j\u00e4rjestet\u00e4\u00e4n bussikuljetus Ison Kirjan alueelta aamuisin ja iltaisin. Tarkemmat aikataulut l\u00f6yd\u00e4t osoitteesta www.juhannuskonferenssi.fi\/majoitus<\/li>\n<li>Majoitustilat sijaitsevat Keuruun keskustan koululla n. 10 km Isosta Kirjasta.<\/li>\n<li>Saapuessasi Juhannuskonferenssiin ilmoittaudu Juhlakansliaan, mist\u00e4 saat majoituskortin.<\/li>\n<\/ul>\n<p>Peruutukset<\/p>\n<ul>\n<li style=\"list-style-type: none;\">\n<ul>\n<li>Peruutus tulee tehd\u00e4 14 vuorokauden kuluessa tilauksen vastaanottamisesta kuitenkin viimeist\u00e4\u00e4n 14 p\u00e4iv\u00e4\u00e4 ennen tapahtuman alkamista, mink\u00e4 j\u00e4lkeen tuotteilla ei ole palautus- tai peruutusoikeutta.<\/li>\n<li>Maksu palautetaan asiakkaan ilmoittamalle tilille.<\/li>\n<\/ul>\n<\/li>\n<\/ul>\n<p>HUOM!<br \/>\nMik\u00e4li varaat majoitusta useammalle henkil\u00f6lle, merkitse kaikkien majoittujien nimet lis\u00e4tietoja kentt\u00e4\u00e4n kassalla.<\/p>\n","protected":false},"excerpt":{"rendered":"<p><strong>Yhteismajoitus Juhannuskonferenssiin<\/strong><br \/>\npatjapaikka naisten luokkatilasta<br \/>\n18.-19.6. (ke-to)<br \/>\nWC ja suihku k\u00e4yt\u00e4v\u00e4ll\u00e4<br \/>\nSis\u00e4lt\u00e4\u00e4\u00a0 patjan. Oma peitto, tyyny ja liinavaatteet tai makuupussi mukaan.<\/p>\n<p>&nbsp;<\/p>\n<p>HUOM!<br \/>\nMik\u00e4li varaat majoitusta useammalle henkil\u00f6lle, merkitse kaikkien majoittujien nimet lis\u00e4tietoja kentt\u00e4\u00e4n kassalla.<\/p>\n","protected":false},"featured_media":7556,"template":"","meta":{"site-sidebar-layout":"default","site-content-layout":"default","ast-site-content-layout":"default","site-content-style":"default","site-sidebar-style":"default","ast-global-header-display":"","ast-banner-title-visibility":"","ast-main-header-display":"","ast-hfb-above-header-display":"","ast-hfb-below-header-display":"","ast-hfb-mobile-header-display":"","site-post-title":"","ast-breadcrumbs-content":"","ast-featured-img":"","footer-sml-layout":"","ast-disable-related-posts":"","theme-transparent-header-meta":"default","adv-header-id-meta":"","stick-header-meta":"","header-above-stick-meta":"","header-main-stick-meta":"","header-below-stick-meta":"","astra-migrate-meta-layouts":"set","ast-page-background-enabled":"default","ast-page-background-meta":{"desktop":{"background-color":"","background-image":"","background-repeat":"repeat","background-position":"center center","background-size":"auto","background-attachment":"scroll","background-type":"","background-media":"","overlay-type":"","overlay-color":"","overlay-opacity":"","overlay-gradient":""},"tablet":{"background-color":"","background-image":"","background-repeat":"repeat","background-position":"center center","background-size":"auto","background-attachment":"scroll","background-type":"","background-media":"","overlay-type":"","overlay-color":"","overlay-opacity":"","overlay-gradient":""},"mobile":{"background-color":"","background-image":"","background-repeat":"repeat","background-position":"center center","background-size":"auto","background-attachment":"scroll","background-type":"","background-media":"","overlay-type":"","overlay-color":"","overlay-opacity":"","overlay-gradient":""}},"ast-content-background-meta":{"desktop":{"background-color":"var(--ast-global-color-5)","background-image":"","background-repeat":"repeat","background-position":"center center","background-size":"auto","background-attachment":"scroll","background-type":"","background-media":"","overlay-type":"","overlay-color":"","overlay-opacity":"","overlay-gradient":""},"tablet":{"background-color":"var(--ast-global-color-5)","background-image":"","background-repeat":"repeat","background-position":"center center","background-size":"auto","background-attachment":"scroll","background-type":"","background-media":"","overlay-type":"","overlay-color":"","overlay-opacity":"","overlay-gradient":""},"mobile":{"background-color":"var(--ast-global-color-5)","background-image":"","background-repeat":"repeat","background-position":"center center","background-size":"auto","background-attachment":"scroll","background-type":"","background-media":"","overlay-type":"","overlay-color":"","overlay-opacity":"","overlay-gradient":""}}},"product_brand":[],"product_cat":[35,55],"product_tag":[],"class_list":{"0":"post-3439","1":"product","2":"type-product","3":"status-publish","4":"has-post-thumbnail","6":"product_cat-juhannuskonferenssi","7":"product_cat-majoitus","8":"desktop-align-left","9":"tablet-align-left","10":"mobile-align-left","11":"ast-product-gallery-layout-vertical","12":"ast-product-gallery-with-no-image","13":"ast-product-tabs-layout-horizontal","14":"ast-qv-on-image","16":"first","17":"outofstock","18":"virtual","19":"purchasable","20":"product-type-simple"},"_links":{"self":[{"href":"https:\/\/kauppa.isokirja.fi\/en\/wp-json\/wp\/v2\/product\/3439","targetHints":{"allow":["GET"]}}],"collection":[{"href":"https:\/\/kauppa.isokirja.fi\/en\/wp-json\/wp\/v2\/product"}],"about":[{"href":"https:\/\/kauppa.isokirja.fi\/en\/wp-json\/wp\/v2\/types\/product"}],"wp:featuredmedia":[{"embeddable":true,"href":"https:\/\/kauppa.isokirja.fi\/en\/wp-json\/wp\/v2\/media\/7556"}],"wp:attachment":[{"href":"https:\/\/kauppa.isokirja.fi\/en\/wp-json\/wp\/v2\/media?parent=3439"}],"wp:term":[{"taxonomy":"product_brand","embeddable":true,"href":"https:\/\/kauppa.isokirja.fi\/en\/wp-json\/wp\/v2\/product_brand?post=3439"},{"taxonomy":"product_cat","embeddable":true,"href":"https:\/\/kauppa.isokirja.fi\/en\/wp-json\/wp\/v2\/product_cat?post=3439"},{"taxonomy":"product_tag","embeddable":true,"href":"https:\/\/kauppa.isokirja.fi\/en\/wp-json\/wp\/v2\/product_tag?post=3439"}],"curies":[{"name":"wp","href":"https:\/\/api.w.org\/{rel}","templated":true}]}}