{"id":3946,"date":"2022-11-01T14:40:54","date_gmt":"2022-11-01T12:40:54","guid":{"rendered":"https:\/\/kauppa.isokirja.fi\/?post_type=product&#038;p=3946"},"modified":"2024-08-14T08:53:04","modified_gmt":"2024-08-14T05:53:04","slug":"epilogi-2-2022","status":"publish","type":"product","link":"https:\/\/kauppa.isokirja.fi\/en\/tuote\/epilogi-2-2022\/","title":{"rendered":"Epilogi 2 2022"},"content":{"rendered":"<p><a href=\"https:\/\/www.ikopisto.fi\/epilogit\"><strong>Epilogi 2<\/strong><\/a> Isossa Kirjassa: 2.-4.12.2022<br \/>\n<strong>T\u00e4rke\u00e4\u00e4: <\/strong>Ilmoita leiril\u00e4isen nimi &#8220;Tilauksen kommentti&#8221; -kent\u00e4ss\u00e4!<\/p>\n<p>Ostamalla t\u00e4m\u00e4n tuotteen varmistat paikkasi leirill\u00e4. Maksun tulee olla suoritettuna ennen leirille saapumista.<\/p>\n<p><strong>Lis\u00e4tiedot<\/strong><br \/>\nNuorisosihteeri<br \/>\nnuorisosihteeri(at)isokirja.fi<br \/>\n040 750 1061<\/p>\n","protected":false},"excerpt":{"rendered":"<p>Epilogi 2 Isossa Kirjassa: 2.-4.12.2022 T\u00e4rke\u00e4\u00e4: Ilmoita leiril\u00e4isen nimi &#8220;Tilauksen kommentti&#8221; -kent\u00e4ss\u00e4! Ostamalla t\u00e4m\u00e4n tuotteen varmistat paikkasi leirill\u00e4. Maksun tulee olla suoritettuna ennen leirille saapumista. Lis\u00e4tiedot Nuorisosihteeri nuorisosihteeri(at)isokirja.fi 040 750 1061<\/p>\n","protected":false},"featured_media":3947,"template":"","meta":{"site-sidebar-layout":"default","site-content-layout":"default","ast-site-content-layout":"default","site-content-style":"default","site-sidebar-style":"default","ast-global-header-display":"","ast-banner-title-visibility":"","ast-main-header-display":"","ast-hfb-above-header-display":"","ast-hfb-below-header-display":"","ast-hfb-mobile-header-display":"","site-post-title":"","ast-breadcrumbs-content":"","ast-featured-img":"","footer-sml-layout":"","ast-disable-related-posts":"","theme-transparent-header-meta":"default","adv-header-id-meta":"","stick-header-meta":"","header-above-stick-meta":"","header-main-stick-meta":"","header-below-stick-meta":"","astra-migrate-meta-layouts":"default","ast-page-background-enabled":"default","ast-page-background-meta":{"desktop":{"background-color":"","background-image":"","background-repeat":"repeat","background-position":"center center","background-size":"auto","background-attachment":"scroll","background-type":"","background-media":"","overlay-type":"","overlay-color":"","overlay-opacity":"","overlay-gradient":""},"tablet":{"background-color":"","background-image":"","background-repeat":"repeat","background-position":"center center","background-size":"auto","background-attachment":"scroll","background-type":"","background-media":"","overlay-type":"","overlay-color":"","overlay-opacity":"","overlay-gradient":""},"mobile":{"background-color":"","background-image":"","background-repeat":"repeat","background-position":"center center","background-size":"auto","background-attachment":"scroll","background-type":"","background-media":"","overlay-type":"","overlay-color":"","overlay-opacity":"","overlay-gradient":""}},"ast-content-background-meta":{"desktop":{"background-color":"var(--ast-global-color-5)","background-image":"","background-repeat":"repeat","background-position":"center center","background-size":"auto","background-attachment":"scroll","background-type":"","background-media":"","overlay-type":"","overlay-color":"","overlay-opacity":"","overlay-gradient":""},"tablet":{"background-color":"var(--ast-global-color-5)","background-image":"","background-repeat":"repeat","background-position":"center center","background-size":"auto","background-attachment":"scroll","background-type":"","background-media":"","overlay-type":"","overlay-color":"","overlay-opacity":"","overlay-gradient":""},"mobile":{"background-color":"var(--ast-global-color-5)","background-image":"","background-repeat":"repeat","background-position":"center center","background-size":"auto","background-attachment":"scroll","background-type":"","background-media":"","overlay-type":"","overlay-color":"","overlay-opacity":"","overlay-gradient":""}}},"product_brand":[],"product_cat":[157],"product_tag":[158,159],"class_list":{"0":"post-3946","1":"product","2":"type-product","3":"status-publish","4":"has-post-thumbnail","6":"product_cat-nuorisotoiminnot","7":"product_tag-leiri","8":"product_tag-nuorisotoiminnot","9":"product_shipping_class-nouto","10":"desktop-align-left","11":"tablet-align-left","12":"mobile-align-left","13":"ast-product-gallery-layout-vertical","14":"ast-product-gallery-with-no-image","15":"ast-product-tabs-layout-horizontal","16":"ast-qv-on-image","18":"first","19":"outofstock","20":"purchasable","21":"product-type-simple"},"_links":{"self":[{"href":"https:\/\/kauppa.isokirja.fi\/en\/wp-json\/wp\/v2\/product\/3946","targetHints":{"allow":["GET"]}}],"collection":[{"href":"https:\/\/kauppa.isokirja.fi\/en\/wp-json\/wp\/v2\/product"}],"about":[{"href":"https:\/\/kauppa.isokirja.fi\/en\/wp-json\/wp\/v2\/types\/product"}],"wp:featuredmedia":[{"embeddable":true,"href":"https:\/\/kauppa.isokirja.fi\/en\/wp-json\/wp\/v2\/media\/3947"}],"wp:attachment":[{"href":"https:\/\/kauppa.isokirja.fi\/en\/wp-json\/wp\/v2\/media?parent=3946"}],"wp:term":[{"taxonomy":"product_brand","embeddable":true,"href":"https:\/\/kauppa.isokirja.fi\/en\/wp-json\/wp\/v2\/product_brand?post=3946"},{"taxonomy":"product_cat","embeddable":true,"href":"https:\/\/kauppa.isokirja.fi\/en\/wp-json\/wp\/v2\/product_cat?post=3946"},{"taxonomy":"product_tag","embeddable":true,"href":"https:\/\/kauppa.isokirja.fi\/en\/wp-json\/wp\/v2\/product_tag?post=3946"}],"curies":[{"name":"wp","href":"https:\/\/api.w.org\/{rel}","templated":true}]}}