{"id":4071,"date":"2022-12-05T11:52:29","date_gmt":"2022-12-05T09:52:29","guid":{"rendered":"https:\/\/kauppa.isokirja.fi\/?post_type=product&#038;p=4071"},"modified":"2023-05-02T12:33:07","modified_gmt":"2023-05-02T09:33:07","slug":"fifteen-1-2023","status":"publish","type":"product","link":"https:\/\/kauppa.isokirja.fi\/en\/tuote\/fifteen-1-2023\/","title":{"rendered":"Fifteen 1 2023"},"content":{"rendered":"<p><strong>Lis\u00e4tiedot:<\/strong><\/p>\n<p>IK-opiston nuorisosihteeri<br \/>\nnuorisosihteeri(at)isokirja.fi<br \/>\n040 750 1061<\/p>\n","protected":false},"excerpt":{"rendered":"<p><a href=\"https:\/\/www.ikopisto.fi\/fifteenit\">Fifteen 1<\/a> 6.-15.6.2023 Isossa Kirjassa.<br \/>\n<strong>T\u00e4rke\u00e4\u00e4: <\/strong>Ilmoita leiril\u00e4isen nimi &#8220;Tilauksen kommentti&#8221; -kent\u00e4ss\u00e4!<\/p>\n<p>T\u00e4m\u00e4 tuote on vain ilmoittautuneille. Ostamalla tuotteen suoritat leirimaksun. Maksun tulee olla suoritettuna verkkokaupassa 30.4.2023 menness\u00e4. T\u00e4m\u00e4n j\u00e4lkeen ilmoittautuneelle, jotka eiv\u00e4t olet suorittaneet leirimaksua, l\u00e4hetet\u00e4\u00e4n lasku, johon lis\u00e4t\u00e4\u00e4n 20 \u20ac laskutuslis\u00e4. Lis\u00e4tietoja nuorisosihteerilt\u00e4 (nuorisosihteeri@isokirja.fi).<\/p>\n","protected":false},"featured_media":4072,"template":"","meta":{"site-sidebar-layout":"default","site-content-layout":"default","ast-site-content-layout":"default","site-content-style":"default","site-sidebar-style":"default","ast-global-header-display":"","ast-banner-title-visibility":"","ast-main-header-display":"","ast-hfb-above-header-display":"","ast-hfb-below-header-display":"","ast-hfb-mobile-header-display":"","site-post-title":"","ast-breadcrumbs-content":"","ast-featured-img":"","footer-sml-layout":"","ast-disable-related-posts":"","theme-transparent-header-meta":"default","adv-header-id-meta":"","stick-header-meta":"","header-above-stick-meta":"","header-main-stick-meta":"","header-below-stick-meta":"","astra-migrate-meta-layouts":"default","ast-page-background-enabled":"default","ast-page-background-meta":{"desktop":{"background-color":"","background-image":"","background-repeat":"repeat","background-position":"center center","background-size":"auto","background-attachment":"scroll","background-type":"","background-media":"","overlay-type":"","overlay-color":"","overlay-opacity":"","overlay-gradient":""},"tablet":{"background-color":"","background-image":"","background-repeat":"repeat","background-position":"center center","background-size":"auto","background-attachment":"scroll","background-type":"","background-media":"","overlay-type":"","overlay-color":"","overlay-opacity":"","overlay-gradient":""},"mobile":{"background-color":"","background-image":"","background-repeat":"repeat","background-position":"center center","background-size":"auto","background-attachment":"scroll","background-type":"","background-media":"","overlay-type":"","overlay-color":"","overlay-opacity":"","overlay-gradient":""}},"ast-content-background-meta":{"desktop":{"background-color":"var(--ast-global-color-5)","background-image":"","background-repeat":"repeat","background-position":"center center","background-size":"auto","background-attachment":"scroll","background-type":"","background-media":"","overlay-type":"","overlay-color":"","overlay-opacity":"","overlay-gradient":""},"tablet":{"background-color":"var(--ast-global-color-5)","background-image":"","background-repeat":"repeat","background-position":"center center","background-size":"auto","background-attachment":"scroll","background-type":"","background-media":"","overlay-type":"","overlay-color":"","overlay-opacity":"","overlay-gradient":""},"mobile":{"background-color":"var(--ast-global-color-5)","background-image":"","background-repeat":"repeat","background-position":"center center","background-size":"auto","background-attachment":"scroll","background-type":"","background-media":"","overlay-type":"","overlay-color":"","overlay-opacity":"","overlay-gradient":""}}},"product_brand":[],"product_cat":[157],"product_tag":[158,159],"class_list":{"0":"post-4071","1":"product","2":"type-product","3":"status-publish","4":"has-post-thumbnail","6":"product_cat-nuorisotoiminnot","7":"product_tag-leiri","8":"product_tag-nuorisotoiminnot","9":"product_shipping_class-nouto","10":"desktop-align-left","11":"tablet-align-left","12":"mobile-align-left","13":"ast-product-gallery-layout-vertical","14":"ast-product-gallery-with-no-image","15":"ast-product-tabs-layout-horizontal","16":"ast-qv-on-image","18":"first","19":"outofstock","20":"purchasable","21":"product-type-simple"},"_links":{"self":[{"href":"https:\/\/kauppa.isokirja.fi\/en\/wp-json\/wp\/v2\/product\/4071","targetHints":{"allow":["GET"]}}],"collection":[{"href":"https:\/\/kauppa.isokirja.fi\/en\/wp-json\/wp\/v2\/product"}],"about":[{"href":"https:\/\/kauppa.isokirja.fi\/en\/wp-json\/wp\/v2\/types\/product"}],"wp:featuredmedia":[{"embeddable":true,"href":"https:\/\/kauppa.isokirja.fi\/en\/wp-json\/wp\/v2\/media\/4072"}],"wp:attachment":[{"href":"https:\/\/kauppa.isokirja.fi\/en\/wp-json\/wp\/v2\/media?parent=4071"}],"wp:term":[{"taxonomy":"product_brand","embeddable":true,"href":"https:\/\/kauppa.isokirja.fi\/en\/wp-json\/wp\/v2\/product_brand?post=4071"},{"taxonomy":"product_cat","embeddable":true,"href":"https:\/\/kauppa.isokirja.fi\/en\/wp-json\/wp\/v2\/product_cat?post=4071"},{"taxonomy":"product_tag","embeddable":true,"href":"https:\/\/kauppa.isokirja.fi\/en\/wp-json\/wp\/v2\/product_tag?post=4071"}],"curies":[{"name":"wp","href":"https:\/\/api.w.org\/{rel}","templated":true}]}}