{"id":4411,"date":"2023-04-12T14:49:46","date_gmt":"2023-04-12T11:49:46","guid":{"rendered":"https:\/\/kauppa.isokirja.fi\/?post_type=product&#038;p=4411"},"modified":"2023-10-30T17:07:46","modified_gmt":"2023-10-30T15:07:46","slug":"yc-ranneke-2023","status":"publish","type":"product","link":"https:\/\/kauppa.isokirja.fi\/en\/tuote\/yc-ranneke-2023\/","title":{"rendered":"YC-ranneke 2023"},"content":{"rendered":"<p><strong>Youth Celebration<\/strong><br \/>\n25.-26.8.2023<\/p>\n<p>YC-rannekkeeseen sis\u00e4ltyy ohjelmat, majoitus ja ruokailut. P\u00e4\u00e4sy konserttitelttaan vain rannekkeella. Muutoin alueelle vapaa p\u00e4\u00e4sy.<\/p>\n<p>Rannekkeen ennakkoon ostaneet noutavat rannekkeet YC:n lipunmyyntipisteest\u00e4 tapahtuman alkaessa.<\/p>\n<div><\/div>\n<div>HUOM!<\/div>\n<div class=\"menu-item\">\n<div>Ik\u00e4suositus tapahtumaan on 13-20 v.<\/div>\n<div><\/div>\n<\/div>\n<div>Lis\u00e4tietoja tapahtumasta <a href=\"http:\/\/www.youthcelebration.fi\">www.youthcelebration.fi<\/a><\/div>\n","protected":false},"excerpt":{"rendered":"<p><strong>Youth Celebration<\/strong><br \/>\n25.-26.8.2023<\/p>\n<p>YC -ranneke<br \/>\nsis\u00e4lt\u00e4\u00e4 ohjelman<\/p>\n","protected":false},"featured_media":4412,"template":"","meta":{"site-sidebar-layout":"default","site-content-layout":"default","ast-site-content-layout":"default","site-content-style":"default","site-sidebar-style":"default","ast-global-header-display":"","ast-banner-title-visibility":"","ast-main-header-display":"","ast-hfb-above-header-display":"","ast-hfb-below-header-display":"","ast-hfb-mobile-header-display":"","site-post-title":"","ast-breadcrumbs-content":"","ast-featured-img":"","footer-sml-layout":"","ast-disable-related-posts":"","theme-transparent-header-meta":"default","adv-header-id-meta":"","stick-header-meta":"","header-above-stick-meta":"","header-main-stick-meta":"","header-below-stick-meta":"","astra-migrate-meta-layouts":"set","ast-page-background-enabled":"default","ast-page-background-meta":{"desktop":{"background-color":"","background-image":"","background-repeat":"repeat","background-position":"center center","background-size":"auto","background-attachment":"scroll","background-type":"","background-media":"","overlay-type":"","overlay-color":"","overlay-opacity":"","overlay-gradient":""},"tablet":{"background-color":"","background-image":"","background-repeat":"repeat","background-position":"center center","background-size":"auto","background-attachment":"scroll","background-type":"","background-media":"","overlay-type":"","overlay-color":"","overlay-opacity":"","overlay-gradient":""},"mobile":{"background-color":"","background-image":"","background-repeat":"repeat","background-position":"center center","background-size":"auto","background-attachment":"scroll","background-type":"","background-media":"","overlay-type":"","overlay-color":"","overlay-opacity":"","overlay-gradient":""}},"ast-content-background-meta":{"desktop":{"background-color":"var(--ast-global-color-5)","background-image":"","background-repeat":"repeat","background-position":"center center","background-size":"auto","background-attachment":"scroll","background-type":"","background-media":"","overlay-type":"","overlay-color":"","overlay-opacity":"","overlay-gradient":""},"tablet":{"background-color":"var(--ast-global-color-5)","background-image":"","background-repeat":"repeat","background-position":"center center","background-size":"auto","background-attachment":"scroll","background-type":"","background-media":"","overlay-type":"","overlay-color":"","overlay-opacity":"","overlay-gradient":""},"mobile":{"background-color":"var(--ast-global-color-5)","background-image":"","background-repeat":"repeat","background-position":"center center","background-size":"auto","background-attachment":"scroll","background-type":"","background-media":"","overlay-type":"","overlay-color":"","overlay-opacity":"","overlay-gradient":""}}},"product_brand":[],"product_cat":[57],"product_tag":[122,123],"class_list":{"0":"post-4411","1":"product","2":"type-product","3":"status-publish","4":"has-post-thumbnail","6":"product_cat-youth-celebration","7":"product_tag-konsertti","8":"product_tag-yc","9":"product_shipping_class-nouto","10":"desktop-align-left","11":"tablet-align-left","12":"mobile-align-left","13":"ast-product-gallery-layout-vertical","14":"ast-product-gallery-with-no-image","15":"ast-product-tabs-layout-horizontal","16":"ast-qv-on-image","18":"first","19":"outofstock","20":"purchasable","21":"product-type-simple"},"_links":{"self":[{"href":"https:\/\/kauppa.isokirja.fi\/en\/wp-json\/wp\/v2\/product\/4411","targetHints":{"allow":["GET"]}}],"collection":[{"href":"https:\/\/kauppa.isokirja.fi\/en\/wp-json\/wp\/v2\/product"}],"about":[{"href":"https:\/\/kauppa.isokirja.fi\/en\/wp-json\/wp\/v2\/types\/product"}],"wp:featuredmedia":[{"embeddable":true,"href":"https:\/\/kauppa.isokirja.fi\/en\/wp-json\/wp\/v2\/media\/4412"}],"wp:attachment":[{"href":"https:\/\/kauppa.isokirja.fi\/en\/wp-json\/wp\/v2\/media?parent=4411"}],"wp:term":[{"taxonomy":"product_brand","embeddable":true,"href":"https:\/\/kauppa.isokirja.fi\/en\/wp-json\/wp\/v2\/product_brand?post=4411"},{"taxonomy":"product_cat","embeddable":true,"href":"https:\/\/kauppa.isokirja.fi\/en\/wp-json\/wp\/v2\/product_cat?post=4411"},{"taxonomy":"product_tag","embeddable":true,"href":"https:\/\/kauppa.isokirja.fi\/en\/wp-json\/wp\/v2\/product_tag?post=4411"}],"curies":[{"name":"wp","href":"https:\/\/api.w.org\/{rel}","templated":true}]}}