{"id":4545,"date":"2023-05-15T15:52:55","date_gmt":"2023-05-15T12:52:55","guid":{"rendered":"https:\/\/kauppa.isokirja.fi\/?post_type=product&#038;p=4545"},"modified":"2024-10-10T16:54:03","modified_gmt":"2024-10-10T13:54:03","slug":"fisbeegolf-iso-heitto-paivamaksu-juniorit_65","status":"publish","type":"product","link":"https:\/\/kauppa.isokirja.fi\/en\/tuote\/fisbeegolf-iso-heitto-paivamaksu-juniorit_65\/","title":{"rendered":"Frisbeegolf Iso Heitto &#8211; P\u00e4iv\u00e4maksu \/ One day fee 4 \u20ac (Junior \/+65)"},"content":{"rendered":"<h2><strong>Frisbeegolf Iso Heitto<br \/>\n<\/strong><\/h2>\n<p><strong>P\u00e4iv\u00e4maksu 4 \u20ac \/ juniorit (7-18v) + 65 vuotiaat \/ <\/strong>Juniors (7-18 yrs) + 65 yrs 4\u20ac<strong><br \/>\n<\/strong><\/p>\n<p>Suoritettuasi maksun, s\u00e4ilyt\u00e4 maksusuorituksesta kuitti, jonka voit tarvittaessa esitt\u00e4\u00e4 ratavalvojalle.<\/p>\n<p>Iso Heitto -rata on suunniteltu monipuoliselle alueelle, josta l\u00f6ytyy hoidettua nurmikkoa, harvaa mets\u00e4\u00e4, vesiesteit\u00e4 sek\u00e4 m\u00e4ki\u00e4.<br \/>\n<strong>Kes\u00e4kaudella <\/strong>leirinn\u00e4n vastaanotosta <a href=\"https:\/\/www.ikpalvelut.fi\/sicafe\"><strong>SiCaf\u00e9sta<\/strong><\/a> saa uusia ja vuokrakiekkoja, kahvia, virvokkeita ja pient\u00e4 suolaista purtavaa.<\/p>\n<p><strong>Lis\u00e4tietoja pelaamiseen: <a href=\"https:\/\/www.ikpalvelut.fi\/frisbeegolf\">https:\/\/www.ikpalvelut.fi\/frisbeegolf<\/a><\/strong><\/p>\n","protected":false},"excerpt":{"rendered":"<h2><strong>Frisbeegolf Iso Heitto<br \/>\n<\/strong><\/h2>\n<p><strong>P\u00e4iv\u00e4maksu 4 \u20ac \/ juniorit (7-18v) + 65 vuotiaat <\/strong>\/ Juniors (7-18 yrs) + 65 yrs 4\u20ac<strong><br \/>\n<\/strong><\/p>\n<p>Suoritettuasi maksun, s\u00e4ilyt\u00e4 maksusuorituksesta kuitti, jonka voit tarvittaessa esitt\u00e4\u00e4 ratavalvojalle.<\/p>\n<p><strong>Kisojen ja kes\u00e4n suurtapahtumien aikana rata on suljettu.<br \/>\n<\/strong><\/p>\n<p><strong>Radalla ei ole talvikunnossapitoa.<br \/>\n<\/strong><strong><a href=\"https:\/\/www.ikpalvelut.fi\/frisbeegolf\">https:\/\/www.ikpalvelut.fi\/frisbeegolf<\/a><\/strong><\/p>\n","protected":false},"featured_media":4538,"template":"","meta":{"site-sidebar-layout":"default","site-content-layout":"default","ast-site-content-layout":"default","site-content-style":"default","site-sidebar-style":"default","ast-global-header-display":"","ast-banner-title-visibility":"","ast-main-header-display":"","ast-hfb-above-header-display":"","ast-hfb-below-header-display":"","ast-hfb-mobile-header-display":"","site-post-title":"","ast-breadcrumbs-content":"","ast-featured-img":"","footer-sml-layout":"","ast-disable-related-posts":"","theme-transparent-header-meta":"default","adv-header-id-meta":"","stick-header-meta":"","header-above-stick-meta":"","header-main-stick-meta":"","header-below-stick-meta":"","astra-migrate-meta-layouts":"set","ast-page-background-enabled":"default","ast-page-background-meta":{"desktop":{"background-color":"","background-image":"","background-repeat":"repeat","background-position":"center center","background-size":"auto","background-attachment":"scroll","background-type":"","background-media":"","overlay-type":"","overlay-color":"","overlay-opacity":"","overlay-gradient":""},"tablet":{"background-color":"","background-image":"","background-repeat":"repeat","background-position":"center center","background-size":"auto","background-attachment":"scroll","background-type":"","background-media":"","overlay-type":"","overlay-color":"","overlay-opacity":"","overlay-gradient":""},"mobile":{"background-color":"","background-image":"","background-repeat":"repeat","background-position":"center center","background-size":"auto","background-attachment":"scroll","background-type":"","background-media":"","overlay-type":"","overlay-color":"","overlay-opacity":"","overlay-gradient":""}},"ast-content-background-meta":{"desktop":{"background-color":"var(--ast-global-color-5)","background-image":"","background-repeat":"repeat","background-position":"center center","background-size":"auto","background-attachment":"scroll","background-type":"","background-media":"","overlay-type":"","overlay-color":"","overlay-opacity":"","overlay-gradient":""},"tablet":{"background-color":"var(--ast-global-color-5)","background-image":"","background-repeat":"repeat","background-position":"center center","background-size":"auto","background-attachment":"scroll","background-type":"","background-media":"","overlay-type":"","overlay-color":"","overlay-opacity":"","overlay-gradient":""},"mobile":{"background-color":"var(--ast-global-color-5)","background-image":"","background-repeat":"repeat","background-position":"center center","background-size":"auto","background-attachment":"scroll","background-type":"","background-media":"","overlay-type":"","overlay-color":"","overlay-opacity":"","overlay-gradient":""}}},"product_brand":[],"product_cat":[165],"product_tag":[141,142,145,166,82,167],"class_list":{"0":"post-4545","1":"product","2":"type-product","3":"status-publish","4":"has-post-thumbnail","6":"product_cat-frisbeegolf-iso-heitto","7":"product_tag-frisbeegolf","8":"product_tag-frisbeegolfkisa","9":"product_tag-iso-heitto","10":"product_tag-kausikortti","11":"product_tag-keuruu","12":"product_tag-mandon-kiertajat","13":"desktop-align-left","14":"tablet-align-left","15":"mobile-align-left","16":"ast-product-gallery-layout-vertical","17":"ast-product-tabs-layout-horizontal","18":"ast-qv-on-image","20":"first","21":"instock","22":"virtual","23":"sold-individually","24":"taxable","25":"purchasable","26":"product-type-simple"},"_links":{"self":[{"href":"https:\/\/kauppa.isokirja.fi\/en\/wp-json\/wp\/v2\/product\/4545","targetHints":{"allow":["GET"]}}],"collection":[{"href":"https:\/\/kauppa.isokirja.fi\/en\/wp-json\/wp\/v2\/product"}],"about":[{"href":"https:\/\/kauppa.isokirja.fi\/en\/wp-json\/wp\/v2\/types\/product"}],"wp:featuredmedia":[{"embeddable":true,"href":"https:\/\/kauppa.isokirja.fi\/en\/wp-json\/wp\/v2\/media\/4538"}],"wp:attachment":[{"href":"https:\/\/kauppa.isokirja.fi\/en\/wp-json\/wp\/v2\/media?parent=4545"}],"wp:term":[{"taxonomy":"product_brand","embeddable":true,"href":"https:\/\/kauppa.isokirja.fi\/en\/wp-json\/wp\/v2\/product_brand?post=4545"},{"taxonomy":"product_cat","embeddable":true,"href":"https:\/\/kauppa.isokirja.fi\/en\/wp-json\/wp\/v2\/product_cat?post=4545"},{"taxonomy":"product_tag","embeddable":true,"href":"https:\/\/kauppa.isokirja.fi\/en\/wp-json\/wp\/v2\/product_tag?post=4545"}],"curies":[{"name":"wp","href":"https:\/\/api.w.org\/{rel}","templated":true}]}}