{"id":5307,"date":"2023-10-30T09:28:59","date_gmt":"2023-10-30T07:28:59","guid":{"rendered":"https:\/\/kauppa.isokirja.fi\/?post_type=product&#038;p=5307"},"modified":"2024-10-10T17:01:53","modified_gmt":"2024-10-10T14:01:53","slug":"lahjakortti-matkalla-avioliittoon-helmikuu-2024","status":"publish","type":"product","link":"https:\/\/kauppa.isokirja.fi\/en\/tuote\/lahjakortti-matkalla-avioliittoon-helmikuu-2024\/","title":{"rendered":"LAHJAKORTTI: Matkalla avioliittoon -kurssi 9.-11.2.2024"},"content":{"rendered":"<p><strong>Lis\u00e4tiedot<\/strong><br \/>\nIson Kirjan nuorisosihteeri<br \/>\nnuorisosihteeri(at)isokirja.fi<br \/>\n040 750 1061<\/p>\n<p>&nbsp;<\/p>\n","protected":false},"excerpt":{"rendered":"<p>LAHJAKORTTI <a href=\"https:\/\/www.ikopisto.fi\/avioliittokurssit#matkalla\">Matkalla avioliittoon -viikonloppukurssille<\/a> Isossa Kirjassa 9.-11.2.2024.<\/p>\n<p>Kurssimaksu sis\u00e4lt\u00e4\u00e4 kurssin sis\u00e4ll\u00f6n, ateriat ja majoituksen <strong>yhdelle henkil\u00f6lle<\/strong>. Hinta ei sis\u00e4ll\u00e4 iltapaloja eik\u00e4 liinavaatteita.<\/p>\n<p><strong>HUOM: Jos tahdot ostaa lahjakortit pariskunnan molemmille osapuolille, lis\u00e4\u00e4 lahjakortteja 2 kpl ostoskoriin!<\/strong><\/p>\n<p>Maksettuasi lahjakortin, saat ilmoittamaasi s\u00e4hk\u00f6postiin ladattavan PDF-tiedoston, jonka voit l\u00e4hett\u00e4\u00e4 tai tulostaa lahjan saajalle. Voit my\u00f6s ilmoittaa s\u00e4hk\u00f6postikentt\u00e4\u00e4n suoraan lahjan saajan s\u00e4hk\u00f6postiosoitteen. Tarkista aina ilmoittamasi s\u00e4hk\u00f6postiosoitteen oikeinkirjoitus hyvin huolellisesti!<\/p>\n<p><strong>Lahjakortin ehdot: <\/strong><\/p>\n<ul>\n<li>Lahjakortti sis\u00e4lt\u00e4\u00e4 <strong>yhden henkil\u00f6n<\/strong> osallistumismaksun Matkalla avioliittoon -kurssille 9.-11.2.2024 (sis. kurssin sis\u00e4ll\u00f6n, ateriat ja majoituksen, mutta ei iltapalaa tai liinavaatteita).<\/li>\n<li>Jokaisen osallistujan tulee ilmoittautua kurssille itse <a href=\"https:\/\/isokirja-lv.creamailer.fi\/survey\/answer\/vhgjvbtngir3s\">ilmoittautumislomakkeen<\/a> kautta.<\/li>\n<li>Osallistujan tulee ilmoittaa maksun tapahtuvan lahjakortilla sek\u00e4 lahjakortin antajan nimi (joko ilmoittautumislomakkeella tai erillisell\u00e4 s\u00e4hk\u00f6postilla nuorisosihteerille).<\/li>\n<li>Lahjakortilla ei voi maksaa muita IK-opiston kursseja.<\/li>\n<li>Lahjakorttia ei voi vaihtaa rahaksi.<\/li>\n<li>Mik\u00e4li kurssi peruuntuu IK-opiston toimesta, rahat palautetaan kokonaan, tai osallistuminen siirret\u00e4\u00e4n seuraavalle Matkalla avioliittoon -kurssille (j\u00e4rjestet\u00e4\u00e4n vuosittain).<\/li>\n<li>Mik\u00e4li kurssille tulo peruuntuu osallistujan sairastumisen vuoksi, palautamme lahjakortista puolet kortin maksaneelle henkil\u00f6lle l\u00e4\u00e4k\u00e4rintodistusta vastaan.<\/li>\n<li>Mik\u00e4li kurssille tulo peruuntuu asiakkaan taholta muusta syyst\u00e4 tai kurssille j\u00e4tet\u00e4\u00e4n saapumatta, IK-opisto ei ole velvollinen hyvitt\u00e4m\u00e4\u00e4n lahjakortin summaa ostajalle.<\/li>\n<\/ul>\n","protected":false},"featured_media":5320,"template":"","meta":{"site-sidebar-layout":"default","site-content-layout":"default","ast-site-content-layout":"default","site-content-style":"default","site-sidebar-style":"default","ast-global-header-display":"","ast-banner-title-visibility":"","ast-main-header-display":"","ast-hfb-above-header-display":"","ast-hfb-below-header-display":"","ast-hfb-mobile-header-display":"","site-post-title":"","ast-breadcrumbs-content":"","ast-featured-img":"","footer-sml-layout":"","ast-disable-related-posts":"","theme-transparent-header-meta":"default","adv-header-id-meta":"","stick-header-meta":"","header-above-stick-meta":"","header-main-stick-meta":"","header-below-stick-meta":"","astra-migrate-meta-layouts":"set","ast-page-background-enabled":"default","ast-page-background-meta":{"desktop":{"background-color":"","background-image":"","background-repeat":"repeat","background-position":"center center","background-size":"auto","background-attachment":"scroll","background-type":"","background-media":"","overlay-type":"","overlay-color":"","overlay-opacity":"","overlay-gradient":""},"tablet":{"background-color":"","background-image":"","background-repeat":"repeat","background-position":"center center","background-size":"auto","background-attachment":"scroll","background-type":"","background-media":"","overlay-type":"","overlay-color":"","overlay-opacity":"","overlay-gradient":""},"mobile":{"background-color":"","background-image":"","background-repeat":"repeat","background-position":"center center","background-size":"auto","background-attachment":"scroll","background-type":"","background-media":"","overlay-type":"","overlay-color":"","overlay-opacity":"","overlay-gradient":""}},"ast-content-background-meta":{"desktop":{"background-color":"var(--ast-global-color-5)","background-image":"","background-repeat":"repeat","background-position":"center center","background-size":"auto","background-attachment":"scroll","background-type":"","background-media":"","overlay-type":"","overlay-color":"","overlay-opacity":"","overlay-gradient":""},"tablet":{"background-color":"var(--ast-global-color-5)","background-image":"","background-repeat":"repeat","background-position":"center center","background-size":"auto","background-attachment":"scroll","background-type":"","background-media":"","overlay-type":"","overlay-color":"","overlay-opacity":"","overlay-gradient":""},"mobile":{"background-color":"var(--ast-global-color-5)","background-image":"","background-repeat":"repeat","background-position":"center center","background-size":"auto","background-attachment":"scroll","background-type":"","background-media":"","overlay-type":"","overlay-color":"","overlay-opacity":"","overlay-gradient":""}}},"product_brand":[],"product_cat":[169],"product_tag":[170,159],"class_list":{"0":"post-5307","1":"product","2":"type-product","3":"status-publish","4":"has-post-thumbnail","6":"product_cat-lahjakortti","7":"product_tag-lahjakortti","8":"product_tag-nuorisotoiminnot","9":"product_shipping_class-nouto","10":"desktop-align-left","11":"tablet-align-left","12":"mobile-align-left","13":"ast-product-gallery-layout-vertical","14":"ast-product-gallery-with-no-image","15":"ast-product-tabs-layout-horizontal","16":"ast-qv-on-image","18":"first","19":"outofstock","20":"downloadable","21":"purchasable","22":"product-type-simple"},"_links":{"self":[{"href":"https:\/\/kauppa.isokirja.fi\/en\/wp-json\/wp\/v2\/product\/5307","targetHints":{"allow":["GET"]}}],"collection":[{"href":"https:\/\/kauppa.isokirja.fi\/en\/wp-json\/wp\/v2\/product"}],"about":[{"href":"https:\/\/kauppa.isokirja.fi\/en\/wp-json\/wp\/v2\/types\/product"}],"wp:featuredmedia":[{"embeddable":true,"href":"https:\/\/kauppa.isokirja.fi\/en\/wp-json\/wp\/v2\/media\/5320"}],"wp:attachment":[{"href":"https:\/\/kauppa.isokirja.fi\/en\/wp-json\/wp\/v2\/media?parent=5307"}],"wp:term":[{"taxonomy":"product_brand","embeddable":true,"href":"https:\/\/kauppa.isokirja.fi\/en\/wp-json\/wp\/v2\/product_brand?post=5307"},{"taxonomy":"product_cat","embeddable":true,"href":"https:\/\/kauppa.isokirja.fi\/en\/wp-json\/wp\/v2\/product_cat?post=5307"},{"taxonomy":"product_tag","embeddable":true,"href":"https:\/\/kauppa.isokirja.fi\/en\/wp-json\/wp\/v2\/product_tag?post=5307"}],"curies":[{"name":"wp","href":"https:\/\/api.w.org\/{rel}","templated":true}]}}