{"id":5829,"date":"2023-11-17T12:24:07","date_gmt":"2023-11-17T10:24:07","guid":{"rendered":"https:\/\/kauppa.isokirja.fi\/tuote\/final-cleaning-nettoyage-final\/"},"modified":"2025-06-01T13:07:17","modified_gmt":"2025-06-01T10:07:17","slug":"final-cleaning-nettoyage-final","status":"publish","type":"product","link":"https:\/\/kauppa.isokirja.fi\/en\/tuote\/final-cleaning-nettoyage-final\/","title":{"rendered":"FINAL CLEANING \/ NETTOYAGE FINAL"},"content":{"rendered":"<div>\n<h6>M\u00f6kkisiivous \/ Cleaning of the cottage \/ Nettoyage final du chalet<\/h6>\n<\/div>\n<p>Even if you buy the final cleaning of your cottage, we expect the property to be left in its normal state of occupancy, with furniture and other equipment in place and intact, dishes on the sink, rubbish in the bin and the major stains and dirt removed. The yard area of the cottage must also be left tidy.<\/p>\n<p>Although you order a final cleaning for the cottage, we do require that the cottage be left in normal order, that is, the furniture and other equipment are in place and normal condition, the dishes placed on the kitchen counter, garbage put in a trash can and dirty things removed. The yard of the cottage is also to be left in a good shape.<\/p>\n<p>M\u00eame si vous commandez un nettoyage final pour votre chalet, nous demandons que le chalet soit en ordre apr\u00e8s votre d\u00e9part, c&#8217;est-\u00e0-dire, les meubles et les autres \u00e9quipements soient dans leurs places et en bon \u00e9tat, les ordures dans les poubelles et les t\u00e2ches sales enlev\u00e9es. Le jardin du chalet doit \u00eatre aussi en bon \u00e9tat.<\/p>\n<p>&nbsp;<\/p>\n<p>&nbsp;<\/p>\n","protected":false},"excerpt":{"rendered":"<h6>M\u00f6kkisiivous \/ Cleaning of the cottage \/ Nettoyage final du chalet<\/h6>\n<div class=\"parcel_type__description\">\n<p>Big Book&#8217;s cleaning team will take care of your cottage cleaning, so you can concentrate on your holiday.<\/p>\n<p>The Iso Kirja cleaning team can take care of the cottage cleaning so that you may take the maximum out of your stay.<br \/>\nL&#8217;\u00e9quipe de nettoyage d&#8217;Iso Kirja peut s&#8217;occuper du nettoyage du chalet pour que vous puissiez profite au maximum de votre s\u00e9jour.<\/p>\n<\/div>\n","protected":false},"featured_media":5686,"template":"","meta":{"site-sidebar-layout":"default","site-content-layout":"default","ast-site-content-layout":"default","site-content-style":"default","site-sidebar-style":"default","ast-global-header-display":"","ast-banner-title-visibility":"","ast-main-header-display":"","ast-hfb-above-header-display":"","ast-hfb-below-header-display":"","ast-hfb-mobile-header-display":"","site-post-title":"","ast-breadcrumbs-content":"","ast-featured-img":"","footer-sml-layout":"","ast-disable-related-posts":"","theme-transparent-header-meta":"default","adv-header-id-meta":"","stick-header-meta":"","header-above-stick-meta":"","header-main-stick-meta":"","header-below-stick-meta":"","astra-migrate-meta-layouts":"default","ast-page-background-enabled":"default","ast-page-background-meta":{"desktop":{"background-color":"","background-image":"","background-repeat":"repeat","background-position":"center center","background-size":"auto","background-attachment":"scroll","background-type":"","background-media":"","overlay-type":"","overlay-color":"","overlay-opacity":"","overlay-gradient":""},"tablet":{"background-color":"","background-image":"","background-repeat":"repeat","background-position":"center center","background-size":"auto","background-attachment":"scroll","background-type":"","background-media":"","overlay-type":"","overlay-color":"","overlay-opacity":"","overlay-gradient":""},"mobile":{"background-color":"","background-image":"","background-repeat":"repeat","background-position":"center center","background-size":"auto","background-attachment":"scroll","background-type":"","background-media":"","overlay-type":"","overlay-color":"","overlay-opacity":"","overlay-gradient":""}},"ast-content-background-meta":{"desktop":{"background-color":"var(--ast-global-color-5)","background-image":"","background-repeat":"repeat","background-position":"center center","background-size":"auto","background-attachment":"scroll","background-type":"","background-media":"","overlay-type":"","overlay-color":"","overlay-opacity":"","overlay-gradient":""},"tablet":{"background-color":"var(--ast-global-color-5)","background-image":"","background-repeat":"repeat","background-position":"center center","background-size":"auto","background-attachment":"scroll","background-type":"","background-media":"","overlay-type":"","overlay-color":"","overlay-opacity":"","overlay-gradient":""},"mobile":{"background-color":"var(--ast-global-color-5)","background-image":"","background-repeat":"repeat","background-position":"center center","background-size":"auto","background-attachment":"scroll","background-type":"","background-media":"","overlay-type":"","overlay-color":"","overlay-opacity":"","overlay-gradient":""}}},"product_brand":[],"product_cat":[178],"product_tag":[],"class_list":{"0":"post-5829","1":"product","2":"type-product","3":"status-publish","4":"has-post-thumbnail","6":"product_cat-ik-camping-en","7":"product_shipping_class-letter","8":"desktop-align-left","9":"tablet-align-left","10":"mobile-align-left","11":"ast-product-gallery-layout-vertical","12":"ast-product-gallery-with-no-image","13":"ast-product-tabs-layout-horizontal","14":"ast-qv-on-image","16":"first","17":"instock","18":"virtual","19":"taxable","20":"purchasable","21":"product-type-simple"},"_links":{"self":[{"href":"https:\/\/kauppa.isokirja.fi\/en\/wp-json\/wp\/v2\/product\/5829","targetHints":{"allow":["GET"]}}],"collection":[{"href":"https:\/\/kauppa.isokirja.fi\/en\/wp-json\/wp\/v2\/product"}],"about":[{"href":"https:\/\/kauppa.isokirja.fi\/en\/wp-json\/wp\/v2\/types\/product"}],"wp:featuredmedia":[{"embeddable":true,"href":"https:\/\/kauppa.isokirja.fi\/en\/wp-json\/wp\/v2\/media\/5686"}],"wp:attachment":[{"href":"https:\/\/kauppa.isokirja.fi\/en\/wp-json\/wp\/v2\/media?parent=5829"}],"wp:term":[{"taxonomy":"product_brand","embeddable":true,"href":"https:\/\/kauppa.isokirja.fi\/en\/wp-json\/wp\/v2\/product_brand?post=5829"},{"taxonomy":"product_cat","embeddable":true,"href":"https:\/\/kauppa.isokirja.fi\/en\/wp-json\/wp\/v2\/product_cat?post=5829"},{"taxonomy":"product_tag","embeddable":true,"href":"https:\/\/kauppa.isokirja.fi\/en\/wp-json\/wp\/v2\/product_tag?post=5829"}],"curies":[{"name":"wp","href":"https:\/\/api.w.org\/{rel}","templated":true}]}}