{"id":633,"date":"2019-03-27T15:41:26","date_gmt":"2019-03-27T13:41:26","guid":{"rendered":"https:\/\/kauppa.isokirja.fi\/?post_type=product&#038;p=633"},"modified":"2019-06-10T16:09:58","modified_gmt":"2019-06-10T13:09:58","slug":"juhannuspaketti-sahkolla-m1033","status":"publish","type":"product","link":"https:\/\/kauppa.isokirja.fi\/en\/tuote\/juhannuspaketti-sahkolla-m1033\/","title":{"rendered":"Juhannuspaketti s\u00e4hk\u00f6ll\u00e4 M1033"},"content":{"rendered":"<p>S\u00e4hk\u00f6llinen vaunupaikka leirint\u00e4alueella Juhannuskonferenssissa 2019.<\/p>\n<p>M-pelto, paikka nro 1033<br \/>\ntelttakatos sallittu<\/p>\n<p><strong>S\u00e4hk\u00f6paikan varaaminen<\/strong><br \/>\nValitse tuotteista mieleisesi vapaana oleva paikka, jolloin saat varattua juuri valitsemasi paikan itsellesi. Paikan voi varata vain ja ainoastaan verkkokaupasta.<\/p>\n<p>Ilmoita tilauksen yhteydess\u00e4 vaunun pituus, rekisterinumero ja onko kyseess\u00e4 asuntovaunu vai -auto.<\/p>\n<p>Tilauksen j\u00e4lkeen tarvittavat paikkaliput l\u00e4hetet\u00e4\u00e4n annettuun osoitteeseen.<\/p>\n<p><strong>Iso Kirja suosittelee<\/strong><br \/>\nC-, D- ja F-pelloille on mahdollista ostaa Vuosipaikka. Korottamalla paikkasi Vuosipaikaksi lukitset vaunupaikkasi sijainnin my\u00f6s tuleviksi vuosiksi. Lis\u00e4ksi voit s\u00e4ilytt\u00e4\u00e4 vaunuasi leirint\u00e4alueellamme ymp\u00e4ri vuoden. Lis\u00e4ksi vuosipaikka tarjoaa sinulle erilaisia etuuksia, joita voit hy\u00f6dynt\u00e4\u00e4 leirint\u00e4alueella lomailusi yhteydess\u00e4. Vuosipaikka on edullisin vaihtoehto lomailijalle, joka viett\u00e4\u00e4 vaunulla aikaa Juhannuskonferenssin lis\u00e4ksi my\u00f6s muulloin. Vuosipaikka on paras vaihtoehto toteuttaa vaunuel\u00e4m\u00e4\u00e4 Ison Kirjan alueella. HUOM! Vuosipaikkaa ei voi varata M-pellolle.<\/p>\n<p><strong>Osallistutko talkoisiin?<\/strong><br \/>\nTalkoolaiset voivat ostaa my\u00f6s t\u00e4m\u00e4n paketin, josta he saavat hyvityst\u00e4 talkoissa olon verran. Talkoolaisen tulee toimittaa juhlakansliaan esimiehen allekirjoittama lappu tehdyist\u00e4 ty\u00f6p\u00e4ivist\u00e4, joiden mukaan hyvitet\u00e4\u00e4n: 2pv ty\u00f6st\u00e4 60\u20ac (vaunu+auto), 5pv ty\u00f6st\u00e4 90\u20ac (vaunu+auto+\u00bd s\u00e4hk\u00f6).<\/p>\n","protected":false},"excerpt":{"rendered":"<p>M-pelto, paikka nro 1033<\/p>\n<p>Juhannuspaketti\u00a0sis\u00e4lt\u00e4\u00e4 kaiken sen, mit\u00e4 tarvitset juhannuksen ajaksi majoittumiseen Ison Kirjan leirint\u00e4alueella. Varaamalla Juhannuspaketin ei sinun tarvitse kiirehti\u00e4 vaunun kanssa satojen kilometrien p\u00e4\u00e4st\u00e4 viikkoja aikaisemmin saadaksesi mieleisen paikan, vaan voit saapua omalle paikallesi vaikka kesken tapahtuman. Lis\u00e4ksi voit j\u00e4tt\u00e4\u00e4 vaunusi Ison Kirjan leirint\u00e4alueelle kes\u00e4kuun loppuun asti, jos et halua l\u00e4hte\u00e4 kuljettamaan vaunua juhannusruuhkaan.<\/p>\n<p><strong>Juhannuspaketti sis\u00e4lt\u00e4\u00e4:<\/strong><br \/>\n&#8211; Asuntovaunu -tai autopaikan Juhannuskonferenssin ajaksi<br \/>\n&#8211; Matkailuajoneuvo- ja henkil\u00f6maksut 14. &#8211; 30.6\u00a0ajalle<br \/>\n&#8211; Latauss\u00e4hk\u00f6 juhannusviikolle<br \/>\n&#8211; Ison rantasaunan k\u00e4yt\u00f6n<\/p>\n<p>&nbsp;<\/p>\n","protected":false},"featured_media":408,"template":"","meta":{"site-sidebar-layout":"default","site-content-layout":"default","ast-site-content-layout":"default","site-content-style":"default","site-sidebar-style":"default","ast-global-header-display":"","ast-banner-title-visibility":"","ast-main-header-display":"","ast-hfb-above-header-display":"","ast-hfb-below-header-display":"","ast-hfb-mobile-header-display":"","site-post-title":"","ast-breadcrumbs-content":"","ast-featured-img":"","footer-sml-layout":"","ast-disable-related-posts":"","theme-transparent-header-meta":"default","adv-header-id-meta":"","stick-header-meta":"","header-above-stick-meta":"","header-main-stick-meta":"","header-below-stick-meta":"","astra-migrate-meta-layouts":"default","ast-page-background-enabled":"default","ast-page-background-meta":{"desktop":{"background-color":"","background-image":"","background-repeat":"repeat","background-position":"center center","background-size":"auto","background-attachment":"scroll","background-type":"","background-media":"","overlay-type":"","overlay-color":"","overlay-opacity":"","overlay-gradient":""},"tablet":{"background-color":"","background-image":"","background-repeat":"repeat","background-position":"center center","background-size":"auto","background-attachment":"scroll","background-type":"","background-media":"","overlay-type":"","overlay-color":"","overlay-opacity":"","overlay-gradient":""},"mobile":{"background-color":"","background-image":"","background-repeat":"repeat","background-position":"center center","background-size":"auto","background-attachment":"scroll","background-type":"","background-media":"","overlay-type":"","overlay-color":"","overlay-opacity":"","overlay-gradient":""}},"ast-content-background-meta":{"desktop":{"background-color":"var(--ast-global-color-5)","background-image":"","background-repeat":"repeat","background-position":"center center","background-size":"auto","background-attachment":"scroll","background-type":"","background-media":"","overlay-type":"","overlay-color":"","overlay-opacity":"","overlay-gradient":""},"tablet":{"background-color":"var(--ast-global-color-5)","background-image":"","background-repeat":"repeat","background-position":"center center","background-size":"auto","background-attachment":"scroll","background-type":"","background-media":"","overlay-type":"","overlay-color":"","overlay-opacity":"","overlay-gradient":""},"mobile":{"background-color":"var(--ast-global-color-5)","background-image":"","background-repeat":"repeat","background-position":"center center","background-size":"auto","background-attachment":"scroll","background-type":"","background-media":"","overlay-type":"","overlay-color":"","overlay-opacity":"","overlay-gradient":""}}},"product_brand":[],"product_cat":[35,32,45],"product_tag":[41,38,36,40,37,39],"class_list":{"0":"post-633","1":"product","2":"type-product","3":"status-publish","4":"has-post-thumbnail","6":"product_cat-juhannuskonferenssi","7":"product_cat-leirinta","8":"product_cat-m-pelto","9":"product_tag-juhannus","10":"product_tag-juhannuspaikka","11":"product_tag-juhannuspaketti","12":"product_tag-sahko","13":"product_tag-sahkopaikka","14":"product_tag-vaunupaikka","15":"desktop-align-left","16":"tablet-align-left","17":"mobile-align-left","18":"ast-product-gallery-layout-vertical","19":"ast-product-tabs-layout-horizontal","20":"ast-qv-on-image","22":"first","23":"outofstock","24":"virtual","25":"sold-individually","26":"taxable","27":"purchasable","28":"product-type-simple"},"_links":{"self":[{"href":"https:\/\/kauppa.isokirja.fi\/en\/wp-json\/wp\/v2\/product\/633","targetHints":{"allow":["GET"]}}],"collection":[{"href":"https:\/\/kauppa.isokirja.fi\/en\/wp-json\/wp\/v2\/product"}],"about":[{"href":"https:\/\/kauppa.isokirja.fi\/en\/wp-json\/wp\/v2\/types\/product"}],"wp:featuredmedia":[{"embeddable":true,"href":"https:\/\/kauppa.isokirja.fi\/en\/wp-json\/wp\/v2\/media\/408"}],"wp:attachment":[{"href":"https:\/\/kauppa.isokirja.fi\/en\/wp-json\/wp\/v2\/media?parent=633"}],"wp:term":[{"taxonomy":"product_brand","embeddable":true,"href":"https:\/\/kauppa.isokirja.fi\/en\/wp-json\/wp\/v2\/product_brand?post=633"},{"taxonomy":"product_cat","embeddable":true,"href":"https:\/\/kauppa.isokirja.fi\/en\/wp-json\/wp\/v2\/product_cat?post=633"},{"taxonomy":"product_tag","embeddable":true,"href":"https:\/\/kauppa.isokirja.fi\/en\/wp-json\/wp\/v2\/product_tag?post=633"}],"curies":[{"name":"wp","href":"https:\/\/api.w.org\/{rel}","templated":true}]}}