{"id":7161,"date":"2024-11-27T11:38:50","date_gmt":"2024-11-27T09:38:50","guid":{"rendered":"https:\/\/kauppa.isokirja.fi\/?post_type=product&#038;p=7161"},"modified":"2025-01-21T10:25:14","modified_gmt":"2025-01-21T08:25:14","slug":"lahjakortti-uvleiri-2024","status":"publish","type":"product","link":"https:\/\/kauppa.isokirja.fi\/en\/tuote\/lahjakortti-uvleiri-2024\/","title":{"rendered":"LAHJAKORTTI: Uudenvuoden leiri 29.12.2024-1.1.2025"},"content":{"rendered":"<p><strong>Lis\u00e4tiedot<\/strong><br \/>\nIson Kirjan nuorisosihteeri<br \/>\nnuorisosihteeri(at)isokirja.fi<br \/>\n040 750 1061<\/p>\n<p>&nbsp;<\/p>\n","protected":false},"excerpt":{"rendered":"<p>Lahjakortti <a href=\"https:\/\/www.ikopisto.fi\/uvleiri\">uudenvuoden leirille<\/a> 29.12.2024-1.1.2025<\/p>\n<p>Maksettuasi lahjakortin, saat ladattavaksesi PDF-tiedoston, jonka voit tallentaa ja l\u00e4hett\u00e4\u00e4 tai tulostaa lahjan saajalle.<br \/>\nHUOM: Ilmoita lahjan saajan nimi ostosta tehdess\u00e4si kentt\u00e4ss\u00e4 &#8220;Tilauksen kommentit (valinnainen)&#8221;.<\/p>\n<p><strong>Lahjakortin ehdot: <\/strong><\/p>\n<ul>\n<li>Lahjakortti sis\u00e4lt\u00e4\u00e4 yhden (1) henkil\u00f6n osallistumismaksun Uudenvuoden leirille 29.12.2024-1.1.2025 (sis. leirin, ateriat ja economy-tason majoituksen).<\/li>\n<li>Leiri on tarkoitettu 18-24 -vuotiaille.<\/li>\n<li>Jokaisen osallistujan tulee ilmoittautua kurssille itse osoitteessa: www.ikopisto.fi\/uvleiri<\/li>\n<li>Osallistujan tulee ilmoittaa maksun tapahtuvan lahjakortilla sek\u00e4 lahjakortin antajan nimi (joko ilmoittautumislomakkeen lis\u00e4tietokent\u00e4ss\u00e4 tai erillisell\u00e4 s\u00e4hk\u00f6postilla nuorisosihteerille).<\/li>\n<li>Lahjakortilla ei voi maksaa muita IK-opiston leirej\u00e4.<\/li>\n<li>Lahjakorttia ei vaihdeta rahaksi.<\/li>\n<li>Mik\u00e4li kurssi peruuntuu IK-opiston toimesta, rahat palautetaan kokonaan lahjakortin ostajalle.<\/li>\n<li>Mik\u00e4li kurssille tulo peruuntuu osallistujan sairastumisen vuoksi, palautamme lahjakortista puolet lahjakortin maksaneelle henkil\u00f6lle l\u00e4\u00e4k\u00e4rintodistusta vastaan.<\/li>\n<li>Mik\u00e4li kurssille tulo peruuntuu asiakkaan taholta muusta syyst\u00e4 tai kurssille j\u00e4tet\u00e4\u00e4n saapumatta, IK-opisto ei ole velvollinen hyvitt\u00e4m\u00e4\u00e4n lahjakortin summaa ostajalle.<\/li>\n<\/ul>\n","protected":false},"featured_media":7164,"template":"","meta":{"site-sidebar-layout":"default","site-content-layout":"default","ast-site-content-layout":"default","site-content-style":"default","site-sidebar-style":"default","ast-global-header-display":"","ast-banner-title-visibility":"","ast-main-header-display":"","ast-hfb-above-header-display":"","ast-hfb-below-header-display":"","ast-hfb-mobile-header-display":"","site-post-title":"","ast-breadcrumbs-content":"","ast-featured-img":"","footer-sml-layout":"","ast-disable-related-posts":"","theme-transparent-header-meta":"default","adv-header-id-meta":"","stick-header-meta":"","header-above-stick-meta":"","header-main-stick-meta":"","header-below-stick-meta":"","astra-migrate-meta-layouts":"set","ast-page-background-enabled":"default","ast-page-background-meta":{"desktop":{"background-color":"","background-image":"","background-repeat":"repeat","background-position":"center center","background-size":"auto","background-attachment":"scroll","background-type":"","background-media":"","overlay-type":"","overlay-color":"","overlay-opacity":"","overlay-gradient":""},"tablet":{"background-color":"","background-image":"","background-repeat":"repeat","background-position":"center center","background-size":"auto","background-attachment":"scroll","background-type":"","background-media":"","overlay-type":"","overlay-color":"","overlay-opacity":"","overlay-gradient":""},"mobile":{"background-color":"","background-image":"","background-repeat":"repeat","background-position":"center center","background-size":"auto","background-attachment":"scroll","background-type":"","background-media":"","overlay-type":"","overlay-color":"","overlay-opacity":"","overlay-gradient":""}},"ast-content-background-meta":{"desktop":{"background-color":"var(--ast-global-color-5)","background-image":"","background-repeat":"repeat","background-position":"center center","background-size":"auto","background-attachment":"scroll","background-type":"","background-media":"","overlay-type":"","overlay-color":"","overlay-opacity":"","overlay-gradient":""},"tablet":{"background-color":"var(--ast-global-color-5)","background-image":"","background-repeat":"repeat","background-position":"center center","background-size":"auto","background-attachment":"scroll","background-type":"","background-media":"","overlay-type":"","overlay-color":"","overlay-opacity":"","overlay-gradient":""},"mobile":{"background-color":"var(--ast-global-color-5)","background-image":"","background-repeat":"repeat","background-position":"center center","background-size":"auto","background-attachment":"scroll","background-type":"","background-media":"","overlay-type":"","overlay-color":"","overlay-opacity":"","overlay-gradient":""}}},"product_brand":[],"product_cat":[169,157],"product_tag":[170,159],"class_list":{"0":"post-7161","1":"product","2":"type-product","3":"status-publish","4":"has-post-thumbnail","6":"product_cat-lahjakortti","7":"product_cat-nuorisotoiminnot","8":"product_tag-lahjakortti","9":"product_tag-nuorisotoiminnot","10":"product_shipping_class-nouto","11":"desktop-align-left","12":"tablet-align-left","13":"mobile-align-left","14":"ast-product-gallery-layout-vertical","15":"ast-product-gallery-with-no-image","16":"ast-product-tabs-layout-horizontal","17":"ast-qv-on-image","19":"first","20":"outofstock","21":"downloadable","22":"purchasable","23":"product-type-simple"},"_links":{"self":[{"href":"https:\/\/kauppa.isokirja.fi\/en\/wp-json\/wp\/v2\/product\/7161","targetHints":{"allow":["GET"]}}],"collection":[{"href":"https:\/\/kauppa.isokirja.fi\/en\/wp-json\/wp\/v2\/product"}],"about":[{"href":"https:\/\/kauppa.isokirja.fi\/en\/wp-json\/wp\/v2\/types\/product"}],"wp:featuredmedia":[{"embeddable":true,"href":"https:\/\/kauppa.isokirja.fi\/en\/wp-json\/wp\/v2\/media\/7164"}],"wp:attachment":[{"href":"https:\/\/kauppa.isokirja.fi\/en\/wp-json\/wp\/v2\/media?parent=7161"}],"wp:term":[{"taxonomy":"product_brand","embeddable":true,"href":"https:\/\/kauppa.isokirja.fi\/en\/wp-json\/wp\/v2\/product_brand?post=7161"},{"taxonomy":"product_cat","embeddable":true,"href":"https:\/\/kauppa.isokirja.fi\/en\/wp-json\/wp\/v2\/product_cat?post=7161"},{"taxonomy":"product_tag","embeddable":true,"href":"https:\/\/kauppa.isokirja.fi\/en\/wp-json\/wp\/v2\/product_tag?post=7161"}],"curies":[{"name":"wp","href":"https:\/\/api.w.org\/{rel}","templated":true}]}}