{"id":7398,"date":"2025-03-10T13:45:25","date_gmt":"2025-03-10T11:45:25","guid":{"rendered":"https:\/\/kauppa.isokirja.fi\/?post_type=product&#038;p=7398"},"modified":"2026-03-18T14:26:45","modified_gmt":"2026-03-18T12:26:45","slug":"inva-juhannuspaketti-sahkolla","status":"publish","type":"product","link":"https:\/\/kauppa.isokirja.fi\/en\/tuote\/inva-juhannuspaketti-sahkolla\/","title":{"rendered":"INVA &#8211; juhannuspaketti s\u00e4hk\u00f6ll\u00e4"},"content":{"rendered":"<p><strong>INVA juhannuspaketti 18.-21.6.2026<\/strong><\/p>\n<p><span style=\"color: #000000;\">Sis\u00e4lt\u00e4\u00e4 s\u00e4hk\u00f6llisen vaunupaikan leirint\u00e4alueella Juhannuskonferenssissa.<\/span><\/p>\n<ul>\n<li>Vaunupaikka sijaitsee Hirsikirkon l\u00e4heisyydess\u00e4, mutta paikka ei ole erikseen valittavissa.<\/li>\n<li>Paikka on tarkoitettu ainoastaan liikuntaesteisten tai erityist\u00e4 tukea tarvitsevien asiakkaiden k\u00e4ytt\u00f6\u00f6n.<\/li>\n<li>Avustajat k\u00e4ytt\u00e4v\u00e4t yleist\u00e4 wc:t\u00e4 ja suihkua.<\/li>\n<li>T\u00e4m\u00e4n paikan voi ostaa vain verkkokaupasta.<\/li>\n<li>Jos mahdollista, ilmoita maksun yhteydess\u00e4 vaunun pituus, rekisterinumero ja onko kyseess\u00e4 asuntovaunu vai -auto.<\/li>\n<\/ul>\n<p><strong>IK Camping nettisivusto:<\/strong><br \/>\n<a href=\"https:\/\/www.ikpalvelut.fi\/leirinta\">https:\/\/www.ikpalvelut.fi\/leirinta<\/a><\/p>\n","protected":false},"excerpt":{"rendered":"<p>Vaunupaikka on tarkoitettu ainoastaan liikuntaesteisten tai erityist\u00e4 tukea tarvitsevien asiakkaiden k\u00e4ytt\u00f6\u00f6n. <strong>Asiakkaan tulee olla valmis esitt\u00e4m\u00e4\u00e4n l\u00e4\u00e4k\u00e4rintodistus tai muu selvitys paikan k\u00e4ytt\u00f6tarpeesta<\/strong>.<br \/>\nAstma- ja uniapneassa tulisi k\u00e4ytt\u00e4\u00e4 mahdollisuuksien mukaan omalla akulla toimivia spira- ja CPAP-laitteita, koska s\u00e4hk\u00f6katkot ovat alueella mahdollisia.<\/p>\n<p>Varaamalla juhannuspaketin ei sinun tarvitse kiirehti\u00e4 vaunun kanssa satojen kilometrien p\u00e4\u00e4st\u00e4 viikkoja aikaisemmin saadaksesi paikan, vaan voit saapua omalle paikallesi, vaikka kesken tapahtuman.<\/p>\n<p><strong>INVA &#8211; juhannuspaketti sis\u00e4lt\u00e4\u00e4:<\/strong><\/p>\n<ul>\n<li>Asuntovaunu -tai autopaikan Juhannuskonferenssin ajaksi.<\/li>\n<li>Matkailuajoneuvo- ja henkil\u00f6maksut 14. &#8211; 23.6. ajalle<\/li>\n<li>Latauss\u00e4hk\u00f6 juhannusviikolle.<\/li>\n<\/ul>\n","protected":false},"featured_media":4245,"template":"","meta":{"site-sidebar-layout":"default","site-content-layout":"default","ast-site-content-layout":"default","site-content-style":"default","site-sidebar-style":"default","ast-global-header-display":"","ast-banner-title-visibility":"","ast-main-header-display":"","ast-hfb-above-header-display":"","ast-hfb-below-header-display":"","ast-hfb-mobile-header-display":"","site-post-title":"","ast-breadcrumbs-content":"","ast-featured-img":"","footer-sml-layout":"","ast-disable-related-posts":"","theme-transparent-header-meta":"default","adv-header-id-meta":"","stick-header-meta":"","header-above-stick-meta":"","header-main-stick-meta":"","header-below-stick-meta":"","astra-migrate-meta-layouts":"set","ast-page-background-enabled":"default","ast-page-background-meta":{"desktop":{"background-color":"","background-image":"","background-repeat":"repeat","background-position":"center center","background-size":"auto","background-attachment":"scroll","background-type":"","background-media":"","overlay-type":"","overlay-color":"","overlay-opacity":"","overlay-gradient":""},"tablet":{"background-color":"","background-image":"","background-repeat":"repeat","background-position":"center center","background-size":"auto","background-attachment":"scroll","background-type":"","background-media":"","overlay-type":"","overlay-color":"","overlay-opacity":"","overlay-gradient":""},"mobile":{"background-color":"","background-image":"","background-repeat":"repeat","background-position":"center center","background-size":"auto","background-attachment":"scroll","background-type":"","background-media":"","overlay-type":"","overlay-color":"","overlay-opacity":"","overlay-gradient":""}},"ast-content-background-meta":{"desktop":{"background-color":"var(--ast-global-color-5)","background-image":"","background-repeat":"repeat","background-position":"center center","background-size":"auto","background-attachment":"scroll","background-type":"","background-media":"","overlay-type":"","overlay-color":"","overlay-opacity":"","overlay-gradient":""},"tablet":{"background-color":"var(--ast-global-color-5)","background-image":"","background-repeat":"repeat","background-position":"center center","background-size":"auto","background-attachment":"scroll","background-type":"","background-media":"","overlay-type":"","overlay-color":"","overlay-opacity":"","overlay-gradient":""},"mobile":{"background-color":"var(--ast-global-color-5)","background-image":"","background-repeat":"repeat","background-position":"center center","background-size":"auto","background-attachment":"scroll","background-type":"","background-media":"","overlay-type":"","overlay-color":"","overlay-opacity":"","overlay-gradient":""}}},"product_brand":[],"product_cat":[161],"product_tag":[41,38,36,40,37,39],"class_list":{"0":"post-7398","1":"product","2":"type-product","3":"status-publish","4":"has-post-thumbnail","6":"product_cat-juhannuspaketti","7":"product_tag-juhannus","8":"product_tag-juhannuspaikka","9":"product_tag-juhannuspaketti","10":"product_tag-sahko","11":"product_tag-sahkopaikka","12":"product_tag-vaunupaikka","13":"desktop-align-left","14":"tablet-align-left","15":"mobile-align-left","16":"ast-product-gallery-layout-vertical","17":"ast-product-tabs-layout-horizontal","18":"ast-qv-on-image","20":"first","21":"instock","22":"virtual","23":"sold-individually","24":"purchasable","25":"product-type-simple"},"_links":{"self":[{"href":"https:\/\/kauppa.isokirja.fi\/en\/wp-json\/wp\/v2\/product\/7398","targetHints":{"allow":["GET"]}}],"collection":[{"href":"https:\/\/kauppa.isokirja.fi\/en\/wp-json\/wp\/v2\/product"}],"about":[{"href":"https:\/\/kauppa.isokirja.fi\/en\/wp-json\/wp\/v2\/types\/product"}],"wp:featuredmedia":[{"embeddable":true,"href":"https:\/\/kauppa.isokirja.fi\/en\/wp-json\/wp\/v2\/media\/4245"}],"wp:attachment":[{"href":"https:\/\/kauppa.isokirja.fi\/en\/wp-json\/wp\/v2\/media?parent=7398"}],"wp:term":[{"taxonomy":"product_brand","embeddable":true,"href":"https:\/\/kauppa.isokirja.fi\/en\/wp-json\/wp\/v2\/product_brand?post=7398"},{"taxonomy":"product_cat","embeddable":true,"href":"https:\/\/kauppa.isokirja.fi\/en\/wp-json\/wp\/v2\/product_cat?post=7398"},{"taxonomy":"product_tag","embeddable":true,"href":"https:\/\/kauppa.isokirja.fi\/en\/wp-json\/wp\/v2\/product_tag?post=7398"}],"curies":[{"name":"wp","href":"https:\/\/api.w.org\/{rel}","templated":true}]}}