{"id":7428,"date":"2025-03-24T10:32:46","date_gmt":"2025-03-24T08:32:46","guid":{"rendered":"https:\/\/kauppa.isokirja.fi\/?post_type=product&#038;p=7428"},"modified":"2026-05-07T09:49:35","modified_gmt":"2026-05-07T06:49:35","slug":"yrittajien-juhlaillallinen","status":"publish","type":"product","link":"https:\/\/kauppa.isokirja.fi\/en\/tuote\/yrittajien-juhlaillallinen\/","title":{"rendered":"Yritt\u00e4jien juhlaillallinen"},"content":{"rendered":"<p style=\"font-weight: 400;\">Juhannuskonferenssissa 2026<br \/>\nIson Kirjan ja Fida Bisnestiimin j\u00e4rjest\u00e4m\u00e4<\/p>\n<p style=\"font-weight: 400;\"><strong>Yritt\u00e4jien illallinen<br \/>\n<\/strong><strong>juhannusiltana 20.6. klo 21<br \/>\n<\/strong>Iso Pata -buffetravintolassa<\/p>\n<p style=\"font-weight: 400;\"><b>Mukana: <\/b>mm. Lasse Heikkil\u00e4 ja Lehari Kaustel<br \/>\n<strong>Juonto:<\/strong> Hannu Suni, Marko Halttunen<\/p>\n<p><b>Menu:<\/b><\/p>\n<p><em><span style=\"font-weight: 400;\">nautaa chimi churri<br \/>\n<\/span><span style=\"font-weight: 400;\">paistettua kuhaa sitruunavoin kera<br \/>\n<\/span><span style=\"font-weight: 400;\">tilli-voiperunat<br \/>\n<\/span><span style=\"font-weight: 400;\">riisi<br \/>\n<\/span><span style=\"font-weight: 400;\">kes\u00e4iset kasvikset<\/span><\/em><\/p>\n<p><em><span style=\"font-weight: 400;\">runsas kala-, ja salaattip\u00f6yt\u00e4<br \/>\n<\/span><span style=\"font-weight: 400;\">leiv\u00e4t, levitteet, kotikalja, maito, vesi<\/span><\/em><\/p>\n<p><em><span style=\"font-weight: 400;\">kahvi, tee<br \/>\n<\/span><span style=\"font-weight: 400;\">vadelmaprinsessaleivos<\/span><\/em><\/p>\n<p>&nbsp;<\/p>\n<p><strong>HUOM!<\/strong><br \/>\nLiput varataan ostajan nimell\u00e4. Saapuessasi ilmoitathan nimesi ovella.<\/p>\n","protected":false},"excerpt":{"rendered":"<p style=\"font-weight: 400;\">Juhannuskonferenssissa 2026<br \/>\nIson Kirjan ja Fida Bisnestiimin j\u00e4rjest\u00e4m\u00e4<\/p>\n<p style=\"font-weight: 400;\"><strong>Yritt\u00e4jien illallinen<br \/>\n<\/strong><strong>juhannusiltana 20.6. klo 21<br \/>\n<\/strong>Iso Pata -buffetravintolassa<\/p>\n<p style=\"font-weight: 400;\"><b>Mukana: <\/b>mm. Lasse Heikkil\u00e4 ja Lehari Kaustel<br \/>\n<strong>Juonto:<\/strong> Hannu Suni, Marko Halttunen<\/p>\n<p><b>Menu:<\/b><\/p>\n<p><em><span style=\"font-weight: 400;\">nautaa chimi churri<br \/>\n<\/span><span style=\"font-weight: 400;\">paistettua kuhaa sitruunavoin kera<br \/>\n<\/span><span style=\"font-weight: 400;\">tilli-voiperunat<br \/>\n<\/span><span style=\"font-weight: 400;\">riisi<br \/>\n<\/span><span style=\"font-weight: 400;\">kes\u00e4iset kasvikset<\/span><\/em><\/p>\n<p><em><span style=\"font-weight: 400;\">runsas kala-, ja salaattip\u00f6yt\u00e4<br \/>\n<\/span><span style=\"font-weight: 400;\">leiv\u00e4t, levitteet, kotikalja, maito, vesi<\/span><\/em><\/p>\n<p><em><span style=\"font-weight: 400;\">kahvi, tee<br \/>\n<\/span><span style=\"font-weight: 400;\">vadelmaprinsessaleivos<\/span><\/em><\/p>\n<p>&nbsp;<\/p>\n<p><strong>HUOM!<\/strong><br \/>\nLiput varataan ostajan nimell\u00e4. Saapuessasi ilmoitathan nimesi ovella.<\/p>\n","protected":false},"featured_media":9288,"template":"","meta":{"site-sidebar-layout":"default","site-content-layout":"","ast-site-content-layout":"default","site-content-style":"default","site-sidebar-style":"default","ast-global-header-display":"","ast-banner-title-visibility":"","ast-main-header-display":"","ast-hfb-above-header-display":"","ast-hfb-below-header-display":"","ast-hfb-mobile-header-display":"","site-post-title":"","ast-breadcrumbs-content":"","ast-featured-img":"","footer-sml-layout":"","ast-disable-related-posts":"","theme-transparent-header-meta":"default","adv-header-id-meta":"","stick-header-meta":"","header-above-stick-meta":"","header-main-stick-meta":"","header-below-stick-meta":"","astra-migrate-meta-layouts":"set","ast-page-background-enabled":"default","ast-page-background-meta":{"desktop":{"background-color":"","background-image":"","background-repeat":"repeat","background-position":"center center","background-size":"auto","background-attachment":"scroll","background-type":"","background-media":"","overlay-type":"","overlay-color":"","overlay-opacity":"","overlay-gradient":""},"tablet":{"background-color":"","background-image":"","background-repeat":"repeat","background-position":"center center","background-size":"auto","background-attachment":"scroll","background-type":"","background-media":"","overlay-type":"","overlay-color":"","overlay-opacity":"","overlay-gradient":""},"mobile":{"background-color":"","background-image":"","background-repeat":"repeat","background-position":"center center","background-size":"auto","background-attachment":"scroll","background-type":"","background-media":"","overlay-type":"","overlay-color":"","overlay-opacity":"","overlay-gradient":""}},"ast-content-background-meta":{"desktop":{"background-color":"var(--ast-global-color-5)","background-image":"","background-repeat":"repeat","background-position":"center center","background-size":"auto","background-attachment":"scroll","background-type":"","background-media":"","overlay-type":"","overlay-color":"","overlay-opacity":"","overlay-gradient":""},"tablet":{"background-color":"var(--ast-global-color-5)","background-image":"","background-repeat":"repeat","background-position":"center center","background-size":"auto","background-attachment":"scroll","background-type":"","background-media":"","overlay-type":"","overlay-color":"","overlay-opacity":"","overlay-gradient":""},"mobile":{"background-color":"var(--ast-global-color-5)","background-image":"","background-repeat":"repeat","background-position":"center center","background-size":"auto","background-attachment":"scroll","background-type":"","background-media":"","overlay-type":"","overlay-color":"","overlay-opacity":"","overlay-gradient":""}}},"product_brand":[],"product_cat":[35,202],"product_tag":[149,221,222],"class_list":{"0":"post-7428","1":"product","2":"type-product","3":"status-publish","4":"has-post-thumbnail","6":"product_cat-juhannuskonferenssi","7":"product_cat-paasyliput","8":"product_tag-juhannuskonferenssi","9":"product_tag-juhlaillallinen","10":"product_tag-yrittaja","11":"desktop-align-left","12":"tablet-align-left","13":"mobile-align-left","14":"ast-product-gallery-layout-vertical","15":"ast-product-tabs-layout-horizontal","16":"ast-qv-on-image","17":"wcpa_has_options","19":"first","20":"instock","21":"virtual","22":"purchasable","23":"product-type-simple"},"_links":{"self":[{"href":"https:\/\/kauppa.isokirja.fi\/en\/wp-json\/wp\/v2\/product\/7428","targetHints":{"allow":["GET"]}}],"collection":[{"href":"https:\/\/kauppa.isokirja.fi\/en\/wp-json\/wp\/v2\/product"}],"about":[{"href":"https:\/\/kauppa.isokirja.fi\/en\/wp-json\/wp\/v2\/types\/product"}],"wp:featuredmedia":[{"embeddable":true,"href":"https:\/\/kauppa.isokirja.fi\/en\/wp-json\/wp\/v2\/media\/9288"}],"wp:attachment":[{"href":"https:\/\/kauppa.isokirja.fi\/en\/wp-json\/wp\/v2\/media?parent=7428"}],"wp:term":[{"taxonomy":"product_brand","embeddable":true,"href":"https:\/\/kauppa.isokirja.fi\/en\/wp-json\/wp\/v2\/product_brand?post=7428"},{"taxonomy":"product_cat","embeddable":true,"href":"https:\/\/kauppa.isokirja.fi\/en\/wp-json\/wp\/v2\/product_cat?post=7428"},{"taxonomy":"product_tag","embeddable":true,"href":"https:\/\/kauppa.isokirja.fi\/en\/wp-json\/wp\/v2\/product_tag?post=7428"}],"curies":[{"name":"wp","href":"https:\/\/api.w.org\/{rel}","templated":true}]}}