{"id":7436,"date":"2025-03-24T15:05:08","date_gmt":"2025-03-24T13:05:08","guid":{"rendered":"https:\/\/kauppa.isokirja.fi\/?post_type=product&#038;p=7436"},"modified":"2025-06-20T18:43:24","modified_gmt":"2025-06-20T15:43:24","slug":"pastoreiden-ja-vanhimpien-juhannusillallinen","status":"publish","type":"product","link":"https:\/\/kauppa.isokirja.fi\/en\/tuote\/pastoreiden-ja-vanhimpien-juhannusillallinen\/","title":{"rendered":"Pastoreiden ja vanhimpien juhannusillallinen"},"content":{"rendered":"<p style=\"font-weight: 400;\"><strong>Pastoreiden ja vanhimpien juhannusillallinen<br \/>\n<\/strong><strong>Isossa Padassa pe 20.6. klo 21<\/strong><\/p>\n<p style=\"font-weight: 400;\"><strong>Juhannuskonferenssin 80-vuotisjuhlavuoden merkeiss\u00e4 kutsumme seurakuntien vastuunkantajat yhteiselle illalliselle Iso Pata -ravintolaan perjantain Missioillan j\u00e4lkeen klo 21.00.<\/strong><\/p>\n<p style=\"font-weight: 400;\">Konferenssitoimikunnan kirjaama n\u00e4ky konferenssin merkityksest\u00e4 on ollut jo vuosia:<br \/>\n<em>\u201dHelluntaiseurakuntien Juhannuskonferenssi yhdist\u00e4\u00e4 eri-ik\u00e4isi\u00e4 ihmisi\u00e4 ja innostaa seurakuntia toteuttamaan Kristuksen l\u00e4hetysteht\u00e4v\u00e4\u00e4 omalla paikkakunnallaan.\u201d<br \/>\n<\/em>Iloitsemme, ett\u00e4 vuoden 2025 teema \u201dT\u00e4ss\u00e4 olen, l\u00e4het\u00e4 minut\u201d on osaltaan vahvasti edist\u00e4m\u00e4ss\u00e4 t\u00e4t\u00e4 n\u00e4ky\u00e4.<\/p>\n<p style=\"font-weight: 400;\">Juhannusillallisella kuulemme tuoreita terveisi\u00e4 her\u00e4tysliikkeen el\u00e4m\u00e4nsykkeest\u00e4 ja uusia kuulumisia my\u00f6s opiston m\u00e4ell\u00e4, jossa saadaan iloita jo 30 vuotta kest\u00e4neest\u00e4 kansanopistotoiminnasta.<\/p>\n<p style=\"font-weight: 400;\">Juhlapuheen pit\u00e4\u00e4 perjantaip\u00e4iv\u00e4n vierailijamme\u00a0<strong>Pelle H\u00f6rnmark<\/strong>\u00a0Ruotsista. Vahvana l\u00e4hetysvaikuttajana Pelle on Ruotsin Helluntaikirkon puheenjohtaja, joka toimi pitk\u00e4\u00e4n my\u00f6s Euroopan Helluntaiyhteis\u00f6n (PEF) puheenjohtajana. H\u00e4n osallistuu mielell\u00e4\u00e4n ensimm\u00e4ist\u00e4 kertaa Juhannuskonferenssiin.<\/p>\n<p style=\"font-weight: 400;\"><strong>Hinta:<\/strong> 23 \u20ac\/hl\u00f6<\/p>\n<p style=\"font-weight: 400;\"><strong>Menu:<br \/>\n<\/strong><em><span style=\"font-weight: 400;\">broileria sitruuna-timjamikastikkeessa<br \/>\n<\/span><span style=\"font-weight: 400;\">tilli-voiperunat<br \/>\n<\/span><span style=\"font-weight: 400;\">riisi<\/span><\/em><\/p>\n<p><em><span style=\"font-weight: 400;\">kes\u00e4inen runsas salaattip\u00f6yt\u00e4<\/span><\/em><\/p>\n<p><em><span style=\"font-weight: 400;\">leiv\u00e4t, levitteet<br \/>\nkotikalja, maito, vesi<\/span><\/em><\/p>\n<p><em><span style=\"font-weight: 400;\">kahvi, tee<br \/>\n<\/span><span style=\"font-weight: 400;\">mansikkaleivos<\/span><\/em><\/p>\n<p style=\"font-weight: 400;\"><strong>HUOM!<\/strong><br \/>\nTilaa rajatusti, joten liput kannattaa lunastaa ajoissa! (My\u00f6s avecit ovat halutessaan tervetulleita.)<br \/>\nLiput varataan ostajan nimell\u00e4. Saapuessasi ilmoitathan nimesi ovella.<\/p>\n","protected":false},"excerpt":{"rendered":"<p style=\"font-weight: 400;\"><strong>Pastoreiden ja vanhimpien juhannusillallinen<br \/>\n<\/strong><strong>Isossa Padassa pe 20.6. klo 21<\/strong><\/p>\n<p style=\"font-weight: 400;\"><strong>Juhannuskonferenssin 80-vuotisjuhlavuoden merkeiss\u00e4 kutsumme seurakuntien vastuunkantajat yhteiselle illalliselle Iso Pata -ravintolaan perjantain Missioillan j\u00e4lkeen klo 21.00.<\/strong><\/p>\n<p style=\"font-weight: 400;\"><strong>Hinta:<\/strong> 23 \u20ac\/hl\u00f6<\/p>\n<p style=\"font-weight: 400;\"><strong>Menu:<br \/>\n<\/strong><em><span style=\"font-weight: 400;\">broileria sitruuna-timjamikastikkeessa<br \/>\n<\/span><span style=\"font-weight: 400;\">tilli-voiperunat<br \/>\n<\/span><span style=\"font-weight: 400;\">riisi<\/span><\/em><\/p>\n<p><em><span style=\"font-weight: 400;\">kes\u00e4inen runsas salaattip\u00f6yt\u00e4<\/span><\/em><\/p>\n<p><em><span style=\"font-weight: 400;\">leiv\u00e4t, levitteet<br \/>\nkotikalja, maito, vesi<\/span><\/em><\/p>\n<p><em><span style=\"font-weight: 400;\">kahvi, tee<br \/>\n<\/span><span style=\"font-weight: 400;\">mansikkaleivos<\/span><\/em><\/p>\n<p style=\"font-weight: 400;\"><strong>HUOM!<\/strong><br \/>\nTilaa rajatusti, joten liput kannattaa lunastaa ajoissa! (My\u00f6s avecit ovat halutessaan tervetulleita.)<br \/>\nLiput varataan ostajan nimell\u00e4. Saapuessasi ilmoitathan nimesi ovella.<\/p>\n","protected":false},"featured_media":7437,"template":"","meta":{"site-sidebar-layout":"default","site-content-layout":"","ast-site-content-layout":"default","site-content-style":"default","site-sidebar-style":"default","ast-global-header-display":"","ast-banner-title-visibility":"","ast-main-header-display":"","ast-hfb-above-header-display":"","ast-hfb-below-header-display":"","ast-hfb-mobile-header-display":"","site-post-title":"","ast-breadcrumbs-content":"","ast-featured-img":"","footer-sml-layout":"","ast-disable-related-posts":"","theme-transparent-header-meta":"default","adv-header-id-meta":"","stick-header-meta":"","header-above-stick-meta":"","header-main-stick-meta":"","header-below-stick-meta":"","astra-migrate-meta-layouts":"set","ast-page-background-enabled":"default","ast-page-background-meta":{"desktop":{"background-color":"","background-image":"","background-repeat":"repeat","background-position":"center center","background-size":"auto","background-attachment":"scroll","background-type":"","background-media":"","overlay-type":"","overlay-color":"","overlay-opacity":"","overlay-gradient":""},"tablet":{"background-color":"","background-image":"","background-repeat":"repeat","background-position":"center center","background-size":"auto","background-attachment":"scroll","background-type":"","background-media":"","overlay-type":"","overlay-color":"","overlay-opacity":"","overlay-gradient":""},"mobile":{"background-color":"","background-image":"","background-repeat":"repeat","background-position":"center center","background-size":"auto","background-attachment":"scroll","background-type":"","background-media":"","overlay-type":"","overlay-color":"","overlay-opacity":"","overlay-gradient":""}},"ast-content-background-meta":{"desktop":{"background-color":"var(--ast-global-color-5)","background-image":"","background-repeat":"repeat","background-position":"center center","background-size":"auto","background-attachment":"scroll","background-type":"","background-media":"","overlay-type":"","overlay-color":"","overlay-opacity":"","overlay-gradient":""},"tablet":{"background-color":"var(--ast-global-color-5)","background-image":"","background-repeat":"repeat","background-position":"center center","background-size":"auto","background-attachment":"scroll","background-type":"","background-media":"","overlay-type":"","overlay-color":"","overlay-opacity":"","overlay-gradient":""},"mobile":{"background-color":"var(--ast-global-color-5)","background-image":"","background-repeat":"repeat","background-position":"center center","background-size":"auto","background-attachment":"scroll","background-type":"","background-media":"","overlay-type":"","overlay-color":"","overlay-opacity":"","overlay-gradient":""}}},"product_brand":[],"product_cat":[35,202],"product_tag":[203,149],"class_list":{"0":"post-7436","1":"product","2":"type-product","3":"status-publish","4":"has-post-thumbnail","6":"product_cat-juhannuskonferenssi","7":"product_cat-paasyliput","8":"product_tag-illallinen","9":"product_tag-juhannuskonferenssi","10":"desktop-align-left","11":"tablet-align-left","12":"mobile-align-left","13":"ast-product-gallery-layout-vertical","14":"ast-product-tabs-layout-horizontal","15":"ast-qv-on-image","16":"wcpa_has_options","18":"first","19":"instock","20":"virtual","21":"purchasable","22":"product-type-simple"},"_links":{"self":[{"href":"https:\/\/kauppa.isokirja.fi\/en\/wp-json\/wp\/v2\/product\/7436","targetHints":{"allow":["GET"]}}],"collection":[{"href":"https:\/\/kauppa.isokirja.fi\/en\/wp-json\/wp\/v2\/product"}],"about":[{"href":"https:\/\/kauppa.isokirja.fi\/en\/wp-json\/wp\/v2\/types\/product"}],"wp:featuredmedia":[{"embeddable":true,"href":"https:\/\/kauppa.isokirja.fi\/en\/wp-json\/wp\/v2\/media\/7437"}],"wp:attachment":[{"href":"https:\/\/kauppa.isokirja.fi\/en\/wp-json\/wp\/v2\/media?parent=7436"}],"wp:term":[{"taxonomy":"product_brand","embeddable":true,"href":"https:\/\/kauppa.isokirja.fi\/en\/wp-json\/wp\/v2\/product_brand?post=7436"},{"taxonomy":"product_cat","embeddable":true,"href":"https:\/\/kauppa.isokirja.fi\/en\/wp-json\/wp\/v2\/product_cat?post=7436"},{"taxonomy":"product_tag","embeddable":true,"href":"https:\/\/kauppa.isokirja.fi\/en\/wp-json\/wp\/v2\/product_tag?post=7436"}],"curies":[{"name":"wp","href":"https:\/\/api.w.org\/{rel}","templated":true}]}}