{"id":9238,"date":"2026-04-16T14:49:52","date_gmt":"2026-04-16T11:49:52","guid":{"rendered":"https:\/\/kauppa.isokirja.fi\/?post_type=product&#038;p=9238"},"modified":"2026-04-17T09:18:32","modified_gmt":"2026-04-17T06:18:32","slug":"immanuel-aikuisten-konserttilippu","status":"publish","type":"product","link":"https:\/\/kauppa.isokirja.fi\/en\/tuote\/immanuel-aikuisten-konserttilippu\/","title":{"rendered":"Immanuel \/\/ AIKUISTEN konserttilippu"},"content":{"rendered":"<p class=\"\"><strong>Immanuelin levynjulkkarikeikka | Juhannuskonferenssi 2026<br \/>\nla 20.6.2026<br \/>\n<em>klo 16.00-17.30<\/em><br \/>\n<\/strong><\/p>\n<p style=\"font-weight: 400;\">Juhannuskonferenssissa yleis\u00f6 p\u00e4\u00e4see kuulemaan tuoretta materiaalia ensimm\u00e4isten joukossa liven\u00e4 t\u00e4ydell\u00e4 intensiteetill\u00e4. Luvassa on keikka, jossa musiikki, yhteys yleis\u00f6\u00f6n ja hengellinen sanoma kulkevat vahvasti rinnakkain. Immanuelin levynjulkkarikeikka kutsuu mukaan ylist\u00e4m\u00e4\u00e4n, pys\u00e4htym\u00e4\u00e4n sanoman \u00e4\u00e4relle ja kokemaan, miten usko voi tulla n\u00e4kyv\u00e4ksi ja kuuluvaksi osaksi jokaisen el\u00e4m\u00e4\u00e4.<\/p>\n<p class=\"\"><strong>HINNAT:<\/strong><em><strong><br \/>\n<\/strong>Aikuiset 18 \u20ac<br \/>\nAlle 18-vuotiaat 15 \u20ac<br \/>\n<\/em><\/p>\n<p style=\"font-weight: 400;\"><em>Huoltajan\/ huoltajien lis\u00e4ksi enint\u00e4\u00e4n kahdesta (2) alle 18v nuoresta veloitetaan.<\/em><\/p>\n<p>&nbsp;<\/p>\n<p><strong>HUOM!<\/strong><\/p>\n<ul>\n<li>Verkkokaupasta lippunsa ostaneet p\u00e4\u00e4sev\u00e4t ensimm\u00e4isen\u00e4 sis\u00e4\u00e4n omasta sis\u00e4\u00e4nk\u00e4ynnist\u00e4 (varmistaen paikan etuteltasta).<\/li>\n<li>Lippuna toimivan konserttirannekkeen voi noutaa ostajan nime\u00e4 vastaan ennen konsertin alkua Ison Kirjan torilta. (Sinivalkoinen teltta Juhlateltan edess\u00e4 p\u00e4\u00e4kadun varressa.)<\/li>\n<li>Lipunmyynti p\u00e4\u00e4ttyy verkkokaupassa ke 17.6. klo 21.<\/li>\n<\/ul>\n","protected":false},"excerpt":{"rendered":"<p class=\"\"><strong>Immanuelin levynjulkkarikeikka | Juhannuskonferenssi 2026<br \/>\nla 20.6.2026<br \/>\n<em>klo 16.00-17.30<\/em><br \/>\n<\/strong><\/p>\n<p style=\"font-weight: 400;\">Juhannuskonferenssissa yleis\u00f6 p\u00e4\u00e4see kuulemaan tuoretta materiaalia ensimm\u00e4isten joukossa liven\u00e4 t\u00e4ydell\u00e4 intensiteetill\u00e4. Luvassa on keikka, jossa musiikki, yhteys yleis\u00f6\u00f6n ja hengellinen sanoma kulkevat vahvasti rinnakkain. Immanuelin levynjulkkarikeikka kutsuu mukaan ylist\u00e4m\u00e4\u00e4n, pys\u00e4htym\u00e4\u00e4n sanoman \u00e4\u00e4relle ja kokemaan, miten usko voi tulla n\u00e4kyv\u00e4ksi ja kuuluvaksi osaksi jokaisen el\u00e4m\u00e4\u00e4.<\/p>\n<p class=\"\"><strong>HINNAT:<\/strong><em><strong><br \/>\n<\/strong>Aikuiset 18 \u20ac<br \/>\nAlle 18-vuotiaat 15 \u20ac<br \/>\n<\/em><\/p>\n<p style=\"font-weight: 400;\"><em>Huoltajan\/ huoltajien lis\u00e4ksi enint\u00e4\u00e4n kahdesta (2) alle 18v nuoresta veloitetaan.<\/em><\/p>\n<p>&nbsp;<\/p>\n<p><strong>HUOM!<\/strong><\/p>\n<ul>\n<li>Verkkokaupasta lippunsa ostaneet p\u00e4\u00e4sev\u00e4t ensimm\u00e4isen\u00e4 sis\u00e4\u00e4n omasta sis\u00e4\u00e4nk\u00e4ynnist\u00e4 (varmistaen paikan etuteltasta).<\/li>\n<li>Lippuna toimivan konserttirannekkeen voi noutaa ostajan nime\u00e4 vastaan ennen konsertin alkua Ison Kirjan torilta. (Sinivalkoinen teltta Juhlateltan edess\u00e4 p\u00e4\u00e4kadun varressa.)<\/li>\n<li>Lipunmyynti p\u00e4\u00e4ttyy verkkokaupassa ke 17.6. klo 21.<\/li>\n<\/ul>\n","protected":false},"featured_media":9241,"template":"","meta":{"site-sidebar-layout":"default","site-content-layout":"","ast-site-content-layout":"default","site-content-style":"default","site-sidebar-style":"default","ast-global-header-display":"","ast-banner-title-visibility":"","ast-main-header-display":"","ast-hfb-above-header-display":"","ast-hfb-below-header-display":"","ast-hfb-mobile-header-display":"","site-post-title":"","ast-breadcrumbs-content":"","ast-featured-img":"","footer-sml-layout":"","ast-disable-related-posts":"","theme-transparent-header-meta":"default","adv-header-id-meta":"","stick-header-meta":"","header-above-stick-meta":"","header-main-stick-meta":"","header-below-stick-meta":"","astra-migrate-meta-layouts":"set","ast-page-background-enabled":"default","ast-page-background-meta":{"desktop":{"background-color":"","background-image":"","background-repeat":"repeat","background-position":"center center","background-size":"auto","background-attachment":"scroll","background-type":"","background-media":"","overlay-type":"","overlay-color":"","overlay-opacity":"","overlay-gradient":""},"tablet":{"background-color":"","background-image":"","background-repeat":"repeat","background-position":"center center","background-size":"auto","background-attachment":"scroll","background-type":"","background-media":"","overlay-type":"","overlay-color":"","overlay-opacity":"","overlay-gradient":""},"mobile":{"background-color":"","background-image":"","background-repeat":"repeat","background-position":"center center","background-size":"auto","background-attachment":"scroll","background-type":"","background-media":"","overlay-type":"","overlay-color":"","overlay-opacity":"","overlay-gradient":""}},"ast-content-background-meta":{"desktop":{"background-color":"var(--ast-global-color-5)","background-image":"","background-repeat":"repeat","background-position":"center center","background-size":"auto","background-attachment":"scroll","background-type":"","background-media":"","overlay-type":"","overlay-color":"","overlay-opacity":"","overlay-gradient":""},"tablet":{"background-color":"var(--ast-global-color-5)","background-image":"","background-repeat":"repeat","background-position":"center center","background-size":"auto","background-attachment":"scroll","background-type":"","background-media":"","overlay-type":"","overlay-color":"","overlay-opacity":"","overlay-gradient":""},"mobile":{"background-color":"var(--ast-global-color-5)","background-image":"","background-repeat":"repeat","background-position":"center center","background-size":"auto","background-attachment":"scroll","background-type":"","background-media":"","overlay-type":"","overlay-color":"","overlay-opacity":"","overlay-gradient":""}}},"product_brand":[],"product_cat":[35,152],"product_tag":[237,149,122],"class_list":{"0":"post-9238","1":"product","2":"type-product","3":"status-publish","4":"has-post-thumbnail","6":"product_cat-juhannuskonferenssi","7":"product_cat-konserttiliput","8":"product_tag-immanuel","9":"product_tag-juhannuskonferenssi","10":"product_tag-konsertti","11":"desktop-align-left","12":"tablet-align-left","13":"mobile-align-left","14":"ast-product-gallery-layout-vertical","15":"ast-product-gallery-with-no-image","16":"ast-product-tabs-layout-horizontal","17":"ast-qv-on-image","19":"first","20":"instock","21":"virtual","22":"purchasable","23":"product-type-simple"},"_links":{"self":[{"href":"https:\/\/kauppa.isokirja.fi\/en\/wp-json\/wp\/v2\/product\/9238","targetHints":{"allow":["GET"]}}],"collection":[{"href":"https:\/\/kauppa.isokirja.fi\/en\/wp-json\/wp\/v2\/product"}],"about":[{"href":"https:\/\/kauppa.isokirja.fi\/en\/wp-json\/wp\/v2\/types\/product"}],"wp:featuredmedia":[{"embeddable":true,"href":"https:\/\/kauppa.isokirja.fi\/en\/wp-json\/wp\/v2\/media\/9241"}],"wp:attachment":[{"href":"https:\/\/kauppa.isokirja.fi\/en\/wp-json\/wp\/v2\/media?parent=9238"}],"wp:term":[{"taxonomy":"product_brand","embeddable":true,"href":"https:\/\/kauppa.isokirja.fi\/en\/wp-json\/wp\/v2\/product_brand?post=9238"},{"taxonomy":"product_cat","embeddable":true,"href":"https:\/\/kauppa.isokirja.fi\/en\/wp-json\/wp\/v2\/product_cat?post=9238"},{"taxonomy":"product_tag","embeddable":true,"href":"https:\/\/kauppa.isokirja.fi\/en\/wp-json\/wp\/v2\/product_tag?post=9238"}],"curies":[{"name":"wp","href":"https:\/\/api.w.org\/{rel}","templated":true}]}}